{"id":476,"date":"2025-05-07T15:13:48","date_gmt":"2025-05-07T12:13:48","guid":{"rendered":"https:\/\/www.dxnwellness.eu\/it\/es\/product\/dxn-kallow-divine-men-aloe-chamomile-calming-after-shave\/"},"modified":"2025-05-23T06:32:16","modified_gmt":"2025-05-23T03:32:16","slug":"dxn-kallow-divine-men-aloe-chamomile-calming-after-shave","status":"publish","type":"product","link":"https:\/\/www.dxnwellness.eu\/uk\/es\/product\/dxn-kallow-divine-men-aloe-chamomile-calming-after-shave\/","title":{"rendered":"DXN Kallow \u2013 Divine Men Aloe &amp; Chamomile Calming After Shave"},"content":{"rendered":"<p>B\u00e1lsamo que proporciona frescura e hidrataci\u00f3n inmediatas a la piel. Su textura fluida y ligera se absorbe r\u00e1pidamente, calmando la irritaci\u00f3n y cuidando la piel despu\u00e9s del afeitado, dej\u00e1ndola suave y con un sutil aroma. Textura no grasa.<\/p>\n","protected":false},"excerpt":{"rendered":"<p>B\u00e1lsamo que proporciona frescura e hidrataci\u00f3n inmediatas a la piel. Su textura fluida y ligera se absorbe r\u00e1pidamente, calmando la irritaci\u00f3n y cuidando la piel despu\u00e9s del afeitado, dej\u00e1ndola suave y con un sutil aroma. Textura no grasa.<\/p>\n","protected":false},"featured_media":584,"comment_status":"open","ping_status":"open","template":"","meta":{"_acf_changed":false},"product_brand":[],"product_cat":[78],"product_tag":[],"class_list":{"0":"post-476","1":"product","2":"type-product","3":"status-publish","4":"has-post-thumbnail","6":"product_cat-cosmeticos-kallow","7":"pa_package-100-ml","9":"first","10":"instock","11":"purchasable","12":"product-type-simple"},"acf":[],"_links":{"self":[{"href":"https:\/\/www.dxnwellness.eu\/uk\/es\/wp-json\/wp\/v2\/product\/476","targetHints":{"allow":["GET"]}}],"collection":[{"href":"https:\/\/www.dxnwellness.eu\/uk\/es\/wp-json\/wp\/v2\/product"}],"about":[{"href":"https:\/\/www.dxnwellness.eu\/uk\/es\/wp-json\/wp\/v2\/types\/product"}],"replies":[{"embeddable":true,"href":"https:\/\/www.dxnwellness.eu\/uk\/es\/wp-json\/wp\/v2\/comments?post=476"}],"wp:featuredmedia":[{"embeddable":true,"href":"https:\/\/www.dxnwellness.eu\/uk\/es\/wp-json\/wp\/v2\/media\/584"}],"wp:attachment":[{"href":"https:\/\/www.dxnwellness.eu\/uk\/es\/wp-json\/wp\/v2\/media?parent=476"}],"wp:term":[{"taxonomy":"product_brand","embeddable":true,"href":"https:\/\/www.dxnwellness.eu\/uk\/es\/wp-json\/wp\/v2\/product_brand?post=476"},{"taxonomy":"product_cat","embeddable":true,"href":"https:\/\/www.dxnwellness.eu\/uk\/es\/wp-json\/wp\/v2\/product_cat?post=476"},{"taxonomy":"product_tag","embeddable":true,"href":"https:\/\/www.dxnwellness.eu\/uk\/es\/wp-json\/wp\/v2\/product_tag?post=476"}],"curies":[{"name":"wp","href":"https:\/\/api.w.org\/{rel}","templated":true}]}}