{"id":471,"date":"2025-05-07T15:13:48","date_gmt":"2025-05-07T12:13:48","guid":{"rendered":"https:\/\/www.dxnwellness.eu\/it\/es\/product\/dxn-kallow-moisturizing-lip-balm\/"},"modified":"2025-05-23T06:32:16","modified_gmt":"2025-05-23T03:32:16","slug":"dxn-kallow-moisturizing-lip-balm","status":"publish","type":"product","link":"https:\/\/www.dxnwellness.eu\/uk\/es\/product\/dxn-kallow-moisturizing-lip-balm\/","title":{"rendered":"DXN Kallow \u2013 Moisturizing Lip Balm"},"content":{"rendered":"<p>B\u00e1lsamo labial con manteca de cacao y karit\u00e9 para una hidrataci\u00f3n intensa y un alivio inmediato. Consigue unos labios incre\u00edblemente suaves e hidratados al instante.<\/p>\n","protected":false},"excerpt":{"rendered":"<p>B\u00e1lsamo labial con manteca de cacao y karit\u00e9 para una hidrataci\u00f3n intensa y un alivio inmediato. Consigue unos labios incre\u00edblemente suaves e hidratados al instante.<\/p>\n","protected":false},"featured_media":579,"comment_status":"open","ping_status":"open","template":"","meta":{"_acf_changed":false},"product_brand":[],"product_cat":[78],"product_tag":[],"class_list":{"0":"post-471","1":"product","2":"type-product","3":"status-publish","4":"has-post-thumbnail","6":"product_cat-cosmeticos-kallow","7":"pa_package-7-ml","9":"first","10":"instock","11":"purchasable","12":"product-type-simple"},"acf":[],"_links":{"self":[{"href":"https:\/\/www.dxnwellness.eu\/uk\/es\/wp-json\/wp\/v2\/product\/471","targetHints":{"allow":["GET"]}}],"collection":[{"href":"https:\/\/www.dxnwellness.eu\/uk\/es\/wp-json\/wp\/v2\/product"}],"about":[{"href":"https:\/\/www.dxnwellness.eu\/uk\/es\/wp-json\/wp\/v2\/types\/product"}],"replies":[{"embeddable":true,"href":"https:\/\/www.dxnwellness.eu\/uk\/es\/wp-json\/wp\/v2\/comments?post=471"}],"wp:featuredmedia":[{"embeddable":true,"href":"https:\/\/www.dxnwellness.eu\/uk\/es\/wp-json\/wp\/v2\/media\/579"}],"wp:attachment":[{"href":"https:\/\/www.dxnwellness.eu\/uk\/es\/wp-json\/wp\/v2\/media?parent=471"}],"wp:term":[{"taxonomy":"product_brand","embeddable":true,"href":"https:\/\/www.dxnwellness.eu\/uk\/es\/wp-json\/wp\/v2\/product_brand?post=471"},{"taxonomy":"product_cat","embeddable":true,"href":"https:\/\/www.dxnwellness.eu\/uk\/es\/wp-json\/wp\/v2\/product_cat?post=471"},{"taxonomy":"product_tag","embeddable":true,"href":"https:\/\/www.dxnwellness.eu\/uk\/es\/wp-json\/wp\/v2\/product_tag?post=471"}],"curies":[{"name":"wp","href":"https:\/\/api.w.org\/{rel}","templated":true}]}}