{"id":469,"date":"2025-05-07T15:13:48","date_gmt":"2025-05-07T12:13:48","guid":{"rendered":"https:\/\/www.dxnwellness.eu\/it\/es\/product\/dxn-kallow-luxury-aromatic-shower-gel\/"},"modified":"2025-05-23T06:32:16","modified_gmt":"2025-05-23T03:32:16","slug":"dxn-kallow-luxury-aromatic-shower-gel","status":"publish","type":"product","link":"https:\/\/www.dxnwellness.eu\/uk\/es\/product\/dxn-kallow-luxury-aromatic-shower-gel\/","title":{"rendered":"DXN Kallow \u2013 Luxury Aromatic Shower Gel"},"content":{"rendered":"<p>Lujoso gel de ducha hidratante arom\u00e1tico, enriquecido con \u00e1cido hialur\u00f3nico, aloe vera y aceite de oliva. Cuida y limpia delicadamente la piel, envolvi\u00e9ndola con un aroma floral intenso y apasionado, lujoso y seductor, ideal para la mujer moderna que no quiere pasar desapercibida.<\/p>\n","protected":false},"excerpt":{"rendered":"<p>Lujoso gel de ducha hidratante arom\u00e1tico, enriquecido con \u00e1cido hialur\u00f3nico, aloe vera y aceite de oliva. Cuida y limpia delicadamente la piel, envolvi\u00e9ndola con un aroma floral intenso y apasionado, lujoso y seductor, ideal para la mujer moderna que no quiere pasar desapercibida.<\/p>\n","protected":false},"featured_media":577,"comment_status":"open","ping_status":"open","template":"","meta":{"_acf_changed":false},"product_brand":[],"product_cat":[78],"product_tag":[],"class_list":{"0":"post-469","1":"product","2":"type-product","3":"status-publish","4":"has-post-thumbnail","6":"product_cat-cosmeticos-kallow","7":"pa_package-250-ml","9":"first","10":"instock","11":"purchasable","12":"product-type-simple"},"acf":[],"_links":{"self":[{"href":"https:\/\/www.dxnwellness.eu\/uk\/es\/wp-json\/wp\/v2\/product\/469","targetHints":{"allow":["GET"]}}],"collection":[{"href":"https:\/\/www.dxnwellness.eu\/uk\/es\/wp-json\/wp\/v2\/product"}],"about":[{"href":"https:\/\/www.dxnwellness.eu\/uk\/es\/wp-json\/wp\/v2\/types\/product"}],"replies":[{"embeddable":true,"href":"https:\/\/www.dxnwellness.eu\/uk\/es\/wp-json\/wp\/v2\/comments?post=469"}],"wp:featuredmedia":[{"embeddable":true,"href":"https:\/\/www.dxnwellness.eu\/uk\/es\/wp-json\/wp\/v2\/media\/577"}],"wp:attachment":[{"href":"https:\/\/www.dxnwellness.eu\/uk\/es\/wp-json\/wp\/v2\/media?parent=469"}],"wp:term":[{"taxonomy":"product_brand","embeddable":true,"href":"https:\/\/www.dxnwellness.eu\/uk\/es\/wp-json\/wp\/v2\/product_brand?post=469"},{"taxonomy":"product_cat","embeddable":true,"href":"https:\/\/www.dxnwellness.eu\/uk\/es\/wp-json\/wp\/v2\/product_cat?post=469"},{"taxonomy":"product_tag","embeddable":true,"href":"https:\/\/www.dxnwellness.eu\/uk\/es\/wp-json\/wp\/v2\/product_tag?post=469"}],"curies":[{"name":"wp","href":"https:\/\/api.w.org\/{rel}","templated":true}]}}