{"id":466,"date":"2025-05-07T15:13:48","date_gmt":"2025-05-07T12:13:48","guid":{"rendered":"https:\/\/www.dxnwellness.eu\/it\/es\/product\/dxn-kallow-divine-touch-lifting-impact-face-cream\/"},"modified":"2025-05-23T06:32:16","modified_gmt":"2025-05-23T03:32:16","slug":"dxn-kallow-divine-touch-lifting-impact-face-cream","status":"publish","type":"product","link":"https:\/\/www.dxnwellness.eu\/uk\/es\/product\/dxn-kallow-divine-touch-lifting-impact-face-cream\/","title":{"rendered":"DXN Kallow \u2013 Divine Touch Lifting Impact Face Cream"},"content":{"rendered":"<p>La milagrosa crema lifting instant\u00e1nea &#8220;Divine Touch&#8221; de DXN hace maravillas. Restaura el contorno del rostro y garantiza una apariencia juvenil. Esta crema tiene un efecto lifting que hidrata y nutre profundamente la piel con una textura rica que reduce las arrugas y deja la piel m\u00e1s firme. Est\u00e1 enriquecida con p\u00e9ptidos, c\u00e9lulas madre de manzana verde, aceite de aguacate, aceite de albaricoque, aceite de arg\u00e1n y un complejo de vitaminas A, E, F y C con un potente efecto antioxidante que retrasa los signos del envejecimiento y ayuda a aumentar la producci\u00f3n de col\u00e1geno. Esta crema reafirmante tonifica el contorno del rostro, restaura el volumen y reduce la profundidad de las arrugas. Nutre intensamente la piel.<\/p>\n","protected":false},"excerpt":{"rendered":"<p>La milagrosa crema lifting instant\u00e1nea &#8220;Divine Touch&#8221; de DXN hace maravillas. Restaura el contorno del rostro y garantiza una apariencia juvenil. Esta crema tiene un efecto lifting que hidrata y nutre profundamente la piel con una textura rica que reduce las arrugas y deja la piel m\u00e1s firme. Est\u00e1 enriquecida con p\u00e9ptidos, c\u00e9lulas madre de [&hellip;]<\/p>\n","protected":false},"featured_media":570,"comment_status":"open","ping_status":"open","template":"","meta":{"_acf_changed":false},"product_brand":[],"product_cat":[78],"product_tag":[],"class_list":{"0":"post-466","1":"product","2":"type-product","3":"status-publish","4":"has-post-thumbnail","6":"product_cat-cosmeticos-kallow","7":"pa_package-50-ml","9":"first","10":"instock","11":"purchasable","12":"product-type-simple"},"acf":[],"_links":{"self":[{"href":"https:\/\/www.dxnwellness.eu\/uk\/es\/wp-json\/wp\/v2\/product\/466","targetHints":{"allow":["GET"]}}],"collection":[{"href":"https:\/\/www.dxnwellness.eu\/uk\/es\/wp-json\/wp\/v2\/product"}],"about":[{"href":"https:\/\/www.dxnwellness.eu\/uk\/es\/wp-json\/wp\/v2\/types\/product"}],"replies":[{"embeddable":true,"href":"https:\/\/www.dxnwellness.eu\/uk\/es\/wp-json\/wp\/v2\/comments?post=466"}],"wp:featuredmedia":[{"embeddable":true,"href":"https:\/\/www.dxnwellness.eu\/uk\/es\/wp-json\/wp\/v2\/media\/570"}],"wp:attachment":[{"href":"https:\/\/www.dxnwellness.eu\/uk\/es\/wp-json\/wp\/v2\/media?parent=466"}],"wp:term":[{"taxonomy":"product_brand","embeddable":true,"href":"https:\/\/www.dxnwellness.eu\/uk\/es\/wp-json\/wp\/v2\/product_brand?post=466"},{"taxonomy":"product_cat","embeddable":true,"href":"https:\/\/www.dxnwellness.eu\/uk\/es\/wp-json\/wp\/v2\/product_cat?post=466"},{"taxonomy":"product_tag","embeddable":true,"href":"https:\/\/www.dxnwellness.eu\/uk\/es\/wp-json\/wp\/v2\/product_tag?post=466"}],"curies":[{"name":"wp","href":"https:\/\/api.w.org\/{rel}","templated":true}]}}