{"id":449,"date":"2025-05-07T15:13:43","date_gmt":"2025-05-07T12:13:43","guid":{"rendered":"https:\/\/www.dxnwellness.eu\/it\/es\/product\/dxn-ganozhi-shampoo\/"},"modified":"2025-05-23T06:32:15","modified_gmt":"2025-05-23T03:32:15","slug":"dxn-ganozhi-shampoo","status":"publish","type":"product","link":"https:\/\/www.dxnwellness.eu\/uk\/es\/product\/dxn-ganozhi-shampoo\/","title":{"rendered":"DXN Ganozhi Shampoo"},"content":{"rendered":"<p>Revitaliza tu cabello con el champ\u00fa DXN Ganozhi, enriquecido con extracto de hongo Ganoderma lucidum y vitamina B5. Este champ\u00fa suave pero eficaz limpia el cabello y lo nutre desde la ra\u00edz, dej\u00e1ndolo con una sensaci\u00f3n de frescura, brillo y suavidad. Apto para todo tipo de cabello, ayuda a mantenerlo sano y bien acondicionado con cada lavado.<br \/>\nConsiente tu cabello con el cuidado nutritivo del champ\u00fa DXN Ganozhi y disfruta de un aspecto refrescante, suave y vibrante.<\/p>\n","protected":false},"excerpt":{"rendered":"<p>Revitaliza tu cabello con el champ\u00fa DXN Ganozhi, enriquecido con extracto de hongo Ganoderma lucidum y vitamina B5. Este champ\u00fa suave pero eficaz limpia el cabello y lo nutre desde la ra\u00edz, dej\u00e1ndolo con una sensaci\u00f3n de frescura, brillo y suavidad. Apto para todo tipo de cabello, ayuda a mantenerlo sano y bien acondicionado con [&hellip;]<\/p>\n","protected":false},"featured_media":543,"comment_status":"open","ping_status":"open","template":"","meta":{"_acf_changed":false},"product_brand":[],"product_cat":[70],"product_tag":[],"class_list":{"0":"post-449","1":"product","2":"type-product","3":"status-publish","4":"has-post-thumbnail","6":"product_cat-cuidado-personal","7":"pa_package-250-ml","9":"first","10":"instock","11":"purchasable","12":"product-type-simple"},"acf":[],"_links":{"self":[{"href":"https:\/\/www.dxnwellness.eu\/uk\/es\/wp-json\/wp\/v2\/product\/449","targetHints":{"allow":["GET"]}}],"collection":[{"href":"https:\/\/www.dxnwellness.eu\/uk\/es\/wp-json\/wp\/v2\/product"}],"about":[{"href":"https:\/\/www.dxnwellness.eu\/uk\/es\/wp-json\/wp\/v2\/types\/product"}],"replies":[{"embeddable":true,"href":"https:\/\/www.dxnwellness.eu\/uk\/es\/wp-json\/wp\/v2\/comments?post=449"}],"wp:featuredmedia":[{"embeddable":true,"href":"https:\/\/www.dxnwellness.eu\/uk\/es\/wp-json\/wp\/v2\/media\/543"}],"wp:attachment":[{"href":"https:\/\/www.dxnwellness.eu\/uk\/es\/wp-json\/wp\/v2\/media?parent=449"}],"wp:term":[{"taxonomy":"product_brand","embeddable":true,"href":"https:\/\/www.dxnwellness.eu\/uk\/es\/wp-json\/wp\/v2\/product_brand?post=449"},{"taxonomy":"product_cat","embeddable":true,"href":"https:\/\/www.dxnwellness.eu\/uk\/es\/wp-json\/wp\/v2\/product_cat?post=449"},{"taxonomy":"product_tag","embeddable":true,"href":"https:\/\/www.dxnwellness.eu\/uk\/es\/wp-json\/wp\/v2\/product_tag?post=449"}],"curies":[{"name":"wp","href":"https:\/\/api.w.org\/{rel}","templated":true}]}}