{"id":425,"date":"2025-05-07T15:13:39","date_gmt":"2025-05-07T12:13:39","guid":{"rendered":"https:\/\/www.dxnwellness.eu\/it\/es\/product\/dxn-ganocelium-gl\/"},"modified":"2025-05-23T06:32:17","modified_gmt":"2025-05-23T03:32:17","slug":"dxn-ganocelium-gl","status":"publish","type":"product","link":"https:\/\/www.dxnwellness.eu\/uk\/es\/product\/dxn-ganocelium-gl\/","title":{"rendered":"DXN Ganocelium (GL)"},"content":{"rendered":"<p>Experimente los beneficios naturales de DXN Ganocelium, elaborado a partir del micelio de hongos Ganoderma lucidum de 14 d\u00edas. Rico en polisac\u00e1ridos y \u00e1cidos grasos esenciales, este suplemento puede ser una excelente adici\u00f3n a su rutina diaria, favoreciendo su bienestar general y ayudando a promover el equilibrio natural de su cuerpo.<br \/>\n\u00a1Vea c\u00f3mo los nutrientes de la naturaleza pueden ayudarle en su camino hacia una mejor salud con DXN Ganocelium!<\/p>\n","protected":false},"excerpt":{"rendered":"<p>Experimente los beneficios naturales de DXN Ganocelium, elaborado a partir del micelio de hongos Ganoderma lucidum de 14 d\u00edas. Rico en polisac\u00e1ridos y \u00e1cidos grasos esenciales, este suplemento puede ser una excelente adici\u00f3n a su rutina diaria, favoreciendo su bienestar general y ayudando a promover el equilibrio natural de su cuerpo. \u00a1Vea c\u00f3mo los nutrientes [&hellip;]<\/p>\n","protected":false},"featured_media":519,"comment_status":"open","ping_status":"open","template":"","meta":{"_acf_changed":false},"product_brand":[],"product_cat":[57],"product_tag":[],"class_list":{"0":"post-425","1":"product","2":"type-product","3":"status-publish","4":"has-post-thumbnail","6":"product_cat-complementos-alimenticios","7":"pa_package-30-capsulas","8":"pa_package-30-gramos","9":"pa_package-360-capsulas","10":"pa_package-90-capsulas","12":"first","13":"instock","14":"purchasable","15":"product-type-variable"},"acf":[],"_links":{"self":[{"href":"https:\/\/www.dxnwellness.eu\/uk\/es\/wp-json\/wp\/v2\/product\/425","targetHints":{"allow":["GET"]}}],"collection":[{"href":"https:\/\/www.dxnwellness.eu\/uk\/es\/wp-json\/wp\/v2\/product"}],"about":[{"href":"https:\/\/www.dxnwellness.eu\/uk\/es\/wp-json\/wp\/v2\/types\/product"}],"replies":[{"embeddable":true,"href":"https:\/\/www.dxnwellness.eu\/uk\/es\/wp-json\/wp\/v2\/comments?post=425"}],"wp:featuredmedia":[{"embeddable":true,"href":"https:\/\/www.dxnwellness.eu\/uk\/es\/wp-json\/wp\/v2\/media\/519"}],"wp:attachment":[{"href":"https:\/\/www.dxnwellness.eu\/uk\/es\/wp-json\/wp\/v2\/media?parent=425"}],"wp:term":[{"taxonomy":"product_brand","embeddable":true,"href":"https:\/\/www.dxnwellness.eu\/uk\/es\/wp-json\/wp\/v2\/product_brand?post=425"},{"taxonomy":"product_cat","embeddable":true,"href":"https:\/\/www.dxnwellness.eu\/uk\/es\/wp-json\/wp\/v2\/product_cat?post=425"},{"taxonomy":"product_tag","embeddable":true,"href":"https:\/\/www.dxnwellness.eu\/uk\/es\/wp-json\/wp\/v2\/product_tag?post=425"}],"curies":[{"name":"wp","href":"https:\/\/api.w.org\/{rel}","templated":true}]}}