{"id":404,"date":"2025-05-07T15:13:34","date_gmt":"2025-05-07T12:13:34","guid":{"rendered":"https:\/\/www.dxnwellness.eu\/it\/es\/product\/dxn-lions-mane-oocha\/"},"modified":"2025-05-23T06:32:14","modified_gmt":"2025-05-23T03:32:14","slug":"dxn-lions-mane-oocha","status":"publish","type":"product","link":"https:\/\/www.dxnwellness.eu\/uk\/es\/product\/dxn-lions-mane-oocha\/","title":{"rendered":"DXN Lion&#8217;s Mane Oocha"},"content":{"rendered":"<p>Una refrescante fusi\u00f3n de t\u00e9 oolong y melena de le\u00f3n. DXN Lion&#8217;s Mane Oocha ofrece una armoniosa mezcla de t\u00e9 oolong, polvo de hongo melena de le\u00f3n (Hericium erinaceus), crema vegetal y az\u00facar, creando una experiencia de t\u00e9 verdaderamente \u00fanica. Con su aroma distintivo y sabor relajante, este t\u00e9 no tradicional proporciona un momento de descanso perfecto, permiti\u00e9ndote relajarte, recuperar energ\u00eda y refrescar tus sentidos. Disfruta de los efectos calmantes del t\u00e9 oolong combinados con los beneficios naturales de la melena de le\u00f3n, una bebida que mejora tu estado de \u00e1nimo y nutre tu bienestar. Disfruta y saborea la deliciosa combinaci\u00f3n de t\u00e9 oolong y melena de le\u00f3n en cada taza de DXN Lion&#8217;s Mane Oocha y siente el equilibrio perfecto entre sabor y bienestar.<br \/>\nFusi\u00f3n \u00danica de Sabores: El suave sabor del t\u00e9 Oolong combinado con polvo de hongo Melena de Le\u00f3n crea un t\u00e9 sabroso y refrescante que encantar\u00e1 a quienes buscan una bebida original pero a la vez relajante. Rel\u00e1jate y Recarga: Perfecto para desconectar y revitalizarte, este t\u00e9 te ayuda a relajarte mientras nutre tu cuerpo y mente con los beneficios de la Melena de Le\u00f3n. Una Experiencia Refrescante: Ideal para esos momentos en los que necesitas un respiro, el Oocha Melena de Le\u00f3n de DXN ofrece una experiencia rejuvenecedora con cada sorbo.<\/p>\n","protected":false},"excerpt":{"rendered":"<p>Una refrescante fusi\u00f3n de t\u00e9 oolong y melena de le\u00f3n. DXN Lion&#8217;s Mane Oocha ofrece una armoniosa mezcla de t\u00e9 oolong, polvo de hongo melena de le\u00f3n (Hericium erinaceus), crema vegetal y az\u00facar, creando una experiencia de t\u00e9 verdaderamente \u00fanica. Con su aroma distintivo y sabor relajante, este t\u00e9 no tradicional proporciona un momento de [&hellip;]<\/p>\n","protected":false},"featured_media":502,"comment_status":"open","ping_status":"open","template":"","meta":{"_acf_changed":false},"product_brand":[],"product_cat":[39],"product_tag":[],"class_list":{"0":"post-404","1":"product","2":"type-product","3":"status-publish","4":"has-post-thumbnail","6":"product_cat-te","7":"pa_package-12-sobres-x-30-g","9":"first","10":"instock","11":"purchasable","12":"product-type-simple"},"acf":[],"_links":{"self":[{"href":"https:\/\/www.dxnwellness.eu\/uk\/es\/wp-json\/wp\/v2\/product\/404","targetHints":{"allow":["GET"]}}],"collection":[{"href":"https:\/\/www.dxnwellness.eu\/uk\/es\/wp-json\/wp\/v2\/product"}],"about":[{"href":"https:\/\/www.dxnwellness.eu\/uk\/es\/wp-json\/wp\/v2\/types\/product"}],"replies":[{"embeddable":true,"href":"https:\/\/www.dxnwellness.eu\/uk\/es\/wp-json\/wp\/v2\/comments?post=404"}],"wp:featuredmedia":[{"embeddable":true,"href":"https:\/\/www.dxnwellness.eu\/uk\/es\/wp-json\/wp\/v2\/media\/502"}],"wp:attachment":[{"href":"https:\/\/www.dxnwellness.eu\/uk\/es\/wp-json\/wp\/v2\/media?parent=404"}],"wp:term":[{"taxonomy":"product_brand","embeddable":true,"href":"https:\/\/www.dxnwellness.eu\/uk\/es\/wp-json\/wp\/v2\/product_brand?post=404"},{"taxonomy":"product_cat","embeddable":true,"href":"https:\/\/www.dxnwellness.eu\/uk\/es\/wp-json\/wp\/v2\/product_cat?post=404"},{"taxonomy":"product_tag","embeddable":true,"href":"https:\/\/www.dxnwellness.eu\/uk\/es\/wp-json\/wp\/v2\/product_tag?post=404"}],"curies":[{"name":"wp","href":"https:\/\/api.w.org\/{rel}","templated":true}]}}