{"id":384,"date":"2025-05-07T15:13:29","date_gmt":"2025-05-07T12:13:29","guid":{"rendered":"https:\/\/www.dxnwellness.eu\/it\/es\/product\/dxn-nutrizhi\/"},"modified":"2025-05-23T06:32:13","modified_gmt":"2025-05-23T03:32:13","slug":"dxn-nutrizhi","status":"publish","type":"product","link":"https:\/\/www.dxnwellness.eu\/uk\/es\/product\/dxn-nutrizhi\/","title":{"rendered":"DXN Nutrizhi"},"content":{"rendered":"<p>DXN Nutrizhi es una bebida deliciosamente cremosa, especialmente dise\u00f1ada para quienes disfrutan de un dulce con un extra de nutrici\u00f3n. Elaborada con soja, enriquecida con extracto de cebada malteada e infusionada con polvo de hongo Ganoderma lucidum, esta bebida ofrece un sabor rico y suave que es a la vez satisfactorio y saludable. Satisface tus antojos dulces mientras nutres tu cuerpo con los beneficios de DXN Nutrizhi: \u00a1el equilibrio perfecto entre sabor y nutrici\u00f3n!<br \/>\nRico en nutrientes: Una excelente fuente de \u00e1cidos grasos esenciales Omega-3 y Omega-6, junto con prote\u00edna de leche para complementar tu nutrici\u00f3n diaria. Suave y cremoso: Disfruta del equilibrio perfecto entre dulzor y cremosidad en cada sorbo. Ingredientes integrales: Una mezcla de soya, malta y Ganoderma, cuidadosamente formulada para una experiencia de sabor deliciosa.<\/p>\n","protected":false},"excerpt":{"rendered":"<p>DXN Nutrizhi es una bebida deliciosamente cremosa, especialmente dise\u00f1ada para quienes disfrutan de un dulce con un extra de nutrici\u00f3n. Elaborada con soja, enriquecida con extracto de cebada malteada e infusionada con polvo de hongo Ganoderma lucidum, esta bebida ofrece un sabor rico y suave que es a la vez satisfactorio y saludable. Satisface tus [&hellip;]<\/p>\n","protected":false},"featured_media":486,"comment_status":"open","ping_status":"open","template":"","meta":{"_acf_changed":false},"product_brand":[],"product_cat":[24],"product_tag":[],"class_list":{"0":"post-384","1":"product","2":"type-product","3":"status-publish","4":"has-post-thumbnail","6":"product_cat-bebidas","7":"pa_package-20-sobres-x-30-g","9":"first","10":"instock","11":"purchasable","12":"product-type-simple"},"acf":[],"_links":{"self":[{"href":"https:\/\/www.dxnwellness.eu\/uk\/es\/wp-json\/wp\/v2\/product\/384","targetHints":{"allow":["GET"]}}],"collection":[{"href":"https:\/\/www.dxnwellness.eu\/uk\/es\/wp-json\/wp\/v2\/product"}],"about":[{"href":"https:\/\/www.dxnwellness.eu\/uk\/es\/wp-json\/wp\/v2\/types\/product"}],"replies":[{"embeddable":true,"href":"https:\/\/www.dxnwellness.eu\/uk\/es\/wp-json\/wp\/v2\/comments?post=384"}],"wp:featuredmedia":[{"embeddable":true,"href":"https:\/\/www.dxnwellness.eu\/uk\/es\/wp-json\/wp\/v2\/media\/486"}],"wp:attachment":[{"href":"https:\/\/www.dxnwellness.eu\/uk\/es\/wp-json\/wp\/v2\/media?parent=384"}],"wp:term":[{"taxonomy":"product_brand","embeddable":true,"href":"https:\/\/www.dxnwellness.eu\/uk\/es\/wp-json\/wp\/v2\/product_brand?post=384"},{"taxonomy":"product_cat","embeddable":true,"href":"https:\/\/www.dxnwellness.eu\/uk\/es\/wp-json\/wp\/v2\/product_cat?post=384"},{"taxonomy":"product_tag","embeddable":true,"href":"https:\/\/www.dxnwellness.eu\/uk\/es\/wp-json\/wp\/v2\/product_tag?post=384"}],"curies":[{"name":"wp","href":"https:\/\/api.w.org\/{rel}","templated":true}]}}