{"id":709,"date":"2025-03-27T18:06:11","date_gmt":"2025-03-27T15:06:11","guid":{"rendered":"https:\/\/www.dxnwellness.eu\/it\/es\/?page_id=709"},"modified":"2025-04-01T14:25:57","modified_gmt":"2025-04-01T11:25:57","slug":"privacy-policy","status":"publish","type":"page","link":"https:\/\/www.dxnwellness.eu\/uk\/es\/privacy-policy\/","title":{"rendered":"Condiciones de uso"},"content":{"rendered":"<h3>1. Exenci\u00f3n de responsabilidad del sitio web<\/h3>\n<p><strong>Informaci\u00f3n<\/strong><br \/>\nEl sitio web de DXN contiene informaci\u00f3n, datos, documentos, pol\u00edticas, procedimientos, instrucciones e im\u00e1genes (denominadas en adelante &#8220;Informaci\u00f3n&#8221;) que han sido creadas por DXN. La &#8220;Informaci\u00f3n&#8221; puede incluir datos de terceros (la &#8220;informaci\u00f3n de terceros&#8221;) que no son apoyados ni promovidos por DXN, y por lo tanto, no reflejan necesariamente las pol\u00edticas, procedimientos, est\u00e1ndares o directrices de DXN.<br \/>\nLa Informaci\u00f3n y la Informaci\u00f3n de terceros contenida en este sitio se present\u00f3 con el debido cuidado y se consider\u00f3 veraz y precisa en el momento de su publicaci\u00f3n. Sin embargo, DXN se reserva el derecho de modificar, corregir y mejorar la Informaci\u00f3n en cualquier momento sin previo aviso.<br \/>\nLa Informaci\u00f3n puede contener inexactitudes t\u00e9cnicas o errores tipogr\u00e1ficos. Por lo tanto, DXN no garantiza ni representa que la Informaci\u00f3n o la Informaci\u00f3n de terceros no contengan errores u omisiones. DXN no asume ninguna responsabilidad sobre la exactitud, validez, fiabilidad y precisi\u00f3n de la Informaci\u00f3n y la Informaci\u00f3n de terceros interpretadas y utilizadas por cualquier usuario.<br \/>\nNinguna parte de esta publicaci\u00f3n puede ser reproducida de ninguna forma ni transmitida a otra persona sin el consentimiento previo por escrito de DXN.<\/p>\n<p><strong>Los usuarios aceptan lo siguiente:<br \/>\n<\/strong>Los documentos recuperados son solo para fines informativos.<br \/>\nSe puede almacenar o imprimir una copia \u00fanicamente para uso personal y no debe ser reproducida de ninguna forma.<br \/>\nLa extracci\u00f3n de informaci\u00f3n de los documentos est\u00e1 estrictamente prohibida, a menos que est\u00e9 permitida por la legislaci\u00f3n de derechos de autor y con el consentimiento previo por escrito de DXN.<\/p>\n<p>Ninguna parte de la Informaci\u00f3n debe ser modificada cuando se deba proporcionar a otra persona u organizaci\u00f3n sin el consentimiento previo por escrito de DXN.<br \/>\nUsted es el \u00fanico responsable de asegurarse de que el contenido y la informaci\u00f3n publicada en el sitio web sean apropiados, permitidos o legales en el pa\u00eds en el que reside, de acuerdo con las leyes de su pa\u00eds de residencia.<\/p>\n<p><strong>Marcas comerciales<\/strong><br \/>\nTodos los nombres comerciales, marcas comerciales, nombres de servicios, nombres de productos, informaci\u00f3n sobre productos, direcciones URL, direcciones de sitios web, logotipos, dise\u00f1os o s\u00edmbolos son propiedad de DXN.<br \/>\nDXN no permite el uso de estos elementos, para ning\u00fan prop\u00f3sito ni por nadie, sin el consentimiento previo por escrito de DXN, salvo por los establecimientos y comerciantes autorizados por DXN.<\/p>\n<p><strong>Exenci\u00f3n de responsabilidad<\/strong><br \/>\nDXN no garantiza ni es responsable de que el servicio proporcionado est\u00e9 siempre disponible, sin interrupciones o errores. Pueden ocurrir retrasos, omisiones, interrupciones e inexactitudes en el contenido, la difusi\u00f3n de noticias, informaci\u00f3n y otros materiales. DXN tomar\u00e1 medidas razonables para evitar la entrada de virus y otros elementos destructivos en su sitio web. Sin embargo, DXN no es responsable ni garantiza que su sitio web est\u00e9 libre de elementos destructivos, como virus inform\u00e1ticos, piratas o sabotajes t\u00e9cnicos.<\/p>\n<h3>2. Enlaces desde sitios no autorizados por DXN<\/h3>\n<p>Los sitios no autorizados que no son propiedad ni est\u00e1n gestionados por DXN pueden contener enlaces hacia el sitio web oficial de DXN. Un enlace al sitio web oficial de DXN no implica que DXN apruebe o asuma responsabilidad por el contenido, uso o productos y servicios ofrecidos a trav\u00e9s de dichos sitios no autorizados.<br \/>\nAl utilizar dicho enlace, usted reconoce y acepta que DXN no ser\u00e1 responsable de las acciones, contenido, acceso, pol\u00edticas de privacidad, opiniones expresadas, presentaciones, servicios proporcionados, bienes ofrecidos para la venta o cualquier otro enlace proporcionado en dichos sitios no oficiales de DXN.<\/p>\n","protected":false},"excerpt":{"rendered":"<p>1. Exenci\u00f3n de responsabilidad del sitio web Informaci\u00f3n El sitio web de DXN contiene informaci\u00f3n, datos, documentos, pol\u00edticas, procedimientos, instrucciones e im\u00e1genes (denominadas en adelante &#8220;Informaci\u00f3n&#8221;) que han sido creadas por DXN. La &#8220;Informaci\u00f3n&#8221; puede incluir datos de terceros (la &#8220;informaci\u00f3n de terceros&#8221;) que no son apoyados ni promovidos por DXN, y por lo tanto, [&hellip;]<\/p>\n","protected":false},"author":8,"featured_media":0,"parent":0,"menu_order":0,"comment_status":"closed","ping_status":"closed","template":"terms_privacy.php","meta":{"_acf_changed":false,"footnotes":""},"class_list":["post-709","page","type-page","status-publish","hentry"],"acf":[],"_links":{"self":[{"href":"https:\/\/www.dxnwellness.eu\/uk\/es\/wp-json\/wp\/v2\/pages\/709","targetHints":{"allow":["GET"]}}],"collection":[{"href":"https:\/\/www.dxnwellness.eu\/uk\/es\/wp-json\/wp\/v2\/pages"}],"about":[{"href":"https:\/\/www.dxnwellness.eu\/uk\/es\/wp-json\/wp\/v2\/types\/page"}],"author":[{"embeddable":true,"href":"https:\/\/www.dxnwellness.eu\/uk\/es\/wp-json\/wp\/v2\/users\/8"}],"replies":[{"embeddable":true,"href":"https:\/\/www.dxnwellness.eu\/uk\/es\/wp-json\/wp\/v2\/comments?post=709"}],"version-history":[{"count":3,"href":"https:\/\/www.dxnwellness.eu\/uk\/es\/wp-json\/wp\/v2\/pages\/709\/revisions"}],"predecessor-version":[{"id":712,"href":"https:\/\/www.dxnwellness.eu\/uk\/es\/wp-json\/wp\/v2\/pages\/709\/revisions\/712"}],"wp:attachment":[{"href":"https:\/\/www.dxnwellness.eu\/uk\/es\/wp-json\/wp\/v2\/media?parent=709"}],"curies":[{"name":"wp","href":"https:\/\/api.w.org\/{rel}","templated":true}]}}