{"id":5844,"date":"2025-05-19T04:32:15","date_gmt":"2025-05-19T04:32:15","guid":{"rendered":"https:\/\/www.dxnwellness.eu\/pl\/product\/dxn-reishi-gano-rg\/"},"modified":"2025-10-21T08:34:32","modified_gmt":"2025-10-21T08:34:32","slug":"dxn-reishi-gano-rg","status":"publish","type":"product","link":"https:\/\/www.dxnwellness.eu\/pl\/product\/dxn-reishi-gano-rg\/","title":{"rendered":"DXN Reishi Gano (RG)"},"content":{"rendered":"<p data-start=\"220\" data-end=\"304\">DXN Reishi Gano (RG) \u2013 suplement diety z 90-dniowych grzyb\u00f3w Ganoderma lucidum<\/p>\n<p data-start=\"311\" data-end=\"485\">DXN Reishi Gano to suplement diety zawieraj\u0105cy ekstrakt z 90-dniowych grzyb\u00f3w Ganoderma lucidum, znanych i cenionych od wiek\u00f3w w tradycyjnych praktykach zielarskich w Azji.<\/p>\n<p data-start=\"492\" data-end=\"670\">Ganoderma lucidum, zwana tak\u017ce \u201egrzybem reishi\u201d, by\u0142a wykorzystywana w tradycyjnej medycynie chi\u0144skiej jako naturalny sk\u0142adnik o wyj\u0105tkowym znaczeniu kulturowym i symbolicznym.<\/p>\n<p data-start=\"677\" data-end=\"755\">Produkt mo\u017ce stanowi\u0107 naturalne uzupe\u0142nienie codziennej diety i stylu \u017cycia.<\/p>\n","protected":false},"excerpt":{"rendered":"<p>DXN Reishi Gano (RG) \u2013 suplement diety z 90-dniowych grzyb\u00f3w Ganoderma lucidum DXN Reishi Gano to suplement diety zawieraj\u0105cy ekstrakt z 90-dniowych grzyb\u00f3w Ganoderma lucidum, znanych i cenionych od wiek\u00f3w w tradycyjnych praktykach zielarskich w Azji. Ganoderma lucidum, zwana tak\u017ce \u201egrzybem reishi\u201d, by\u0142a wykorzystywana w tradycyjnej medycynie chi\u0144skiej jako naturalny sk\u0142adnik o wyj\u0105tkowym znaczeniu kulturowym [&hellip;]<\/p>\n","protected":false},"featured_media":5315,"comment_status":"open","ping_status":"closed","template":"","meta":{"_acf_changed":false},"product_brand":[],"product_cat":[342],"product_tag":[],"class_list":{"0":"post-5844","1":"product","2":"type-product","3":"status-publish","4":"has-post-thumbnail","6":"product_cat-suplementy-diety-cat","7":"pa_package-15-g","8":"pa_package-30-kapsulek","9":"pa_package-360-kapsulek","10":"pa_package-90-kapsulek","12":"first","13":"instock","14":"purchasable","15":"product-type-variable"},"acf":[],"_links":{"self":[{"href":"https:\/\/www.dxnwellness.eu\/pl\/wp-json\/wp\/v2\/product\/5844","targetHints":{"allow":["GET"]}}],"collection":[{"href":"https:\/\/www.dxnwellness.eu\/pl\/wp-json\/wp\/v2\/product"}],"about":[{"href":"https:\/\/www.dxnwellness.eu\/pl\/wp-json\/wp\/v2\/types\/product"}],"replies":[{"embeddable":true,"href":"https:\/\/www.dxnwellness.eu\/pl\/wp-json\/wp\/v2\/comments?post=5844"}],"wp:featuredmedia":[{"embeddable":true,"href":"https:\/\/www.dxnwellness.eu\/pl\/wp-json\/wp\/v2\/media\/5315"}],"wp:attachment":[{"href":"https:\/\/www.dxnwellness.eu\/pl\/wp-json\/wp\/v2\/media?parent=5844"}],"wp:term":[{"taxonomy":"product_brand","embeddable":true,"href":"https:\/\/www.dxnwellness.eu\/pl\/wp-json\/wp\/v2\/product_brand?post=5844"},{"taxonomy":"product_cat","embeddable":true,"href":"https:\/\/www.dxnwellness.eu\/pl\/wp-json\/wp\/v2\/product_cat?post=5844"},{"taxonomy":"product_tag","embeddable":true,"href":"https:\/\/www.dxnwellness.eu\/pl\/wp-json\/wp\/v2\/product_tag?post=5844"}],"curies":[{"name":"wp","href":"https:\/\/api.w.org\/{rel}","templated":true}]}}