{"id":5194,"date":"2025-05-19T04:32:22","date_gmt":"2025-05-19T04:32:22","guid":{"rendered":"https:\/\/www.dxnwellness.eu\/pl\/product\/dxn-kallow-natural-shield-aluminium-free-deodorant\/"},"modified":"2025-05-27T12:16:22","modified_gmt":"2025-05-27T12:16:22","slug":"dxn-kallow-natural-shield-aluminium-free-deodorant","status":"publish","type":"product","link":"https:\/\/www.dxnwellness.eu\/pl\/product\/dxn-kallow-natural-shield-aluminium-free-deodorant\/","title":{"rendered":"DXN Kallow \u2013 Natural Shield Aluminium &#8211; free Deodorant"},"content":{"rendered":"<p>Delikatny dezodorant w formie roll-on. Dzi\u0119ki formule bez soli aluminium utrzymuje \u015bwie\u017co\u015b\u0107 dla ka\u017cdego rodzaju sk\u00f3ry. Zaprojektowany, aby poradzi\u0107 sobie nawet w najbardziej intensywnych sytuacjach. Bez alkoholu.<\/p>\n","protected":false},"excerpt":{"rendered":"<p>Delikatny dezodorant w formie roll-on. Dzi\u0119ki formule bez soli aluminium utrzymuje \u015bwie\u017co\u015b\u0107 dla ka\u017cdego rodzaju sk\u00f3ry. Zaprojektowany, aby poradzi\u0107 sobie nawet w najbardziej intensywnych sytuacjach. Bez alkoholu.<\/p>\n","protected":false},"featured_media":5309,"comment_status":"open","ping_status":"closed","template":"","meta":{"_acf_changed":false},"product_brand":[],"product_cat":[363],"product_tag":[],"class_list":{"0":"post-5194","1":"product","2":"type-product","3":"status-publish","4":"has-post-thumbnail","6":"product_cat-kosmetyki-kallow","7":"pa_package-50-ml","9":"first","10":"instock","11":"purchasable","12":"product-type-simple"},"acf":[],"_links":{"self":[{"href":"https:\/\/www.dxnwellness.eu\/pl\/wp-json\/wp\/v2\/product\/5194","targetHints":{"allow":["GET"]}}],"collection":[{"href":"https:\/\/www.dxnwellness.eu\/pl\/wp-json\/wp\/v2\/product"}],"about":[{"href":"https:\/\/www.dxnwellness.eu\/pl\/wp-json\/wp\/v2\/types\/product"}],"replies":[{"embeddable":true,"href":"https:\/\/www.dxnwellness.eu\/pl\/wp-json\/wp\/v2\/comments?post=5194"}],"wp:featuredmedia":[{"embeddable":true,"href":"https:\/\/www.dxnwellness.eu\/pl\/wp-json\/wp\/v2\/media\/5309"}],"wp:attachment":[{"href":"https:\/\/www.dxnwellness.eu\/pl\/wp-json\/wp\/v2\/media?parent=5194"}],"wp:term":[{"taxonomy":"product_brand","embeddable":true,"href":"https:\/\/www.dxnwellness.eu\/pl\/wp-json\/wp\/v2\/product_brand?post=5194"},{"taxonomy":"product_cat","embeddable":true,"href":"https:\/\/www.dxnwellness.eu\/pl\/wp-json\/wp\/v2\/product_cat?post=5194"},{"taxonomy":"product_tag","embeddable":true,"href":"https:\/\/www.dxnwellness.eu\/pl\/wp-json\/wp\/v2\/product_tag?post=5194"}],"curies":[{"name":"wp","href":"https:\/\/api.w.org\/{rel}","templated":true}]}}