{"id":5192,"date":"2025-05-19T04:32:19","date_gmt":"2025-05-19T04:32:19","guid":{"rendered":"https:\/\/www.dxnwellness.eu\/pl\/product\/dxn-kallow-divine-men-aloe-chamomile-calming-after-shave\/"},"modified":"2025-05-28T07:55:11","modified_gmt":"2025-05-28T07:55:11","slug":"dxn-kallow-divine-men-aloe-chamomile-calming-after-shave","status":"publish","type":"product","link":"https:\/\/www.dxnwellness.eu\/pl\/product\/dxn-kallow-divine-men-aloe-chamomile-calming-after-shave\/","title":{"rendered":"DXN Kallow \u2013 Divine Men Aloe &amp; Chamomile Calming After Shave"},"content":{"rendered":"<p>Balsam, kt\u00f3ry zapewnia natychmiastow\u0105 \u015bwie\u017co\u015b\u0107 i nawil\u017cenie sk\u00f3ry. Jego p\u0142ynna, lekka konsystencja szybko si\u0119 wch\u0142ania, \u0142agodz\u0105c podra\u017cnienia i piel\u0119gnuj\u0105c sk\u00f3r\u0119 po goleniu, pozostawiaj\u0105c j\u0105 mi\u0119kk\u0105 i subtelnie pachn\u0105c\u0105. Niet\u0142usta konsystencja.<\/p>\n","protected":false},"excerpt":{"rendered":"<p>Balsam, kt\u00f3ry zapewnia natychmiastow\u0105 \u015bwie\u017co\u015b\u0107 i nawil\u017cenie sk\u00f3ry. Jego p\u0142ynna, lekka konsystencja szybko si\u0119 wch\u0142ania, \u0142agodz\u0105c podra\u017cnienia i piel\u0119gnuj\u0105c sk\u00f3r\u0119 po goleniu, pozostawiaj\u0105c j\u0105 mi\u0119kk\u0105 i subtelnie pachn\u0105c\u0105. Niet\u0142usta konsystencja.<\/p>\n","protected":false},"featured_media":5306,"comment_status":"open","ping_status":"closed","template":"","meta":{"_acf_changed":false},"product_brand":[],"product_cat":[363],"product_tag":[],"class_list":{"0":"post-5192","1":"product","2":"type-product","3":"status-publish","4":"has-post-thumbnail","6":"product_cat-kosmetyki-kallow","7":"pa_package-100-ml","9":"first","10":"instock","11":"purchasable","12":"product-type-simple"},"acf":[],"_links":{"self":[{"href":"https:\/\/www.dxnwellness.eu\/pl\/wp-json\/wp\/v2\/product\/5192","targetHints":{"allow":["GET"]}}],"collection":[{"href":"https:\/\/www.dxnwellness.eu\/pl\/wp-json\/wp\/v2\/product"}],"about":[{"href":"https:\/\/www.dxnwellness.eu\/pl\/wp-json\/wp\/v2\/types\/product"}],"replies":[{"embeddable":true,"href":"https:\/\/www.dxnwellness.eu\/pl\/wp-json\/wp\/v2\/comments?post=5192"}],"wp:featuredmedia":[{"embeddable":true,"href":"https:\/\/www.dxnwellness.eu\/pl\/wp-json\/wp\/v2\/media\/5306"}],"wp:attachment":[{"href":"https:\/\/www.dxnwellness.eu\/pl\/wp-json\/wp\/v2\/media?parent=5192"}],"wp:term":[{"taxonomy":"product_brand","embeddable":true,"href":"https:\/\/www.dxnwellness.eu\/pl\/wp-json\/wp\/v2\/product_brand?post=5192"},{"taxonomy":"product_cat","embeddable":true,"href":"https:\/\/www.dxnwellness.eu\/pl\/wp-json\/wp\/v2\/product_cat?post=5192"},{"taxonomy":"product_tag","embeddable":true,"href":"https:\/\/www.dxnwellness.eu\/pl\/wp-json\/wp\/v2\/product_tag?post=5192"}],"curies":[{"name":"wp","href":"https:\/\/api.w.org\/{rel}","templated":true}]}}