{"id":5190,"date":"2025-05-19T04:32:19","date_gmt":"2025-05-19T04:32:19","guid":{"rendered":"https:\/\/www.dxnwellness.eu\/pl\/product\/dxn-kallow-cooling-after-sun\/"},"modified":"2025-05-27T12:08:52","modified_gmt":"2025-05-27T12:08:52","slug":"dxn-kallow-cooling-after-sun","status":"publish","type":"product","link":"https:\/\/www.dxnwellness.eu\/pl\/product\/dxn-kallow-cooling-after-sun\/","title":{"rendered":"DXN Kallow \u2013 Cooling After Sun"},"content":{"rendered":"<p>Od\u015bwie\u017caj\u0105cy, nawil\u017caj\u0105cy i koj\u0105cy \u017cel do stosowania po ekspozycji na s\u0142o\u0144ce, wzbogacony aloesem, jogurtem, mi\u0119t\u0105 i og\u00f3rkiem, ze sk\u0142adnikami antyoksydacyjnymi i witamin\u0105 E, kt\u00f3re natychmiast piel\u0119gnuj\u0105 i naprawiaj\u0105 sk\u00f3r\u0119. O \u015bwie\u017cym, letnim zapachu.<\/p>\n","protected":false},"excerpt":{"rendered":"<p>Od\u015bwie\u017caj\u0105cy, nawil\u017caj\u0105cy i koj\u0105cy \u017cel do stosowania po ekspozycji na s\u0142o\u0144ce, wzbogacony aloesem, jogurtem, mi\u0119t\u0105 i og\u00f3rkiem, ze sk\u0142adnikami antyoksydacyjnymi i witamin\u0105 E, kt\u00f3re natychmiast piel\u0119gnuj\u0105 i naprawiaj\u0105 sk\u00f3r\u0119. O \u015bwie\u017cym, letnim zapachu.<\/p>\n","protected":false},"featured_media":5305,"comment_status":"open","ping_status":"closed","template":"","meta":{"_acf_changed":false},"product_brand":[],"product_cat":[363],"product_tag":[],"class_list":{"0":"post-5190","1":"product","2":"type-product","3":"status-publish","4":"has-post-thumbnail","6":"product_cat-kosmetyki-kallow","7":"pa_package-150-ml","9":"first","10":"instock","11":"purchasable","12":"product-type-simple"},"acf":[],"_links":{"self":[{"href":"https:\/\/www.dxnwellness.eu\/pl\/wp-json\/wp\/v2\/product\/5190","targetHints":{"allow":["GET"]}}],"collection":[{"href":"https:\/\/www.dxnwellness.eu\/pl\/wp-json\/wp\/v2\/product"}],"about":[{"href":"https:\/\/www.dxnwellness.eu\/pl\/wp-json\/wp\/v2\/types\/product"}],"replies":[{"embeddable":true,"href":"https:\/\/www.dxnwellness.eu\/pl\/wp-json\/wp\/v2\/comments?post=5190"}],"wp:featuredmedia":[{"embeddable":true,"href":"https:\/\/www.dxnwellness.eu\/pl\/wp-json\/wp\/v2\/media\/5305"}],"wp:attachment":[{"href":"https:\/\/www.dxnwellness.eu\/pl\/wp-json\/wp\/v2\/media?parent=5190"}],"wp:term":[{"taxonomy":"product_brand","embeddable":true,"href":"https:\/\/www.dxnwellness.eu\/pl\/wp-json\/wp\/v2\/product_brand?post=5190"},{"taxonomy":"product_cat","embeddable":true,"href":"https:\/\/www.dxnwellness.eu\/pl\/wp-json\/wp\/v2\/product_cat?post=5190"},{"taxonomy":"product_tag","embeddable":true,"href":"https:\/\/www.dxnwellness.eu\/pl\/wp-json\/wp\/v2\/product_tag?post=5190"}],"curies":[{"name":"wp","href":"https:\/\/api.w.org\/{rel}","templated":true}]}}