{"id":5188,"date":"2025-05-19T04:32:19","date_gmt":"2025-05-19T04:32:19","guid":{"rendered":"https:\/\/www.dxnwellness.eu\/pl\/product\/dxn-kallow-natural-tanning-oil\/"},"modified":"2025-05-27T12:17:00","modified_gmt":"2025-05-27T12:17:00","slug":"dxn-kallow-natural-tanning-oil","status":"publish","type":"product","link":"https:\/\/www.dxnwellness.eu\/pl\/product\/dxn-kallow-natural-tanning-oil\/","title":{"rendered":"DXN Kallow \u2013 Natural Tanning oil"},"content":{"rendered":"<p>Luksusowy olejek do opalania zapewniaj\u0105cy g\u0142\u0119bokie nawil\u017cenie i od\u017cywienie. Dzi\u0119ki cennym olejkom, takim jak kokosowy, s\u0142onecznikowy, marchewkowy i wzbogacony witamin\u0105 E, od\u017cywia i chroni przed odwodnieniem w tym samym czasie, a tak\u017ce wyd\u0142u\u017ca trwa\u0142o\u015b\u0107 opalenizny. Pozw\u00f3l swojej sk\u00f3rze uzyska\u0107 intensywn\u0105 opalenizn\u0119, blask i intensywne leczenie jednym ruchem.<\/p>\n","protected":false},"excerpt":{"rendered":"<p>Luksusowy olejek do opalania zapewniaj\u0105cy g\u0142\u0119bokie nawil\u017cenie i od\u017cywienie. Dzi\u0119ki cennym olejkom, takim jak kokosowy, s\u0142onecznikowy, marchewkowy i wzbogacony witamin\u0105 E, od\u017cywia i chroni przed odwodnieniem w tym samym czasie, a tak\u017ce wyd\u0142u\u017ca trwa\u0142o\u015b\u0107 opalenizny. Pozw\u00f3l swojej sk\u00f3rze uzyska\u0107 intensywn\u0105 opalenizn\u0119, blask i intensywne leczenie jednym ruchem.<\/p>\n","protected":false},"featured_media":5304,"comment_status":"open","ping_status":"closed","template":"","meta":{"_acf_changed":false},"product_brand":[],"product_cat":[363],"product_tag":[],"class_list":{"0":"post-5188","1":"product","2":"type-product","3":"status-publish","4":"has-post-thumbnail","6":"product_cat-kosmetyki-kallow","7":"pa_package-150-ml","9":"first","10":"instock","11":"purchasable","12":"product-type-simple"},"acf":[],"_links":{"self":[{"href":"https:\/\/www.dxnwellness.eu\/pl\/wp-json\/wp\/v2\/product\/5188","targetHints":{"allow":["GET"]}}],"collection":[{"href":"https:\/\/www.dxnwellness.eu\/pl\/wp-json\/wp\/v2\/product"}],"about":[{"href":"https:\/\/www.dxnwellness.eu\/pl\/wp-json\/wp\/v2\/types\/product"}],"replies":[{"embeddable":true,"href":"https:\/\/www.dxnwellness.eu\/pl\/wp-json\/wp\/v2\/comments?post=5188"}],"wp:featuredmedia":[{"embeddable":true,"href":"https:\/\/www.dxnwellness.eu\/pl\/wp-json\/wp\/v2\/media\/5304"}],"wp:attachment":[{"href":"https:\/\/www.dxnwellness.eu\/pl\/wp-json\/wp\/v2\/media?parent=5188"}],"wp:term":[{"taxonomy":"product_brand","embeddable":true,"href":"https:\/\/www.dxnwellness.eu\/pl\/wp-json\/wp\/v2\/product_brand?post=5188"},{"taxonomy":"product_cat","embeddable":true,"href":"https:\/\/www.dxnwellness.eu\/pl\/wp-json\/wp\/v2\/product_cat?post=5188"},{"taxonomy":"product_tag","embeddable":true,"href":"https:\/\/www.dxnwellness.eu\/pl\/wp-json\/wp\/v2\/product_tag?post=5188"}],"curies":[{"name":"wp","href":"https:\/\/api.w.org\/{rel}","templated":true}]}}