{"id":5186,"date":"2025-05-19T04:32:19","date_gmt":"2025-05-19T04:32:19","guid":{"rendered":"https:\/\/www.dxnwellness.eu\/pl\/product\/dxn-kallow-essential-sunscreen-emulsion-spf-30\/"},"modified":"2025-05-27T12:13:01","modified_gmt":"2025-05-27T12:13:01","slug":"dxn-kallow-essential-sunscreen-emulsion-spf-30","status":"publish","type":"product","link":"https:\/\/www.dxnwellness.eu\/pl\/product\/dxn-kallow-essential-sunscreen-emulsion-spf-30\/","title":{"rendered":"DXN Kallow \u2013 Essential Sunscreen Emulsion SPF 30"},"content":{"rendered":"<p>Ulepszony balsam do cia\u0142a z filtrem przeciws\u0142onecznym SPF 30 wzbogacony kwasem hialuronowym, kt\u00f3ry zapobiega odwodnieniu spowodowanemu przez s\u00f3l i\/lub chlor i zapewnia sk\u00f3rze lepsz\u0105 ochron\u0119 przed s\u0142o\u0144cem. Chroni przed szkodliwym dzia\u0142aniem promieniowania UV i zapewnia ochron\u0119 antyoksydacyjn\u0105. Zawiera gliceryn\u0119 i witamin\u0119 E, kt\u00f3re natychmiast i g\u0142\u0119boko nawil\u017caj\u0105 sk\u00f3r\u0119 i wspomagaj\u0105 jej regeneracj\u0119.<\/p>\n","protected":false},"excerpt":{"rendered":"<p>Ulepszony balsam do cia\u0142a z filtrem przeciws\u0142onecznym SPF 30 wzbogacony kwasem hialuronowym, kt\u00f3ry zapobiega odwodnieniu spowodowanemu przez s\u00f3l i\/lub chlor i zapewnia sk\u00f3rze lepsz\u0105 ochron\u0119 przed s\u0142o\u0144cem. Chroni przed szkodliwym dzia\u0142aniem promieniowania UV i zapewnia ochron\u0119 antyoksydacyjn\u0105. Zawiera gliceryn\u0119 i witamin\u0119 E, kt\u00f3re natychmiast i g\u0142\u0119boko nawil\u017caj\u0105 sk\u00f3r\u0119 i wspomagaj\u0105 jej regeneracj\u0119.<\/p>\n","protected":false},"featured_media":5303,"comment_status":"open","ping_status":"closed","template":"","meta":{"_acf_changed":false},"product_brand":[],"product_cat":[363],"product_tag":[],"class_list":{"0":"post-5186","1":"product","2":"type-product","3":"status-publish","4":"has-post-thumbnail","6":"product_cat-kosmetyki-kallow","7":"pa_package-150-ml","9":"first","10":"instock","11":"purchasable","12":"product-type-simple"},"acf":[],"_links":{"self":[{"href":"https:\/\/www.dxnwellness.eu\/pl\/wp-json\/wp\/v2\/product\/5186","targetHints":{"allow":["GET"]}}],"collection":[{"href":"https:\/\/www.dxnwellness.eu\/pl\/wp-json\/wp\/v2\/product"}],"about":[{"href":"https:\/\/www.dxnwellness.eu\/pl\/wp-json\/wp\/v2\/types\/product"}],"replies":[{"embeddable":true,"href":"https:\/\/www.dxnwellness.eu\/pl\/wp-json\/wp\/v2\/comments?post=5186"}],"wp:featuredmedia":[{"embeddable":true,"href":"https:\/\/www.dxnwellness.eu\/pl\/wp-json\/wp\/v2\/media\/5303"}],"wp:attachment":[{"href":"https:\/\/www.dxnwellness.eu\/pl\/wp-json\/wp\/v2\/media?parent=5186"}],"wp:term":[{"taxonomy":"product_brand","embeddable":true,"href":"https:\/\/www.dxnwellness.eu\/pl\/wp-json\/wp\/v2\/product_brand?post=5186"},{"taxonomy":"product_cat","embeddable":true,"href":"https:\/\/www.dxnwellness.eu\/pl\/wp-json\/wp\/v2\/product_cat?post=5186"},{"taxonomy":"product_tag","embeddable":true,"href":"https:\/\/www.dxnwellness.eu\/pl\/wp-json\/wp\/v2\/product_tag?post=5186"}],"curies":[{"name":"wp","href":"https:\/\/api.w.org\/{rel}","templated":true}]}}