{"id":5184,"date":"2025-05-19T04:32:19","date_gmt":"2025-05-19T04:32:19","guid":{"rendered":"https:\/\/www.dxnwellness.eu\/pl\/product\/dxn-kallow-nourishing-hand-cream\/"},"modified":"2025-05-27T12:18:11","modified_gmt":"2025-05-27T12:18:11","slug":"dxn-kallow-nourishing-hand-cream","status":"publish","type":"product","link":"https:\/\/www.dxnwellness.eu\/pl\/product\/dxn-kallow-nourishing-hand-cream\/","title":{"rendered":"DXN Kallow \u2013 Nourishing Hand Cream"},"content":{"rendered":"<p>Od\u017cywczy krem \u200b\u200bdo r\u0105k DXN Kallow z mas\u0142em shea, idealny do suchych, pop\u0119kanych d\u0142oni. Krem pozostawia przyjemny aromat, nie b\u0119d\u0105c t\u0142ustym. Chroni i naprawia suche, pop\u0119kane d\u0142onie, intensywnie nawil\u017ca i poprawia wygl\u0105d sk\u00f3ry.<\/p>\n","protected":false},"excerpt":{"rendered":"<p>Od\u017cywczy krem \u200b\u200bdo r\u0105k DXN Kallow z mas\u0142em shea, idealny do suchych, pop\u0119kanych d\u0142oni. Krem pozostawia przyjemny aromat, nie b\u0119d\u0105c t\u0142ustym. Chroni i naprawia suche, pop\u0119kane d\u0142onie, intensywnie nawil\u017ca i poprawia wygl\u0105d sk\u00f3ry.<\/p>\n","protected":false},"featured_media":5302,"comment_status":"open","ping_status":"closed","template":"","meta":{"_acf_changed":false},"product_brand":[],"product_cat":[363],"product_tag":[],"class_list":{"0":"post-5184","1":"product","2":"type-product","3":"status-publish","4":"has-post-thumbnail","6":"product_cat-kosmetyki-kallow","7":"pa_package-75-ml","9":"first","10":"instock","11":"purchasable","12":"product-type-simple"},"acf":[],"_links":{"self":[{"href":"https:\/\/www.dxnwellness.eu\/pl\/wp-json\/wp\/v2\/product\/5184","targetHints":{"allow":["GET"]}}],"collection":[{"href":"https:\/\/www.dxnwellness.eu\/pl\/wp-json\/wp\/v2\/product"}],"about":[{"href":"https:\/\/www.dxnwellness.eu\/pl\/wp-json\/wp\/v2\/types\/product"}],"replies":[{"embeddable":true,"href":"https:\/\/www.dxnwellness.eu\/pl\/wp-json\/wp\/v2\/comments?post=5184"}],"wp:featuredmedia":[{"embeddable":true,"href":"https:\/\/www.dxnwellness.eu\/pl\/wp-json\/wp\/v2\/media\/5302"}],"wp:attachment":[{"href":"https:\/\/www.dxnwellness.eu\/pl\/wp-json\/wp\/v2\/media?parent=5184"}],"wp:term":[{"taxonomy":"product_brand","embeddable":true,"href":"https:\/\/www.dxnwellness.eu\/pl\/wp-json\/wp\/v2\/product_brand?post=5184"},{"taxonomy":"product_cat","embeddable":true,"href":"https:\/\/www.dxnwellness.eu\/pl\/wp-json\/wp\/v2\/product_cat?post=5184"},{"taxonomy":"product_tag","embeddable":true,"href":"https:\/\/www.dxnwellness.eu\/pl\/wp-json\/wp\/v2\/product_tag?post=5184"}],"curies":[{"name":"wp","href":"https:\/\/api.w.org\/{rel}","templated":true}]}}