{"id":5180,"date":"2025-05-19T04:32:19","date_gmt":"2025-05-19T04:32:19","guid":{"rendered":"https:\/\/www.dxnwellness.eu\/pl\/product\/dxn-kallow-luxury-aromatic-body-lotion\/"},"modified":"2025-05-27T12:14:24","modified_gmt":"2025-05-27T12:14:24","slug":"dxn-kallow-luxury-aromatic-body-lotion","status":"publish","type":"product","link":"https:\/\/www.dxnwellness.eu\/pl\/product\/dxn-kallow-luxury-aromatic-body-lotion\/","title":{"rendered":"DXN Kallow \u2013 Luxury Aromatic Body Lotion"},"content":{"rendered":"<p>Luksusowy aromatyczny, nawil\u017caj\u0105cy krem \u200b\u200bdo cia\u0142a wzbogacony kwasem hialuronowym, aloesem i oliw\u0105 z oliwek. Bukiet kwiat\u00f3w dla Twojej sk\u00f3ry, odwa\u017cny i pe\u0142en pasji, luksusowy i uwodzicielski, idealny dla nowoczesnej kobiety.<\/p>\n","protected":false},"excerpt":{"rendered":"<p>Luksusowy aromatyczny, nawil\u017caj\u0105cy krem \u200b\u200bdo cia\u0142a wzbogacony kwasem hialuronowym, aloesem i oliw\u0105 z oliwek. Bukiet kwiat\u00f3w dla Twojej sk\u00f3ry, odwa\u017cny i pe\u0142en pasji, luksusowy i uwodzicielski, idealny dla nowoczesnej kobiety.<\/p>\n","protected":false},"featured_media":5300,"comment_status":"open","ping_status":"closed","template":"","meta":{"_acf_changed":false},"product_brand":[],"product_cat":[363],"product_tag":[],"class_list":{"0":"post-5180","1":"product","2":"type-product","3":"status-publish","4":"has-post-thumbnail","6":"product_cat-kosmetyki-kallow","7":"pa_package-250-ml","9":"first","10":"instock","11":"purchasable","12":"product-type-simple"},"acf":[],"_links":{"self":[{"href":"https:\/\/www.dxnwellness.eu\/pl\/wp-json\/wp\/v2\/product\/5180","targetHints":{"allow":["GET"]}}],"collection":[{"href":"https:\/\/www.dxnwellness.eu\/pl\/wp-json\/wp\/v2\/product"}],"about":[{"href":"https:\/\/www.dxnwellness.eu\/pl\/wp-json\/wp\/v2\/types\/product"}],"replies":[{"embeddable":true,"href":"https:\/\/www.dxnwellness.eu\/pl\/wp-json\/wp\/v2\/comments?post=5180"}],"wp:featuredmedia":[{"embeddable":true,"href":"https:\/\/www.dxnwellness.eu\/pl\/wp-json\/wp\/v2\/media\/5300"}],"wp:attachment":[{"href":"https:\/\/www.dxnwellness.eu\/pl\/wp-json\/wp\/v2\/media?parent=5180"}],"wp:term":[{"taxonomy":"product_brand","embeddable":true,"href":"https:\/\/www.dxnwellness.eu\/pl\/wp-json\/wp\/v2\/product_brand?post=5180"},{"taxonomy":"product_cat","embeddable":true,"href":"https:\/\/www.dxnwellness.eu\/pl\/wp-json\/wp\/v2\/product_cat?post=5180"},{"taxonomy":"product_tag","embeddable":true,"href":"https:\/\/www.dxnwellness.eu\/pl\/wp-json\/wp\/v2\/product_tag?post=5180"}],"curies":[{"name":"wp","href":"https:\/\/api.w.org\/{rel}","templated":true}]}}