{"id":5178,"date":"2025-05-19T04:32:19","date_gmt":"2025-05-19T04:32:19","guid":{"rendered":"https:\/\/www.dxnwellness.eu\/pl\/product\/dxn-kallow-luxury-aromatic-shower-gel\/"},"modified":"2025-05-27T12:15:07","modified_gmt":"2025-05-27T12:15:07","slug":"dxn-kallow-luxury-aromatic-shower-gel","status":"publish","type":"product","link":"https:\/\/www.dxnwellness.eu\/pl\/product\/dxn-kallow-luxury-aromatic-shower-gel\/","title":{"rendered":"DXN Kallow \u2013 Luxury Aromatic Shower Gel"},"content":{"rendered":"<p>Luksusowy aromatyczny nawil\u017caj\u0105cy \u017cel pod prysznic, wzbogacony kwasem hialuronowym, aloesem i oliw\u0105 z oliwek. Delikatnie piel\u0119gnuje i oczyszcza sk\u00f3r\u0119, obejmuj\u0105c j\u0105 odwa\u017cnym i nami\u0119tnym kwiatowym bukietem, luksusowym i uwodzicielskim, idealnym dla nowoczesnej kobiety, kt\u00f3ra nie chce pozosta\u0107 niezauwa\u017cona.<\/p>\n","protected":false},"excerpt":{"rendered":"<p>Luksusowy aromatyczny nawil\u017caj\u0105cy \u017cel pod prysznic, wzbogacony kwasem hialuronowym, aloesem i oliw\u0105 z oliwek. Delikatnie piel\u0119gnuje i oczyszcza sk\u00f3r\u0119, obejmuj\u0105c j\u0105 odwa\u017cnym i nami\u0119tnym kwiatowym bukietem, luksusowym i uwodzicielskim, idealnym dla nowoczesnej kobiety, kt\u00f3ra nie chce pozosta\u0107 niezauwa\u017cona.<\/p>\n","protected":false},"featured_media":5299,"comment_status":"open","ping_status":"closed","template":"","meta":{"_acf_changed":false},"product_brand":[],"product_cat":[363],"product_tag":[],"class_list":{"0":"post-5178","1":"product","2":"type-product","3":"status-publish","4":"has-post-thumbnail","6":"product_cat-kosmetyki-kallow","7":"pa_package-250-ml","9":"first","10":"instock","11":"purchasable","12":"product-type-simple"},"acf":[],"_links":{"self":[{"href":"https:\/\/www.dxnwellness.eu\/pl\/wp-json\/wp\/v2\/product\/5178","targetHints":{"allow":["GET"]}}],"collection":[{"href":"https:\/\/www.dxnwellness.eu\/pl\/wp-json\/wp\/v2\/product"}],"about":[{"href":"https:\/\/www.dxnwellness.eu\/pl\/wp-json\/wp\/v2\/types\/product"}],"replies":[{"embeddable":true,"href":"https:\/\/www.dxnwellness.eu\/pl\/wp-json\/wp\/v2\/comments?post=5178"}],"wp:featuredmedia":[{"embeddable":true,"href":"https:\/\/www.dxnwellness.eu\/pl\/wp-json\/wp\/v2\/media\/5299"}],"wp:attachment":[{"href":"https:\/\/www.dxnwellness.eu\/pl\/wp-json\/wp\/v2\/media?parent=5178"}],"wp:term":[{"taxonomy":"product_brand","embeddable":true,"href":"https:\/\/www.dxnwellness.eu\/pl\/wp-json\/wp\/v2\/product_brand?post=5178"},{"taxonomy":"product_cat","embeddable":true,"href":"https:\/\/www.dxnwellness.eu\/pl\/wp-json\/wp\/v2\/product_cat?post=5178"},{"taxonomy":"product_tag","embeddable":true,"href":"https:\/\/www.dxnwellness.eu\/pl\/wp-json\/wp\/v2\/product_tag?post=5178"}],"curies":[{"name":"wp","href":"https:\/\/api.w.org\/{rel}","templated":true}]}}