{"id":5176,"date":"2025-05-19T04:32:19","date_gmt":"2025-05-19T04:32:19","guid":{"rendered":"https:\/\/www.dxnwellness.eu\/pl\/product\/dxn-kallow-divine-touch-multi-purpose-dry-oil\/"},"modified":"2025-05-27T12:11:48","modified_gmt":"2025-05-27T12:11:48","slug":"dxn-kallow-divine-touch-multi-purpose-dry-oil","status":"publish","type":"product","link":"https:\/\/www.dxnwellness.eu\/pl\/product\/dxn-kallow-divine-touch-multi-purpose-dry-oil\/","title":{"rendered":"DXN Kallow \u2013 Divine Touch Multi-Purpose Dry Oil"},"content":{"rendered":"<p>DXN\u2019s \u2013 Divine Touch Multi-Purpose Luxurious Dry Oil nawil\u017ca i chroni twarz, cia\u0142o i w\u0142osy. Jest bogaty w oleje ro\u015blinne i witamin\u0119 E o uwodzicielskim aromacie. Bogaty kwiatowy bukiet na sk\u00f3rze, odwa\u017cny i pe\u0142en nami\u0119tno\u015bci, luksusowy i uwodzicielski, idealny dla nowoczesnej kobiety, kt\u00f3ra nie chce pozosta\u0107 niezauwa\u017cona.<\/p>\n","protected":false},"excerpt":{"rendered":"<p>DXN\u2019s \u2013 Divine Touch Multi-Purpose Luxurious Dry Oil nawil\u017ca i chroni twarz, cia\u0142o i w\u0142osy. Jest bogaty w oleje ro\u015blinne i witamin\u0119 E o uwodzicielskim aromacie. Bogaty kwiatowy bukiet na sk\u00f3rze, odwa\u017cny i pe\u0142en nami\u0119tno\u015bci, luksusowy i uwodzicielski, idealny dla nowoczesnej kobiety, kt\u00f3ra nie chce pozosta\u0107 niezauwa\u017cona.<\/p>\n","protected":false},"featured_media":5298,"comment_status":"open","ping_status":"closed","template":"","meta":{"_acf_changed":false},"product_brand":[],"product_cat":[363],"product_tag":[],"class_list":{"0":"post-5176","1":"product","2":"type-product","3":"status-publish","4":"has-post-thumbnail","6":"product_cat-kosmetyki-kallow","7":"pa_package-100-ml","9":"first","10":"instock","11":"purchasable","12":"product-type-simple"},"acf":[],"_links":{"self":[{"href":"https:\/\/www.dxnwellness.eu\/pl\/wp-json\/wp\/v2\/product\/5176","targetHints":{"allow":["GET"]}}],"collection":[{"href":"https:\/\/www.dxnwellness.eu\/pl\/wp-json\/wp\/v2\/product"}],"about":[{"href":"https:\/\/www.dxnwellness.eu\/pl\/wp-json\/wp\/v2\/types\/product"}],"replies":[{"embeddable":true,"href":"https:\/\/www.dxnwellness.eu\/pl\/wp-json\/wp\/v2\/comments?post=5176"}],"wp:featuredmedia":[{"embeddable":true,"href":"https:\/\/www.dxnwellness.eu\/pl\/wp-json\/wp\/v2\/media\/5298"}],"wp:attachment":[{"href":"https:\/\/www.dxnwellness.eu\/pl\/wp-json\/wp\/v2\/media?parent=5176"}],"wp:term":[{"taxonomy":"product_brand","embeddable":true,"href":"https:\/\/www.dxnwellness.eu\/pl\/wp-json\/wp\/v2\/product_brand?post=5176"},{"taxonomy":"product_cat","embeddable":true,"href":"https:\/\/www.dxnwellness.eu\/pl\/wp-json\/wp\/v2\/product_cat?post=5176"},{"taxonomy":"product_tag","embeddable":true,"href":"https:\/\/www.dxnwellness.eu\/pl\/wp-json\/wp\/v2\/product_tag?post=5176"}],"curies":[{"name":"wp","href":"https:\/\/api.w.org\/{rel}","templated":true}]}}