{"id":5174,"date":"2025-05-19T04:32:19","date_gmt":"2025-05-19T04:32:19","guid":{"rendered":"https:\/\/www.dxnwellness.eu\/pl\/product\/dxn-kallow-divine-touch-nourishing-night-oil\/"},"modified":"2025-05-27T12:12:23","modified_gmt":"2025-05-27T12:12:23","slug":"dxn-kallow-divine-touch-nourishing-night-oil","status":"publish","type":"product","link":"https:\/\/www.dxnwellness.eu\/pl\/product\/dxn-kallow-divine-touch-nourishing-night-oil\/","title":{"rendered":"DXN Kallow \u2013 Divine Touch Nourishing Night Oil"},"content":{"rendered":"<p>Cudowny olejek od\u017cywczy na noc \u201eDivine Touch\u201d marki DXN jest idealny do piel\u0119gnacji sk\u00f3ry na noc, dzi\u0119ki superkombinacji drogocennych olejk\u00f3w naturalnych z winogron, moreli, awokado, arganu, oliwek, owoc\u00f3w Sacha Inchi oraz witamin E, C i F, kt\u00f3re maj\u0105 dzia\u0142anie ochronne, przeciwzmarszczkowe i przeciwstarzeniowe. Zapewnia promienn\u0105 i \u015bwietlist\u0105 sk\u00f3r\u0119.<\/p>\n","protected":false},"excerpt":{"rendered":"<p>Cudowny olejek od\u017cywczy na noc \u201eDivine Touch\u201d marki DXN jest idealny do piel\u0119gnacji sk\u00f3ry na noc, dzi\u0119ki superkombinacji drogocennych olejk\u00f3w naturalnych z winogron, moreli, awokado, arganu, oliwek, owoc\u00f3w Sacha Inchi oraz witamin E, C i F, kt\u00f3re maj\u0105 dzia\u0142anie ochronne, przeciwzmarszczkowe i przeciwstarzeniowe. Zapewnia promienn\u0105 i \u015bwietlist\u0105 sk\u00f3r\u0119.<\/p>\n","protected":false},"featured_media":5295,"comment_status":"open","ping_status":"closed","template":"","meta":{"_acf_changed":false},"product_brand":[],"product_cat":[363],"product_tag":[],"class_list":{"0":"post-5174","1":"product","2":"type-product","3":"status-publish","4":"has-post-thumbnail","6":"product_cat-kosmetyki-kallow","7":"pa_package-30-ml","9":"first","10":"instock","11":"purchasable","12":"product-type-simple"},"acf":[],"_links":{"self":[{"href":"https:\/\/www.dxnwellness.eu\/pl\/wp-json\/wp\/v2\/product\/5174","targetHints":{"allow":["GET"]}}],"collection":[{"href":"https:\/\/www.dxnwellness.eu\/pl\/wp-json\/wp\/v2\/product"}],"about":[{"href":"https:\/\/www.dxnwellness.eu\/pl\/wp-json\/wp\/v2\/types\/product"}],"replies":[{"embeddable":true,"href":"https:\/\/www.dxnwellness.eu\/pl\/wp-json\/wp\/v2\/comments?post=5174"}],"wp:featuredmedia":[{"embeddable":true,"href":"https:\/\/www.dxnwellness.eu\/pl\/wp-json\/wp\/v2\/media\/5295"}],"wp:attachment":[{"href":"https:\/\/www.dxnwellness.eu\/pl\/wp-json\/wp\/v2\/media?parent=5174"}],"wp:term":[{"taxonomy":"product_brand","embeddable":true,"href":"https:\/\/www.dxnwellness.eu\/pl\/wp-json\/wp\/v2\/product_brand?post=5174"},{"taxonomy":"product_cat","embeddable":true,"href":"https:\/\/www.dxnwellness.eu\/pl\/wp-json\/wp\/v2\/product_cat?post=5174"},{"taxonomy":"product_tag","embeddable":true,"href":"https:\/\/www.dxnwellness.eu\/pl\/wp-json\/wp\/v2\/product_tag?post=5174"}],"curies":[{"name":"wp","href":"https:\/\/api.w.org\/{rel}","templated":true}]}}