{"id":5172,"date":"2025-05-19T04:32:19","date_gmt":"2025-05-19T04:32:19","guid":{"rendered":"https:\/\/www.dxnwellness.eu\/pl\/product\/dxn-kallow-divine-touch-lifting-impact-face-cream\/"},"modified":"2025-05-27T12:10:19","modified_gmt":"2025-05-27T12:10:19","slug":"dxn-kallow-divine-touch-lifting-impact-face-cream","status":"publish","type":"product","link":"https:\/\/www.dxnwellness.eu\/pl\/product\/dxn-kallow-divine-touch-lifting-impact-face-cream\/","title":{"rendered":"DXN Kallow \u2013 Divine Touch Lifting Impact Face Cream"},"content":{"rendered":"<p>Cudowny krem \u200b\u200bliftinguj\u0105cy \u201eDivine Touch\u201d marki DXN dzia\u0142a cuda. \u200b\u200bPrzywraca kontur twarzy i zapewnia sk\u00f3rze m\u0142odzie\u0144czy wygl\u0105d. Ten krem \u200b\u200bma dzia\u0142anie liftinguj\u0105ce, kt\u00f3re g\u0142\u0119boko nawil\u017ca i od\u017cywia sk\u00f3r\u0119, a bogata konsystencja redukuje zmarszczki i zapewnia j\u0119drniejsz\u0105 sk\u00f3r\u0119. Jest wzbogacony o peptydy, kom\u00f3rki macierzyste zielonego jab\u0142ka, olej z awokado, olej z moreli, olej arganowy, kompleks witamin A, E, F i C o silnym dzia\u0142aniu antyoksydacyjnym, kt\u00f3ry op\u00f3\u017ania oznaki starzenia i pomaga zwi\u0119kszy\u0107 produkcj\u0119 kolagenu. Ten krem \u200b\u200bmodeluj\u0105cy tonizuje kontury twarzy, przywraca obj\u0119to\u015b\u0107 i zmniejsza g\u0142\u0119boko\u015b\u0107 zmarszczek. Intensywnie od\u017cywia sk\u00f3r\u0119.<\/p>\n","protected":false},"excerpt":{"rendered":"<p>Cudowny krem \u200b\u200bliftinguj\u0105cy \u201eDivine Touch\u201d marki DXN dzia\u0142a cuda. \u200b\u200bPrzywraca kontur twarzy i zapewnia sk\u00f3rze m\u0142odzie\u0144czy wygl\u0105d. Ten krem \u200b\u200bma dzia\u0142anie liftinguj\u0105ce, kt\u00f3re g\u0142\u0119boko nawil\u017ca i od\u017cywia sk\u00f3r\u0119, a bogata konsystencja redukuje zmarszczki i zapewnia j\u0119drniejsz\u0105 sk\u00f3r\u0119. Jest wzbogacony o peptydy, kom\u00f3rki macierzyste zielonego jab\u0142ka, olej z awokado, olej z moreli, olej arganowy, kompleks witamin [&hellip;]<\/p>\n","protected":false},"featured_media":5292,"comment_status":"open","ping_status":"closed","template":"","meta":{"_acf_changed":false},"product_brand":[],"product_cat":[363],"product_tag":[],"class_list":{"0":"post-5172","1":"product","2":"type-product","3":"status-publish","4":"has-post-thumbnail","6":"product_cat-kosmetyki-kallow","7":"pa_package-50-ml","9":"first","10":"instock","11":"purchasable","12":"product-type-simple"},"acf":[],"_links":{"self":[{"href":"https:\/\/www.dxnwellness.eu\/pl\/wp-json\/wp\/v2\/product\/5172","targetHints":{"allow":["GET"]}}],"collection":[{"href":"https:\/\/www.dxnwellness.eu\/pl\/wp-json\/wp\/v2\/product"}],"about":[{"href":"https:\/\/www.dxnwellness.eu\/pl\/wp-json\/wp\/v2\/types\/product"}],"replies":[{"embeddable":true,"href":"https:\/\/www.dxnwellness.eu\/pl\/wp-json\/wp\/v2\/comments?post=5172"}],"wp:featuredmedia":[{"embeddable":true,"href":"https:\/\/www.dxnwellness.eu\/pl\/wp-json\/wp\/v2\/media\/5292"}],"wp:attachment":[{"href":"https:\/\/www.dxnwellness.eu\/pl\/wp-json\/wp\/v2\/media?parent=5172"}],"wp:term":[{"taxonomy":"product_brand","embeddable":true,"href":"https:\/\/www.dxnwellness.eu\/pl\/wp-json\/wp\/v2\/product_brand?post=5172"},{"taxonomy":"product_cat","embeddable":true,"href":"https:\/\/www.dxnwellness.eu\/pl\/wp-json\/wp\/v2\/product_cat?post=5172"},{"taxonomy":"product_tag","embeddable":true,"href":"https:\/\/www.dxnwellness.eu\/pl\/wp-json\/wp\/v2\/product_tag?post=5172"}],"curies":[{"name":"wp","href":"https:\/\/api.w.org\/{rel}","templated":true}]}}