{"id":5170,"date":"2025-05-19T04:32:19","date_gmt":"2025-05-19T04:32:19","guid":{"rendered":"https:\/\/www.dxnwellness.eu\/pl\/product\/dxn-kallow-divine-touch-lifting-impact-face-serum\/"},"modified":"2025-05-27T12:09:39","modified_gmt":"2025-05-27T12:09:39","slug":"dxn-kallow-divine-touch-lifting-impact-face-serum","status":"publish","type":"product","link":"https:\/\/www.dxnwellness.eu\/pl\/product\/dxn-kallow-divine-touch-lifting-impact-face-serum\/","title":{"rendered":"DXN Kallow \u2013 Divine Touch Lifting Impact Face Serum"},"content":{"rendered":"<p>Serum przeciwstarzeniowe \u201eDivine\u201d firmy DXN z kom\u00f3rkami macierzystymi z jab\u0142ek do twarzy, szyi i dekoltu. Dzi\u0119ki bogactwu sk\u0142adnik\u00f3w aktywnych, takich jak peptydy zapobiegaj\u0105ce zmarszczkom o zaawansowanej technologii, kwas hialuronowy, kompleks witamin E, C, F, retinolu A i naturalnych biosacharyd\u00f3w, wzmacnia, chroni i wyg\u0142adza sk\u00f3r\u0119, cudownie redukuj\u0105c zmarszczki i znacznie zmniejszaj\u0105c ich g\u0142\u0119boko\u015b\u0107. Kontur twarzy ulega poprawie, a sk\u00f3ra odzyskuje utracon\u0105 witalno\u015b\u0107 i j\u0119drno\u015b\u0107. Dzi\u0119ki wzmocnionemu dzia\u0142aniu witaminy C niedoskona\u0142o\u015bci i przebarwienia s\u0105 redukowane, a sk\u00f3ra jest chroniona przed wolnymi rodnikami i codziennymi atakami, na kt\u00f3re jest nara\u017cona. Przyczynia si\u0119 do cofni\u0119cia i uniesienia g\u00f3rnej powieki.<\/p>\n","protected":false},"excerpt":{"rendered":"<p>Serum przeciwstarzeniowe \u201eDivine\u201d firmy DXN z kom\u00f3rkami macierzystymi z jab\u0142ek do twarzy, szyi i dekoltu. Dzi\u0119ki bogactwu sk\u0142adnik\u00f3w aktywnych, takich jak peptydy zapobiegaj\u0105ce zmarszczkom o zaawansowanej technologii, kwas hialuronowy, kompleks witamin E, C, F, retinolu A i naturalnych biosacharyd\u00f3w, wzmacnia, chroni i wyg\u0142adza sk\u00f3r\u0119, cudownie redukuj\u0105c zmarszczki i znacznie zmniejszaj\u0105c ich g\u0142\u0119boko\u015b\u0107. Kontur twarzy ulega [&hellip;]<\/p>\n","protected":false},"featured_media":5289,"comment_status":"open","ping_status":"closed","template":"","meta":{"_acf_changed":false},"product_brand":[],"product_cat":[363],"product_tag":[],"class_list":{"0":"post-5170","1":"product","2":"type-product","3":"status-publish","4":"has-post-thumbnail","6":"product_cat-kosmetyki-kallow","7":"pa_package-30-ml","9":"first","10":"instock","11":"purchasable","12":"product-type-simple"},"acf":[],"_links":{"self":[{"href":"https:\/\/www.dxnwellness.eu\/pl\/wp-json\/wp\/v2\/product\/5170","targetHints":{"allow":["GET"]}}],"collection":[{"href":"https:\/\/www.dxnwellness.eu\/pl\/wp-json\/wp\/v2\/product"}],"about":[{"href":"https:\/\/www.dxnwellness.eu\/pl\/wp-json\/wp\/v2\/types\/product"}],"replies":[{"embeddable":true,"href":"https:\/\/www.dxnwellness.eu\/pl\/wp-json\/wp\/v2\/comments?post=5170"}],"wp:featuredmedia":[{"embeddable":true,"href":"https:\/\/www.dxnwellness.eu\/pl\/wp-json\/wp\/v2\/media\/5289"}],"wp:attachment":[{"href":"https:\/\/www.dxnwellness.eu\/pl\/wp-json\/wp\/v2\/media?parent=5170"}],"wp:term":[{"taxonomy":"product_brand","embeddable":true,"href":"https:\/\/www.dxnwellness.eu\/pl\/wp-json\/wp\/v2\/product_brand?post=5170"},{"taxonomy":"product_cat","embeddable":true,"href":"https:\/\/www.dxnwellness.eu\/pl\/wp-json\/wp\/v2\/product_cat?post=5170"},{"taxonomy":"product_tag","embeddable":true,"href":"https:\/\/www.dxnwellness.eu\/pl\/wp-json\/wp\/v2\/product_tag?post=5170"}],"curies":[{"name":"wp","href":"https:\/\/api.w.org\/{rel}","templated":true}]}}