{"id":5168,"date":"2025-05-19T04:32:19","date_gmt":"2025-05-19T04:32:19","guid":{"rendered":"https:\/\/www.dxnwellness.eu\/pl\/product\/dxn-kallow-divine-touch-lifting-impact-eye-cream\/"},"modified":"2025-05-27T12:11:05","modified_gmt":"2025-05-27T12:11:05","slug":"dxn-kallow-divine-touch-lifting-impact-eye-cream","status":"publish","type":"product","link":"https:\/\/www.dxnwellness.eu\/pl\/product\/dxn-kallow-divine-touch-lifting-impact-eye-cream\/","title":{"rendered":"DXN Kallow \u2013 Divine Touch Lifting Impact Eye Cream"},"content":{"rendered":"<p>Krem pod oczy Divine Touch Instant Lifting Eye Cream marki DXN to cud w s\u0142oiczku. One Eye Cream zapobiega powstawaniu cieni pod oczami, drobnych linii i oznak zm\u0119czenia oraz je redukuje. Napina i prostuje rozlu\u017anione tkanki g\u00f3rnej powieki. Zawarty w nim kwas hialuronowy przywraca r\u00f3wnowag\u0119 hydrolipidow\u0105 i pomaga wyg\u0142adzi\u0107 zmarszczki, a witaminy C, E, A, kofeina i antyoksydacyjne polifenole z zielonej herbaty to najlepsze sk\u0142adniki aktywne do natychmiastowej odnowy sk\u00f3ry. Tonizuj\u0105, wzmacniaj\u0105 i sprawiaj\u0105, \u017ce sk\u00f3ra jest \u015bwie\u017ca i promienna, usuwaj\u0105 obrz\u0119ki, rozlu\u017aniaj\u0105 mi\u0119\u015bnie i poprawiaj\u0105 mikrokr\u0105\u017cenie.<\/p>\n","protected":false},"excerpt":{"rendered":"<p>Krem pod oczy Divine Touch Instant Lifting Eye Cream marki DXN to cud w s\u0142oiczku. One Eye Cream zapobiega powstawaniu cieni pod oczami, drobnych linii i oznak zm\u0119czenia oraz je redukuje. Napina i prostuje rozlu\u017anione tkanki g\u00f3rnej powieki. Zawarty w nim kwas hialuronowy przywraca r\u00f3wnowag\u0119 hydrolipidow\u0105 i pomaga wyg\u0142adzi\u0107 zmarszczki, a witaminy C, E, A, [&hellip;]<\/p>\n","protected":false},"featured_media":5286,"comment_status":"open","ping_status":"closed","template":"","meta":{"_acf_changed":false},"product_brand":[],"product_cat":[363],"product_tag":[],"class_list":{"0":"post-5168","1":"product","2":"type-product","3":"status-publish","4":"has-post-thumbnail","6":"product_cat-kosmetyki-kallow","7":"pa_package-15-ml","9":"first","10":"instock","11":"purchasable","12":"product-type-simple"},"acf":[],"_links":{"self":[{"href":"https:\/\/www.dxnwellness.eu\/pl\/wp-json\/wp\/v2\/product\/5168","targetHints":{"allow":["GET"]}}],"collection":[{"href":"https:\/\/www.dxnwellness.eu\/pl\/wp-json\/wp\/v2\/product"}],"about":[{"href":"https:\/\/www.dxnwellness.eu\/pl\/wp-json\/wp\/v2\/types\/product"}],"replies":[{"embeddable":true,"href":"https:\/\/www.dxnwellness.eu\/pl\/wp-json\/wp\/v2\/comments?post=5168"}],"wp:featuredmedia":[{"embeddable":true,"href":"https:\/\/www.dxnwellness.eu\/pl\/wp-json\/wp\/v2\/media\/5286"}],"wp:attachment":[{"href":"https:\/\/www.dxnwellness.eu\/pl\/wp-json\/wp\/v2\/media?parent=5168"}],"wp:term":[{"taxonomy":"product_brand","embeddable":true,"href":"https:\/\/www.dxnwellness.eu\/pl\/wp-json\/wp\/v2\/product_brand?post=5168"},{"taxonomy":"product_cat","embeddable":true,"href":"https:\/\/www.dxnwellness.eu\/pl\/wp-json\/wp\/v2\/product_cat?post=5168"},{"taxonomy":"product_tag","embeddable":true,"href":"https:\/\/www.dxnwellness.eu\/pl\/wp-json\/wp\/v2\/product_tag?post=5168"}],"curies":[{"name":"wp","href":"https:\/\/api.w.org\/{rel}","templated":true}]}}