{"id":5166,"date":"2025-05-19T04:32:19","date_gmt":"2025-05-19T04:32:19","guid":{"rendered":"https:\/\/www.dxnwellness.eu\/pl\/product\/dxn-kallow-high-protection-face-sunscreen-spf-50\/"},"modified":"2025-05-27T12:13:41","modified_gmt":"2025-05-27T12:13:41","slug":"dxn-kallow-high-protection-face-sunscreen-spf-50","status":"publish","type":"product","link":"https:\/\/www.dxnwellness.eu\/pl\/product\/dxn-kallow-high-protection-face-sunscreen-spf-50\/","title":{"rendered":"DXN Kallow \u2013 High Protection Face Sunscreen SPF 50"},"content":{"rendered":"<p>Nawil\u017caj\u0105cy krem \u200b\u200bprzeciws\u0142oneczny do twarzy o wysokiej ochronie, wzbogacony kwasem hialuronowym i witamin\u0105 E. \u0141atwo rozprowadza si\u0119 na sk\u00f3rze, pozostawiaj\u0105c j\u0105 mi\u0119kk\u0105 i nawil\u017con\u0105. Uszczelnia wilgo\u0107 sk\u00f3ry, wzmacniaj\u0105c jej naturaln\u0105 zdolno\u015b\u0107 regeneracyjn\u0105. Zapewnia nawil\u017cenie, siln\u0105 ochron\u0119 sk\u00f3ry i zapobiega starzeniu.<\/p>\n","protected":false},"excerpt":{"rendered":"<p>Nawil\u017caj\u0105cy krem \u200b\u200bprzeciws\u0142oneczny do twarzy o wysokiej ochronie, wzbogacony kwasem hialuronowym i witamin\u0105 E. \u0141atwo rozprowadza si\u0119 na sk\u00f3rze, pozostawiaj\u0105c j\u0105 mi\u0119kk\u0105 i nawil\u017con\u0105. Uszczelnia wilgo\u0107 sk\u00f3ry, wzmacniaj\u0105c jej naturaln\u0105 zdolno\u015b\u0107 regeneracyjn\u0105. Zapewnia nawil\u017cenie, siln\u0105 ochron\u0119 sk\u00f3ry i zapobiega starzeniu.<\/p>\n","protected":false},"featured_media":5283,"comment_status":"open","ping_status":"closed","template":"","meta":{"_acf_changed":false},"product_brand":[],"product_cat":[363],"product_tag":[],"class_list":{"0":"post-5166","1":"product","2":"type-product","3":"status-publish","4":"has-post-thumbnail","6":"product_cat-kosmetyki-kallow","7":"pa_package-50-ml","9":"first","10":"instock","11":"purchasable","12":"product-type-simple"},"acf":[],"_links":{"self":[{"href":"https:\/\/www.dxnwellness.eu\/pl\/wp-json\/wp\/v2\/product\/5166","targetHints":{"allow":["GET"]}}],"collection":[{"href":"https:\/\/www.dxnwellness.eu\/pl\/wp-json\/wp\/v2\/product"}],"about":[{"href":"https:\/\/www.dxnwellness.eu\/pl\/wp-json\/wp\/v2\/types\/product"}],"replies":[{"embeddable":true,"href":"https:\/\/www.dxnwellness.eu\/pl\/wp-json\/wp\/v2\/comments?post=5166"}],"wp:featuredmedia":[{"embeddable":true,"href":"https:\/\/www.dxnwellness.eu\/pl\/wp-json\/wp\/v2\/media\/5283"}],"wp:attachment":[{"href":"https:\/\/www.dxnwellness.eu\/pl\/wp-json\/wp\/v2\/media?parent=5166"}],"wp:term":[{"taxonomy":"product_brand","embeddable":true,"href":"https:\/\/www.dxnwellness.eu\/pl\/wp-json\/wp\/v2\/product_brand?post=5166"},{"taxonomy":"product_cat","embeddable":true,"href":"https:\/\/www.dxnwellness.eu\/pl\/wp-json\/wp\/v2\/product_cat?post=5166"},{"taxonomy":"product_tag","embeddable":true,"href":"https:\/\/www.dxnwellness.eu\/pl\/wp-json\/wp\/v2\/product_tag?post=5166"}],"curies":[{"name":"wp","href":"https:\/\/api.w.org\/{rel}","templated":true}]}}