{"id":5164,"date":"2025-05-19T04:32:19","date_gmt":"2025-05-19T04:32:19","guid":{"rendered":"https:\/\/www.dxnwellness.eu\/pl\/product\/dxn-kallow-spirulina-avocado-hydrating-face-mask\/"},"modified":"2025-05-27T12:21:01","modified_gmt":"2025-05-27T12:21:01","slug":"dxn-kallow-spirulina-avocado-hydrating-face-mask","status":"publish","type":"product","link":"https:\/\/www.dxnwellness.eu\/pl\/product\/dxn-kallow-spirulina-avocado-hydrating-face-mask\/","title":{"rendered":"DXN Kallow \u2013 Spirulina &amp; Avocado Hydrating Face Mask"},"content":{"rendered":"<p>Intensywnie nawil\u017caj\u0105ca maska \u200b\u200bna noc, wzbogacona o Spirulin\u0119 i Awokado. Sk\u00f3ra gasi pragnienie podczas nocnego odpoczynku i budzi si\u0119 od\u015bwie\u017cona. Pomaga wyg\u0142adzi\u0107 drobne linie i wnika w g\u00f3rne warstwy sk\u00f3ry, op\u00f3\u017aniaj\u0105c oznaki starzenia, zapewniaj\u0105c sk\u00f3rze ochron\u0119 przeciwstarzeniow\u0105.<\/p>\n","protected":false},"excerpt":{"rendered":"<p>Intensywnie nawil\u017caj\u0105ca maska \u200b\u200bna noc, wzbogacona o Spirulin\u0119 i Awokado. Sk\u00f3ra gasi pragnienie podczas nocnego odpoczynku i budzi si\u0119 od\u015bwie\u017cona. Pomaga wyg\u0142adzi\u0107 drobne linie i wnika w g\u00f3rne warstwy sk\u00f3ry, op\u00f3\u017aniaj\u0105c oznaki starzenia, zapewniaj\u0105c sk\u00f3rze ochron\u0119 przeciwstarzeniow\u0105.<\/p>\n","protected":false},"featured_media":5282,"comment_status":"open","ping_status":"closed","template":"","meta":{"_acf_changed":false},"product_brand":[],"product_cat":[363],"product_tag":[],"class_list":{"0":"post-5164","1":"product","2":"type-product","3":"status-publish","4":"has-post-thumbnail","6":"product_cat-kosmetyki-kallow","7":"pa_package-75-ml","9":"first","10":"instock","11":"purchasable","12":"product-type-simple"},"acf":[],"_links":{"self":[{"href":"https:\/\/www.dxnwellness.eu\/pl\/wp-json\/wp\/v2\/product\/5164","targetHints":{"allow":["GET"]}}],"collection":[{"href":"https:\/\/www.dxnwellness.eu\/pl\/wp-json\/wp\/v2\/product"}],"about":[{"href":"https:\/\/www.dxnwellness.eu\/pl\/wp-json\/wp\/v2\/types\/product"}],"replies":[{"embeddable":true,"href":"https:\/\/www.dxnwellness.eu\/pl\/wp-json\/wp\/v2\/comments?post=5164"}],"wp:featuredmedia":[{"embeddable":true,"href":"https:\/\/www.dxnwellness.eu\/pl\/wp-json\/wp\/v2\/media\/5282"}],"wp:attachment":[{"href":"https:\/\/www.dxnwellness.eu\/pl\/wp-json\/wp\/v2\/media?parent=5164"}],"wp:term":[{"taxonomy":"product_brand","embeddable":true,"href":"https:\/\/www.dxnwellness.eu\/pl\/wp-json\/wp\/v2\/product_brand?post=5164"},{"taxonomy":"product_cat","embeddable":true,"href":"https:\/\/www.dxnwellness.eu\/pl\/wp-json\/wp\/v2\/product_cat?post=5164"},{"taxonomy":"product_tag","embeddable":true,"href":"https:\/\/www.dxnwellness.eu\/pl\/wp-json\/wp\/v2\/product_tag?post=5164"}],"curies":[{"name":"wp","href":"https:\/\/api.w.org\/{rel}","templated":true}]}}