{"id":5162,"date":"2025-05-19T04:32:19","date_gmt":"2025-05-19T04:32:19","guid":{"rendered":"https:\/\/www.dxnwellness.eu\/pl\/product\/dxn-kallow-sage-witch-hazel-micellar-cleansing-tonic-water\/"},"modified":"2025-05-27T12:20:22","modified_gmt":"2025-05-27T12:20:22","slug":"dxn-kallow-sage-witch-hazel-micellar-cleansing-tonic-water","status":"publish","type":"product","link":"https:\/\/www.dxnwellness.eu\/pl\/product\/dxn-kallow-sage-witch-hazel-micellar-cleansing-tonic-water\/","title":{"rendered":"DXN Kallow \u2013 Sage &amp; Witch Hazel Micellar Cleansing Tonic Water"},"content":{"rendered":"<p>Skuteczna woda micelarna z sza\u0142wi\u0105 i oczarem wirginijskim do bardzo g\u0142\u0119bokiego oczyszczania, kt\u00f3ra jednocze\u015bnie zapewnia silne nawil\u017cenie, ochron\u0119 przeciwstarzeniow\u0105 i przeciw zanieczyszczeniom. Zosta\u0142a specjalnie zaprojektowana do potrzeb sk\u00f3ry, kt\u00f3ra jest codziennie \u201ebombardowana\u201d przez czynniki dra\u017cni\u0105ce miejskiego \u017cycia. Oczar wirginijski i sza\u0142wia maj\u0105 w\u0142a\u015bciwo\u015bci koj\u0105ce, antybakteryjne, przeciwutleniaj\u0105ce i goj\u0105ce. Nie wymaga sp\u0142ukiwania, delikatnie oczyszcza, matuje i usuwa zanieczyszczenia, w tym makija\u017c, z twarzy i oczu. Idealna do usuwania makija\u017cu.<\/p>\n","protected":false},"excerpt":{"rendered":"<p>Skuteczna woda micelarna z sza\u0142wi\u0105 i oczarem wirginijskim do bardzo g\u0142\u0119bokiego oczyszczania, kt\u00f3ra jednocze\u015bnie zapewnia silne nawil\u017cenie, ochron\u0119 przeciwstarzeniow\u0105 i przeciw zanieczyszczeniom. Zosta\u0142a specjalnie zaprojektowana do potrzeb sk\u00f3ry, kt\u00f3ra jest codziennie \u201ebombardowana\u201d przez czynniki dra\u017cni\u0105ce miejskiego \u017cycia. Oczar wirginijski i sza\u0142wia maj\u0105 w\u0142a\u015bciwo\u015bci koj\u0105ce, antybakteryjne, przeciwutleniaj\u0105ce i goj\u0105ce. Nie wymaga sp\u0142ukiwania, delikatnie oczyszcza, matuje i [&hellip;]<\/p>\n","protected":false},"featured_media":5281,"comment_status":"open","ping_status":"closed","template":"","meta":{"_acf_changed":false},"product_brand":[],"product_cat":[363],"product_tag":[],"class_list":{"0":"post-5162","1":"product","2":"type-product","3":"status-publish","4":"has-post-thumbnail","6":"product_cat-kosmetyki-kallow","7":"pa_package-200-ml","9":"first","10":"instock","11":"purchasable","12":"product-type-simple"},"acf":[],"_links":{"self":[{"href":"https:\/\/www.dxnwellness.eu\/pl\/wp-json\/wp\/v2\/product\/5162","targetHints":{"allow":["GET"]}}],"collection":[{"href":"https:\/\/www.dxnwellness.eu\/pl\/wp-json\/wp\/v2\/product"}],"about":[{"href":"https:\/\/www.dxnwellness.eu\/pl\/wp-json\/wp\/v2\/types\/product"}],"replies":[{"embeddable":true,"href":"https:\/\/www.dxnwellness.eu\/pl\/wp-json\/wp\/v2\/comments?post=5162"}],"wp:featuredmedia":[{"embeddable":true,"href":"https:\/\/www.dxnwellness.eu\/pl\/wp-json\/wp\/v2\/media\/5281"}],"wp:attachment":[{"href":"https:\/\/www.dxnwellness.eu\/pl\/wp-json\/wp\/v2\/media?parent=5162"}],"wp:term":[{"taxonomy":"product_brand","embeddable":true,"href":"https:\/\/www.dxnwellness.eu\/pl\/wp-json\/wp\/v2\/product_brand?post=5162"},{"taxonomy":"product_cat","embeddable":true,"href":"https:\/\/www.dxnwellness.eu\/pl\/wp-json\/wp\/v2\/product_cat?post=5162"},{"taxonomy":"product_tag","embeddable":true,"href":"https:\/\/www.dxnwellness.eu\/pl\/wp-json\/wp\/v2\/product_tag?post=5162"}],"curies":[{"name":"wp","href":"https:\/\/api.w.org\/{rel}","templated":true}]}}