{"id":5160,"date":"2025-05-19T04:32:19","date_gmt":"2025-05-19T04:32:19","guid":{"rendered":"https:\/\/www.dxnwellness.eu\/pl\/product\/dxn-kallow-argan-grapeseed-oil-hydrating-face-cream\/"},"modified":"2025-05-27T12:08:15","modified_gmt":"2025-05-27T12:08:15","slug":"dxn-kallow-argan-grapeseed-oil-hydrating-face-cream","status":"publish","type":"product","link":"https:\/\/www.dxnwellness.eu\/pl\/product\/dxn-kallow-argan-grapeseed-oil-hydrating-face-cream\/","title":{"rendered":"DXN Kallow \u2013 Argan &amp; Grapeseed Oil Hydrating Face Cream"},"content":{"rendered":"<p>Lekki, superabsorbuj\u0105cy krem, kt\u00f3ry wnika nawet w najg\u0142\u0119bsze warstwy sk\u00f3ry, zapewniaj\u0105c nawil\u017cenie, kt\u00f3re utrzymuje si\u0119 przez ca\u0142y dzie\u0144. Pot\u0119\u017cne po\u0142\u0105czenie kwasu hialuronowego, oleju arganowego z dzia\u0142aniem antyoksydacyjnym witaminy E i oleju z pestek winogron zwi\u0119ksza produkcj\u0119 kolagenu, zapewnia elastyczno\u015b\u0107, chroni sk\u00f3r\u0119 przed zanieczyszczeniami i oferuje natychmiastowe i znaczne nawil\u017cenie.<\/p>\n","protected":false},"excerpt":{"rendered":"<p>Lekki, superabsorbuj\u0105cy krem, kt\u00f3ry wnika nawet w najg\u0142\u0119bsze warstwy sk\u00f3ry, zapewniaj\u0105c nawil\u017cenie, kt\u00f3re utrzymuje si\u0119 przez ca\u0142y dzie\u0144. Pot\u0119\u017cne po\u0142\u0105czenie kwasu hialuronowego, oleju arganowego z dzia\u0142aniem antyoksydacyjnym witaminy E i oleju z pestek winogron zwi\u0119ksza produkcj\u0119 kolagenu, zapewnia elastyczno\u015b\u0107, chroni sk\u00f3r\u0119 przed zanieczyszczeniami i oferuje natychmiastowe i znaczne nawil\u017cenie.<\/p>\n","protected":false},"featured_media":5278,"comment_status":"open","ping_status":"closed","template":"","meta":{"_acf_changed":false},"product_brand":[],"product_cat":[363],"product_tag":[],"class_list":{"0":"post-5160","1":"product","2":"type-product","3":"status-publish","4":"has-post-thumbnail","6":"product_cat-kosmetyki-kallow","7":"pa_package-50-ml","9":"first","10":"instock","11":"purchasable","12":"product-type-simple"},"acf":[],"_links":{"self":[{"href":"https:\/\/www.dxnwellness.eu\/pl\/wp-json\/wp\/v2\/product\/5160","targetHints":{"allow":["GET"]}}],"collection":[{"href":"https:\/\/www.dxnwellness.eu\/pl\/wp-json\/wp\/v2\/product"}],"about":[{"href":"https:\/\/www.dxnwellness.eu\/pl\/wp-json\/wp\/v2\/types\/product"}],"replies":[{"embeddable":true,"href":"https:\/\/www.dxnwellness.eu\/pl\/wp-json\/wp\/v2\/comments?post=5160"}],"wp:featuredmedia":[{"embeddable":true,"href":"https:\/\/www.dxnwellness.eu\/pl\/wp-json\/wp\/v2\/media\/5278"}],"wp:attachment":[{"href":"https:\/\/www.dxnwellness.eu\/pl\/wp-json\/wp\/v2\/media?parent=5160"}],"wp:term":[{"taxonomy":"product_brand","embeddable":true,"href":"https:\/\/www.dxnwellness.eu\/pl\/wp-json\/wp\/v2\/product_brand?post=5160"},{"taxonomy":"product_cat","embeddable":true,"href":"https:\/\/www.dxnwellness.eu\/pl\/wp-json\/wp\/v2\/product_cat?post=5160"},{"taxonomy":"product_tag","embeddable":true,"href":"https:\/\/www.dxnwellness.eu\/pl\/wp-json\/wp\/v2\/product_tag?post=5160"}],"curies":[{"name":"wp","href":"https:\/\/api.w.org\/{rel}","templated":true}]}}