{"id":5156,"date":"2025-05-19T04:32:19","date_gmt":"2025-05-19T04:32:19","guid":{"rendered":"https:\/\/www.dxnwellness.eu\/pl\/product\/dxn-kallow-aloe-chamomile-instant-foaming-cleanser\/"},"modified":"2025-05-27T12:07:07","modified_gmt":"2025-05-27T12:07:07","slug":"dxn-kallow-aloe-chamomile-instant-foaming-cleanser","status":"publish","type":"product","link":"https:\/\/www.dxnwellness.eu\/pl\/product\/dxn-kallow-aloe-chamomile-instant-foaming-cleanser\/","title":{"rendered":"DXN Kallow \u2013 Aloe &amp; Chamomile Instant Foaming Cleanser"},"content":{"rendered":"<p>Delikatny pieni\u0105cy si\u0119 \u015brodek czyszcz\u0105cy do twarzy zawieraj\u0105cy aloes i rumianek, sk\u0142adniki znane ze swoich dobroczynnych w\u0142a\u015bciwo\u015bci od czas\u00f3w staro\u017cytnych. Wnika g\u0142\u0119boko w pory sk\u00f3ry, oferuj\u0105c g\u0142\u0119bokie oczyszczanie poprzez usuwanie brudu i sebum bez ich rozszerzania. Wysoce antyoksydacyjne i koj\u0105ce dzia\u0142anie sk\u0142adnik\u00f3w sprawia, \u017ce \u200b\u200bjest odpowiedni dla ka\u017cdego rodzaju sk\u00f3ry, poniewa\u017c \u0142agodzi podra\u017cnienia i zapewnia nawil\u017cenie i odm\u0142odzenie.<\/p>\n","protected":false},"excerpt":{"rendered":"<p>Delikatny pieni\u0105cy si\u0119 \u015brodek czyszcz\u0105cy do twarzy zawieraj\u0105cy aloes i rumianek, sk\u0142adniki znane ze swoich dobroczynnych w\u0142a\u015bciwo\u015bci od czas\u00f3w staro\u017cytnych. Wnika g\u0142\u0119boko w pory sk\u00f3ry, oferuj\u0105c g\u0142\u0119bokie oczyszczanie poprzez usuwanie brudu i sebum bez ich rozszerzania. Wysoce antyoksydacyjne i koj\u0105ce dzia\u0142anie sk\u0142adnik\u00f3w sprawia, \u017ce \u200b\u200bjest odpowiedni dla ka\u017cdego rodzaju sk\u00f3ry, poniewa\u017c \u0142agodzi podra\u017cnienia i zapewnia [&hellip;]<\/p>\n","protected":false},"featured_media":5274,"comment_status":"open","ping_status":"closed","template":"","meta":{"_acf_changed":false},"product_brand":[],"product_cat":[363],"product_tag":[],"class_list":{"0":"post-5156","1":"product","2":"type-product","3":"status-publish","4":"has-post-thumbnail","6":"product_cat-kosmetyki-kallow","7":"pa_package-150-ml","9":"first","10":"instock","11":"purchasable","12":"product-type-simple"},"acf":[],"_links":{"self":[{"href":"https:\/\/www.dxnwellness.eu\/pl\/wp-json\/wp\/v2\/product\/5156","targetHints":{"allow":["GET"]}}],"collection":[{"href":"https:\/\/www.dxnwellness.eu\/pl\/wp-json\/wp\/v2\/product"}],"about":[{"href":"https:\/\/www.dxnwellness.eu\/pl\/wp-json\/wp\/v2\/types\/product"}],"replies":[{"embeddable":true,"href":"https:\/\/www.dxnwellness.eu\/pl\/wp-json\/wp\/v2\/comments?post=5156"}],"wp:featuredmedia":[{"embeddable":true,"href":"https:\/\/www.dxnwellness.eu\/pl\/wp-json\/wp\/v2\/media\/5274"}],"wp:attachment":[{"href":"https:\/\/www.dxnwellness.eu\/pl\/wp-json\/wp\/v2\/media?parent=5156"}],"wp:term":[{"taxonomy":"product_brand","embeddable":true,"href":"https:\/\/www.dxnwellness.eu\/pl\/wp-json\/wp\/v2\/product_brand?post=5156"},{"taxonomy":"product_cat","embeddable":true,"href":"https:\/\/www.dxnwellness.eu\/pl\/wp-json\/wp\/v2\/product_cat?post=5156"},{"taxonomy":"product_tag","embeddable":true,"href":"https:\/\/www.dxnwellness.eu\/pl\/wp-json\/wp\/v2\/product_tag?post=5156"}],"curies":[{"name":"wp","href":"https:\/\/api.w.org\/{rel}","templated":true}]}}