{"id":5154,"date":"2025-05-19T04:32:19","date_gmt":"2025-05-19T04:32:19","guid":{"rendered":"https:\/\/www.dxnwellness.eu\/pl\/product\/dxn-chubby-baby-oil\/"},"modified":"2025-05-28T08:15:11","modified_gmt":"2025-05-28T08:15:11","slug":"dxn-chubby-baby-oil","status":"publish","type":"product","link":"https:\/\/www.dxnwellness.eu\/pl\/product\/dxn-chubby-baby-oil\/","title":{"rendered":"DXN Chubby Baby Oil"},"content":{"rendered":"<p>Rozpie\u015b\u0107 swoje male\u0144stwo olejkiem DXN Chubby Baby Oil, wzbogaconym olejem z nasion s\u0142onecznika i mieszank\u0105 delikatnych sk\u0142adnik\u00f3w ro\u015blinnych, w tym ekstraktem z kwiat\u00f3w chryzantemy indyjskiej, ekstraktem z korzenia lukrecji, ekstraktem z korzenia sophora angustifolia i ekstraktem z korzenia arcydzi\u0119gla. Ten koj\u0105cy olejek zosta\u0142 specjalnie opracowany, aby utrzyma\u0107 nawil\u017cenie sk\u00f3ry, nawet w trudno dost\u0119pnych miejscach. Jest wystarczaj\u0105co delikatny dla delikatnej sk\u00f3ry niemowl\u0105t, a jednocze\u015bnie wystarczaj\u0105co wszechstronny dla m\u0142odzie\u017cy i doros\u0142ych, aby oczy\u015bci\u0107, usun\u0105\u0107 makija\u017c lub zmi\u0119kczy\u0107 szorstk\u0105 sk\u00f3r\u0119 w miejscach takich jak \u0142okcie lub pi\u0119ty.<\/p>\n<p>Zapewnij sk\u00f3rze swojego dziecka od\u017cywcz\u0105 piel\u0119gnacj\u0119, na jak\u0105 zas\u0142uguje, dzi\u0119ki olejkowi DXN Chubby Baby Oil \u2014 idealnemu dla sk\u00f3ry wra\u017cliwej!<\/p>\n","protected":false},"excerpt":{"rendered":"<p>Rozpie\u015b\u0107 swoje male\u0144stwo olejkiem DXN Chubby Baby Oil, wzbogaconym olejem z nasion s\u0142onecznika i mieszank\u0105 delikatnych sk\u0142adnik\u00f3w ro\u015blinnych, w tym ekstraktem z kwiat\u00f3w chryzantemy indyjskiej, ekstraktem z korzenia lukrecji, ekstraktem z korzenia sophora angustifolia i ekstraktem z korzenia arcydzi\u0119gla. Ten koj\u0105cy olejek zosta\u0142 specjalnie opracowany, aby utrzyma\u0107 nawil\u017cenie sk\u00f3ry, nawet w trudno dost\u0119pnych miejscach. Jest [&hellip;]<\/p>\n","protected":false},"featured_media":5273,"comment_status":"open","ping_status":"closed","template":"","meta":{"_acf_changed":false},"product_brand":[],"product_cat":[355],"product_tag":[],"class_list":{"0":"post-5154","1":"product","2":"type-product","3":"status-publish","4":"has-post-thumbnail","6":"product_cat-pielegnacja-osobista-cat","7":"pa_package-200-ml","9":"first","10":"instock","11":"purchasable","12":"product-type-simple"},"acf":[],"_links":{"self":[{"href":"https:\/\/www.dxnwellness.eu\/pl\/wp-json\/wp\/v2\/product\/5154","targetHints":{"allow":["GET"]}}],"collection":[{"href":"https:\/\/www.dxnwellness.eu\/pl\/wp-json\/wp\/v2\/product"}],"about":[{"href":"https:\/\/www.dxnwellness.eu\/pl\/wp-json\/wp\/v2\/types\/product"}],"replies":[{"embeddable":true,"href":"https:\/\/www.dxnwellness.eu\/pl\/wp-json\/wp\/v2\/comments?post=5154"}],"wp:featuredmedia":[{"embeddable":true,"href":"https:\/\/www.dxnwellness.eu\/pl\/wp-json\/wp\/v2\/media\/5273"}],"wp:attachment":[{"href":"https:\/\/www.dxnwellness.eu\/pl\/wp-json\/wp\/v2\/media?parent=5154"}],"wp:term":[{"taxonomy":"product_brand","embeddable":true,"href":"https:\/\/www.dxnwellness.eu\/pl\/wp-json\/wp\/v2\/product_brand?post=5154"},{"taxonomy":"product_cat","embeddable":true,"href":"https:\/\/www.dxnwellness.eu\/pl\/wp-json\/wp\/v2\/product_cat?post=5154"},{"taxonomy":"product_tag","embeddable":true,"href":"https:\/\/www.dxnwellness.eu\/pl\/wp-json\/wp\/v2\/product_tag?post=5154"}],"curies":[{"name":"wp","href":"https:\/\/api.w.org\/{rel}","templated":true}]}}