{"id":5152,"date":"2025-05-19T04:32:17","date_gmt":"2025-05-19T04:32:17","guid":{"rendered":"https:\/\/www.dxnwellness.eu\/pl\/product\/dxn-gano-massage-oil\/"},"modified":"2025-05-28T07:41:46","modified_gmt":"2025-05-28T07:41:46","slug":"dxn-gano-massage-oil","status":"publish","type":"product","link":"https:\/\/www.dxnwellness.eu\/pl\/product\/dxn-gano-massage-oil\/","title":{"rendered":"DXN Gano Massage Oil"},"content":{"rendered":"<p>Rozkoszuj si\u0119 koj\u0105cymi w\u0142a\u015bciwo\u015bciami olejku do masa\u017cu DXN Gano Massage Oil, luksusowej mieszanki najwy\u017cszej jako\u015bci oleju palmowego i ekstraktu z grzyba Ganoderma lucidum. Ten od\u017cywczy olejek pomaga rozlu\u017ani\u0107 mi\u0119\u015bnie, nawil\u017cy\u0107 sk\u00f3r\u0119 i zapewnia od\u015bwie\u017caj\u0105ce, odm\u0142adzaj\u0105ce uczucie. Idealny do og\u00f3lnej piel\u0119gnacji sk\u00f3ry, to naturalny spos\u00f3b na rozpieszczanie cia\u0142a i relaks.<\/p>\n<p>Od\u015bwie\u017c swoje cia\u0142o dzi\u0119ki uspokajaj\u0105cemu i od\u017cywiaj\u0105cemu sk\u00f3r\u0119 olejkowi do masa\u017cu DXN Gano!<\/p>\n","protected":false},"excerpt":{"rendered":"<p>Rozkoszuj si\u0119 koj\u0105cymi w\u0142a\u015bciwo\u015bciami olejku do masa\u017cu DXN Gano Massage Oil, luksusowej mieszanki najwy\u017cszej jako\u015bci oleju palmowego i ekstraktu z grzyba Ganoderma lucidum. Ten od\u017cywczy olejek pomaga rozlu\u017ani\u0107 mi\u0119\u015bnie, nawil\u017cy\u0107 sk\u00f3r\u0119 i zapewnia od\u015bwie\u017caj\u0105ce, odm\u0142adzaj\u0105ce uczucie. Idealny do og\u00f3lnej piel\u0119gnacji sk\u00f3ry, to naturalny spos\u00f3b na rozpieszczanie cia\u0142a i relaks. Od\u015bwie\u017c swoje cia\u0142o dzi\u0119ki uspokajaj\u0105cemu i [&hellip;]<\/p>\n","protected":false},"featured_media":5272,"comment_status":"open","ping_status":"closed","template":"","meta":{"_acf_changed":false},"product_brand":[],"product_cat":[355],"product_tag":[],"class_list":{"0":"post-5152","1":"product","2":"type-product","3":"status-publish","4":"has-post-thumbnail","6":"product_cat-pielegnacja-osobista-cat","7":"pa_package-75-ml","9":"first","10":"instock","11":"purchasable","12":"product-type-simple"},"acf":[],"_links":{"self":[{"href":"https:\/\/www.dxnwellness.eu\/pl\/wp-json\/wp\/v2\/product\/5152","targetHints":{"allow":["GET"]}}],"collection":[{"href":"https:\/\/www.dxnwellness.eu\/pl\/wp-json\/wp\/v2\/product"}],"about":[{"href":"https:\/\/www.dxnwellness.eu\/pl\/wp-json\/wp\/v2\/types\/product"}],"replies":[{"embeddable":true,"href":"https:\/\/www.dxnwellness.eu\/pl\/wp-json\/wp\/v2\/comments?post=5152"}],"wp:featuredmedia":[{"embeddable":true,"href":"https:\/\/www.dxnwellness.eu\/pl\/wp-json\/wp\/v2\/media\/5272"}],"wp:attachment":[{"href":"https:\/\/www.dxnwellness.eu\/pl\/wp-json\/wp\/v2\/media?parent=5152"}],"wp:term":[{"taxonomy":"product_brand","embeddable":true,"href":"https:\/\/www.dxnwellness.eu\/pl\/wp-json\/wp\/v2\/product_brand?post=5152"},{"taxonomy":"product_cat","embeddable":true,"href":"https:\/\/www.dxnwellness.eu\/pl\/wp-json\/wp\/v2\/product_cat?post=5152"},{"taxonomy":"product_tag","embeddable":true,"href":"https:\/\/www.dxnwellness.eu\/pl\/wp-json\/wp\/v2\/product_tag?post=5152"}],"curies":[{"name":"wp","href":"https:\/\/api.w.org\/{rel}","templated":true}]}}