{"id":5150,"date":"2025-05-19T04:32:17","date_gmt":"2025-05-19T04:32:17","guid":{"rendered":"https:\/\/www.dxnwellness.eu\/pl\/product\/dxn-ganozhi-soap\/"},"modified":"2025-05-27T12:25:58","modified_gmt":"2025-05-27T12:25:58","slug":"dxn-ganozhi-soap","status":"publish","type":"product","link":"https:\/\/www.dxnwellness.eu\/pl\/product\/dxn-ganozhi-soap\/","title":{"rendered":"DXN Ganozhi Soap"},"content":{"rendered":"<p>O\u017cyw swoj\u0105 sk\u00f3r\u0119 myd\u0142em DXN Ganozhi, wzbogaconym ekstraktem z grzyba Ganoderma lucidum. To delikatne myd\u0142o oczyszcza sk\u00f3r\u0119, pomagaj\u0105c jednocze\u015bnie utrzyma\u0107 jej naturalne nawil\u017cenie. Od\u017cywcze w\u0142a\u015bciwo\u015bci Ganodermy sprawiaj\u0105, \u017ce sk\u00f3ra jest od\u015bwie\u017cona, g\u0142adka i odm\u0142odzona przy ka\u017cdym u\u017cyciu.<\/p>\n<p>Wypr\u00f3buj od\u015bwie\u017caj\u0105c\u0105, odm\u0142adzaj\u0105c\u0105 piel\u0119gnacj\u0119 myd\u0142a DXN Ganozhi \u2014 idealnego wyboru dla naturalnie od\u017cywionej sk\u00f3ry!<\/p>\n","protected":false},"excerpt":{"rendered":"<p>O\u017cyw swoj\u0105 sk\u00f3r\u0119 myd\u0142em DXN Ganozhi, wzbogaconym ekstraktem z grzyba Ganoderma lucidum. To delikatne myd\u0142o oczyszcza sk\u00f3r\u0119, pomagaj\u0105c jednocze\u015bnie utrzyma\u0107 jej naturalne nawil\u017cenie. Od\u017cywcze w\u0142a\u015bciwo\u015bci Ganodermy sprawiaj\u0105, \u017ce sk\u00f3ra jest od\u015bwie\u017cona, g\u0142adka i odm\u0142odzona przy ka\u017cdym u\u017cyciu. Wypr\u00f3buj od\u015bwie\u017caj\u0105c\u0105, odm\u0142adzaj\u0105c\u0105 piel\u0119gnacj\u0119 myd\u0142a DXN Ganozhi \u2014 idealnego wyboru dla naturalnie od\u017cywionej sk\u00f3ry!<\/p>\n","protected":false},"featured_media":5271,"comment_status":"open","ping_status":"closed","template":"","meta":{"_acf_changed":false},"product_brand":[],"product_cat":[355],"product_tag":[],"class_list":{"0":"post-5150","1":"product","2":"type-product","3":"status-publish","4":"has-post-thumbnail","6":"product_cat-pielegnacja-osobista-cat","7":"pa_package-80-g","9":"first","10":"instock","11":"purchasable","12":"product-type-simple"},"acf":[],"_links":{"self":[{"href":"https:\/\/www.dxnwellness.eu\/pl\/wp-json\/wp\/v2\/product\/5150","targetHints":{"allow":["GET"]}}],"collection":[{"href":"https:\/\/www.dxnwellness.eu\/pl\/wp-json\/wp\/v2\/product"}],"about":[{"href":"https:\/\/www.dxnwellness.eu\/pl\/wp-json\/wp\/v2\/types\/product"}],"replies":[{"embeddable":true,"href":"https:\/\/www.dxnwellness.eu\/pl\/wp-json\/wp\/v2\/comments?post=5150"}],"wp:featuredmedia":[{"embeddable":true,"href":"https:\/\/www.dxnwellness.eu\/pl\/wp-json\/wp\/v2\/media\/5271"}],"wp:attachment":[{"href":"https:\/\/www.dxnwellness.eu\/pl\/wp-json\/wp\/v2\/media?parent=5150"}],"wp:term":[{"taxonomy":"product_brand","embeddable":true,"href":"https:\/\/www.dxnwellness.eu\/pl\/wp-json\/wp\/v2\/product_brand?post=5150"},{"taxonomy":"product_cat","embeddable":true,"href":"https:\/\/www.dxnwellness.eu\/pl\/wp-json\/wp\/v2\/product_cat?post=5150"},{"taxonomy":"product_tag","embeddable":true,"href":"https:\/\/www.dxnwellness.eu\/pl\/wp-json\/wp\/v2\/product_tag?post=5150"}],"curies":[{"name":"wp","href":"https:\/\/api.w.org\/{rel}","templated":true}]}}