{"id":5148,"date":"2025-05-19T04:32:17","date_gmt":"2025-05-19T04:32:17","guid":{"rendered":"https:\/\/www.dxnwellness.eu\/pl\/product\/dxn-zhicare-toothpaste\/"},"modified":"2025-05-27T12:27:11","modified_gmt":"2025-05-27T12:27:11","slug":"dxn-zhicare-toothpaste","status":"publish","type":"product","link":"https:\/\/www.dxnwellness.eu\/pl\/product\/dxn-zhicare-toothpaste\/","title":{"rendered":"DXN Zhicare Toothpaste"},"content":{"rendered":"<p>Prze\u017cyj wyj\u0105tkowe do\u015bwiadczenie szczotkowania z past\u0105 do z\u0119b\u00f3w DXN Zhicare, stworzon\u0105 z mieszanki mentolu, stewii, go\u017adzik\u00f3w, ekstraktu z Ganodermy, cynamonu, olejku z drzewa herbacianego i aloesu. Ta wyj\u0105tkowa pasta do z\u0119b\u00f3w pomaga czy\u015bci\u0107 z\u0119by i od\u015bwie\u017ca\u0107 oddech, oferuj\u0105c jednocze\u015bnie od\u015bwie\u017caj\u0105ce, niepieni\u0105ce do\u015bwiadczenie szczotkowania z wyj\u0105tkowym s\u0142onym smakiem. Zaprojektowana tak, aby by\u0142a delikatna dla dzi\u0105se\u0142, zapewnia codzienn\u0105 piel\u0119gnacj\u0119 jamy ustnej z naturalnym dotykiem.<\/p>\n<p>Zapewnij swoim z\u0119bom piel\u0119gnacj\u0119, na jak\u0105 zas\u0142uguj\u0105, dzi\u0119ki mocy naturalnych sk\u0142adnik\u00f3w zawartych w pa\u015bcie do z\u0119b\u00f3w DXN Zhicare!<\/p>\n","protected":false},"excerpt":{"rendered":"<p>Prze\u017cyj wyj\u0105tkowe do\u015bwiadczenie szczotkowania z past\u0105 do z\u0119b\u00f3w DXN Zhicare, stworzon\u0105 z mieszanki mentolu, stewii, go\u017adzik\u00f3w, ekstraktu z Ganodermy, cynamonu, olejku z drzewa herbacianego i aloesu. Ta wyj\u0105tkowa pasta do z\u0119b\u00f3w pomaga czy\u015bci\u0107 z\u0119by i od\u015bwie\u017ca\u0107 oddech, oferuj\u0105c jednocze\u015bnie od\u015bwie\u017caj\u0105ce, niepieni\u0105ce do\u015bwiadczenie szczotkowania z wyj\u0105tkowym s\u0142onym smakiem. Zaprojektowana tak, aby by\u0142a delikatna dla dzi\u0105se\u0142, zapewnia [&hellip;]<\/p>\n","protected":false},"featured_media":5270,"comment_status":"open","ping_status":"closed","template":"","meta":{"_acf_changed":false},"product_brand":[],"product_cat":[355],"product_tag":[],"class_list":{"0":"post-5148","1":"product","2":"type-product","3":"status-publish","4":"has-post-thumbnail","6":"product_cat-pielegnacja-osobista-cat","7":"pa_package-100-g","9":"first","10":"instock","11":"purchasable","12":"product-type-simple"},"acf":[],"_links":{"self":[{"href":"https:\/\/www.dxnwellness.eu\/pl\/wp-json\/wp\/v2\/product\/5148","targetHints":{"allow":["GET"]}}],"collection":[{"href":"https:\/\/www.dxnwellness.eu\/pl\/wp-json\/wp\/v2\/product"}],"about":[{"href":"https:\/\/www.dxnwellness.eu\/pl\/wp-json\/wp\/v2\/types\/product"}],"replies":[{"embeddable":true,"href":"https:\/\/www.dxnwellness.eu\/pl\/wp-json\/wp\/v2\/comments?post=5148"}],"wp:featuredmedia":[{"embeddable":true,"href":"https:\/\/www.dxnwellness.eu\/pl\/wp-json\/wp\/v2\/media\/5270"}],"wp:attachment":[{"href":"https:\/\/www.dxnwellness.eu\/pl\/wp-json\/wp\/v2\/media?parent=5148"}],"wp:term":[{"taxonomy":"product_brand","embeddable":true,"href":"https:\/\/www.dxnwellness.eu\/pl\/wp-json\/wp\/v2\/product_brand?post=5148"},{"taxonomy":"product_cat","embeddable":true,"href":"https:\/\/www.dxnwellness.eu\/pl\/wp-json\/wp\/v2\/product_cat?post=5148"},{"taxonomy":"product_tag","embeddable":true,"href":"https:\/\/www.dxnwellness.eu\/pl\/wp-json\/wp\/v2\/product_tag?post=5148"}],"curies":[{"name":"wp","href":"https:\/\/api.w.org\/{rel}","templated":true}]}}