{"id":5146,"date":"2025-05-19T04:32:17","date_gmt":"2025-05-19T04:32:17","guid":{"rendered":"https:\/\/www.dxnwellness.eu\/pl\/product\/dxn-toiletries-travel-kit\/"},"modified":"2025-05-27T12:22:56","modified_gmt":"2025-05-27T12:22:56","slug":"dxn-toiletries-travel-kit","status":"publish","type":"product","link":"https:\/\/www.dxnwellness.eu\/pl\/product\/dxn-toiletries-travel-kit\/","title":{"rendered":"DXN Toiletries Travel Kit"},"content":{"rendered":"<p>Zachowaj \u015bwie\u017co\u015b\u0107 w podr\u00f3\u017cy dzi\u0119ki zestawowi podr\u00f3\u017cnemu DXN Toiletries. Ta wygodna torba podr\u00f3\u017cna zosta\u0142a zaprojektowana tak, aby zaoszcz\u0119dzi\u0107 miejsce w baga\u017cu, a jednocze\u015bnie zapewni\u0107 Ci \u015bwie\u017co\u015b\u0107 podczas podr\u00f3\u017cy. Zestaw zawiera:<br \/>\nGanozhi Shampoo 50 ml, Ganozhi Body Foam 50 ml, Ganozhi Toothpaste 40 g.<\/p>\n<p>Podr\u00f3\u017cuj lekko i zachowaj \u015bwie\u017co\u015b\u0107 dzi\u0119ki temu uniwersalnemu zestawowi kosmetyk\u00f3w! Idealny do utrzymania codziennej higieny w podr\u00f3\u017cy!<\/p>\n","protected":false},"excerpt":{"rendered":"<p>Zachowaj \u015bwie\u017co\u015b\u0107 w podr\u00f3\u017cy dzi\u0119ki zestawowi podr\u00f3\u017cnemu DXN Toiletries. Ta wygodna torba podr\u00f3\u017cna zosta\u0142a zaprojektowana tak, aby zaoszcz\u0119dzi\u0107 miejsce w baga\u017cu, a jednocze\u015bnie zapewni\u0107 Ci \u015bwie\u017co\u015b\u0107 podczas podr\u00f3\u017cy. Zestaw zawiera: Ganozhi Shampoo 50 ml, Ganozhi Body Foam 50 ml, Ganozhi Toothpaste 40 g. Podr\u00f3\u017cuj lekko i zachowaj \u015bwie\u017co\u015b\u0107 dzi\u0119ki temu uniwersalnemu zestawowi kosmetyk\u00f3w! Idealny do [&hellip;]<\/p>\n","protected":false},"featured_media":5269,"comment_status":"open","ping_status":"closed","template":"","meta":{"_acf_changed":false},"product_brand":[],"product_cat":[355],"product_tag":[],"class_list":{"0":"post-5146","1":"product","2":"type-product","3":"status-publish","4":"has-post-thumbnail","6":"product_cat-pielegnacja-osobista-cat","7":"pa_package-travel-kit-50-ml-ganozhi-shampoo-50-ml-ganozhi-body-foam-40-g-ganozhi-toothpaste","9":"first","10":"instock","11":"purchasable","12":"product-type-simple"},"acf":[],"_links":{"self":[{"href":"https:\/\/www.dxnwellness.eu\/pl\/wp-json\/wp\/v2\/product\/5146","targetHints":{"allow":["GET"]}}],"collection":[{"href":"https:\/\/www.dxnwellness.eu\/pl\/wp-json\/wp\/v2\/product"}],"about":[{"href":"https:\/\/www.dxnwellness.eu\/pl\/wp-json\/wp\/v2\/types\/product"}],"replies":[{"embeddable":true,"href":"https:\/\/www.dxnwellness.eu\/pl\/wp-json\/wp\/v2\/comments?post=5146"}],"wp:featuredmedia":[{"embeddable":true,"href":"https:\/\/www.dxnwellness.eu\/pl\/wp-json\/wp\/v2\/media\/5269"}],"wp:attachment":[{"href":"https:\/\/www.dxnwellness.eu\/pl\/wp-json\/wp\/v2\/media?parent=5146"}],"wp:term":[{"taxonomy":"product_brand","embeddable":true,"href":"https:\/\/www.dxnwellness.eu\/pl\/wp-json\/wp\/v2\/product_brand?post=5146"},{"taxonomy":"product_cat","embeddable":true,"href":"https:\/\/www.dxnwellness.eu\/pl\/wp-json\/wp\/v2\/product_cat?post=5146"},{"taxonomy":"product_tag","embeddable":true,"href":"https:\/\/www.dxnwellness.eu\/pl\/wp-json\/wp\/v2\/product_tag?post=5146"}],"curies":[{"name":"wp","href":"https:\/\/api.w.org\/{rel}","templated":true}]}}