{"id":5143,"date":"2025-05-19T04:32:17","date_gmt":"2025-05-19T04:32:17","guid":{"rendered":"https:\/\/www.dxnwellness.eu\/pl\/product\/dxn-ganozhi-toothpaste\/"},"modified":"2025-05-27T12:26:37","modified_gmt":"2025-05-27T12:26:37","slug":"dxn-ganozhi-toothpaste","status":"publish","type":"product","link":"https:\/\/www.dxnwellness.eu\/pl\/product\/dxn-ganozhi-toothpaste\/","title":{"rendered":"DXN Ganozhi Toothpaste"},"content":{"rendered":"<p>Od\u015bwie\u017c sw\u00f3j u\u015bmiech past\u0105 do z\u0119b\u00f3w DXN Ganozhi, wzbogacon\u0105 ekstraktem z grzyba Ganoderma lucidum, zapewniaj\u0105c\u0105 doskona\u0142\u0105 piel\u0119gnacj\u0119 jamy ustnej. Ta delikatna pasta do z\u0119b\u00f3w czy\u015bci z\u0119by i wspiera zdrowie dzi\u0105se\u0142, pozostawiaj\u0105c uczucie \u015bwie\u017co\u015bci w ustach. Jej unikalna formu\u0142a nie zawiera barwnik\u00f3w ani sacharyny, oferuj\u0105c naturalne podej\u015bcie do utrzymania higieny jamy ustnej.<\/p>\n<p>Zachowaj \u015bwie\u017cy oddech i promienny u\u015bmiech dzi\u0119ki delikatnej piel\u0119gnacji pasty do z\u0119b\u00f3w DXN Ganozhi!<\/p>\n","protected":false},"excerpt":{"rendered":"<p>Od\u015bwie\u017c sw\u00f3j u\u015bmiech past\u0105 do z\u0119b\u00f3w DXN Ganozhi, wzbogacon\u0105 ekstraktem z grzyba Ganoderma lucidum, zapewniaj\u0105c\u0105 doskona\u0142\u0105 piel\u0119gnacj\u0119 jamy ustnej. Ta delikatna pasta do z\u0119b\u00f3w czy\u015bci z\u0119by i wspiera zdrowie dzi\u0105se\u0142, pozostawiaj\u0105c uczucie \u015bwie\u017co\u015bci w ustach. Jej unikalna formu\u0142a nie zawiera barwnik\u00f3w ani sacharyny, oferuj\u0105c naturalne podej\u015bcie do utrzymania higieny jamy ustnej. Zachowaj \u015bwie\u017cy oddech i [&hellip;]<\/p>\n","protected":false},"featured_media":5267,"comment_status":"open","ping_status":"closed","template":"","meta":{"_acf_changed":false},"product_brand":[],"product_cat":[355],"product_tag":[],"class_list":{"0":"post-5143","1":"product","2":"type-product","3":"status-publish","4":"has-post-thumbnail","6":"product_cat-pielegnacja-osobista-cat","7":"pa_package-150-g","8":"pa_package-4-x-40-g","10":"first","11":"instock","12":"purchasable","13":"product-type-variable"},"acf":[],"_links":{"self":[{"href":"https:\/\/www.dxnwellness.eu\/pl\/wp-json\/wp\/v2\/product\/5143","targetHints":{"allow":["GET"]}}],"collection":[{"href":"https:\/\/www.dxnwellness.eu\/pl\/wp-json\/wp\/v2\/product"}],"about":[{"href":"https:\/\/www.dxnwellness.eu\/pl\/wp-json\/wp\/v2\/types\/product"}],"replies":[{"embeddable":true,"href":"https:\/\/www.dxnwellness.eu\/pl\/wp-json\/wp\/v2\/comments?post=5143"}],"wp:featuredmedia":[{"embeddable":true,"href":"https:\/\/www.dxnwellness.eu\/pl\/wp-json\/wp\/v2\/media\/5267"}],"wp:attachment":[{"href":"https:\/\/www.dxnwellness.eu\/pl\/wp-json\/wp\/v2\/media?parent=5143"}],"wp:term":[{"taxonomy":"product_brand","embeddable":true,"href":"https:\/\/www.dxnwellness.eu\/pl\/wp-json\/wp\/v2\/product_brand?post=5143"},{"taxonomy":"product_cat","embeddable":true,"href":"https:\/\/www.dxnwellness.eu\/pl\/wp-json\/wp\/v2\/product_cat?post=5143"},{"taxonomy":"product_tag","embeddable":true,"href":"https:\/\/www.dxnwellness.eu\/pl\/wp-json\/wp\/v2\/product_tag?post=5143"}],"curies":[{"name":"wp","href":"https:\/\/api.w.org\/{rel}","templated":true}]}}