{"id":5141,"date":"2025-05-19T04:32:17","date_gmt":"2025-05-19T04:32:17","guid":{"rendered":"https:\/\/www.dxnwellness.eu\/pl\/product\/dxn-ganozhi-body-foam\/"},"modified":"2025-05-27T12:24:35","modified_gmt":"2025-05-27T12:24:35","slug":"dxn-ganozhi-body-foam","status":"publish","type":"product","link":"https:\/\/www.dxnwellness.eu\/pl\/product\/dxn-ganozhi-body-foam\/","title":{"rendered":"DXN Ganozhi Body Foam"},"content":{"rendered":"<p>Rozpie\u015b\u0107 swoj\u0105 sk\u00f3r\u0119 piank\u0105 do cia\u0142a DXN Ganozhi Body Foam, opracowan\u0105 na bazie proszku z grzyba Ganoderma lucidum i witaminy E. Ta delikatna pianka do cia\u0142a skutecznie oczyszcza, utrzymuj\u0105c jednocze\u015bnie naturaln\u0105 r\u00f3wnowag\u0119 nawil\u017cenia sk\u00f3ry. Posiada unikalny br\u0105zowy kolor i naturalny zapach, zapewnia od\u015bwie\u017caj\u0105ce uczucie, dzi\u0119ki czemu idealnie nadaje si\u0119 do stosowania po ekspozycji na s\u0142o\u0144ce, szczeg\u00f3lnie latem.<\/p>\n<p>Podaruj swojej sk\u00f3rze \u0142agodny, orze\u017awiaj\u0105cy \u015brodek oczyszczaj\u0105cy DXN Ganozhi Body Foam i ciesz si\u0119 mi\u0119kk\u0105, od\u017cywion\u0105 sk\u00f3r\u0105 ka\u017cdego dnia!<\/p>\n","protected":false},"excerpt":{"rendered":"<p>Rozpie\u015b\u0107 swoj\u0105 sk\u00f3r\u0119 piank\u0105 do cia\u0142a DXN Ganozhi Body Foam, opracowan\u0105 na bazie proszku z grzyba Ganoderma lucidum i witaminy E. Ta delikatna pianka do cia\u0142a skutecznie oczyszcza, utrzymuj\u0105c jednocze\u015bnie naturaln\u0105 r\u00f3wnowag\u0119 nawil\u017cenia sk\u00f3ry. Posiada unikalny br\u0105zowy kolor i naturalny zapach, zapewnia od\u015bwie\u017caj\u0105ce uczucie, dzi\u0119ki czemu idealnie nadaje si\u0119 do stosowania po ekspozycji na s\u0142o\u0144ce, [&hellip;]<\/p>\n","protected":false},"featured_media":5266,"comment_status":"open","ping_status":"closed","template":"","meta":{"_acf_changed":false},"product_brand":[],"product_cat":[355],"product_tag":[],"class_list":{"0":"post-5141","1":"product","2":"type-product","3":"status-publish","4":"has-post-thumbnail","6":"product_cat-pielegnacja-osobista-cat","7":"pa_package-250-ml","9":"first","10":"instock","11":"purchasable","12":"product-type-simple"},"acf":[],"_links":{"self":[{"href":"https:\/\/www.dxnwellness.eu\/pl\/wp-json\/wp\/v2\/product\/5141","targetHints":{"allow":["GET"]}}],"collection":[{"href":"https:\/\/www.dxnwellness.eu\/pl\/wp-json\/wp\/v2\/product"}],"about":[{"href":"https:\/\/www.dxnwellness.eu\/pl\/wp-json\/wp\/v2\/types\/product"}],"replies":[{"embeddable":true,"href":"https:\/\/www.dxnwellness.eu\/pl\/wp-json\/wp\/v2\/comments?post=5141"}],"wp:featuredmedia":[{"embeddable":true,"href":"https:\/\/www.dxnwellness.eu\/pl\/wp-json\/wp\/v2\/media\/5266"}],"wp:attachment":[{"href":"https:\/\/www.dxnwellness.eu\/pl\/wp-json\/wp\/v2\/media?parent=5141"}],"wp:term":[{"taxonomy":"product_brand","embeddable":true,"href":"https:\/\/www.dxnwellness.eu\/pl\/wp-json\/wp\/v2\/product_brand?post=5141"},{"taxonomy":"product_cat","embeddable":true,"href":"https:\/\/www.dxnwellness.eu\/pl\/wp-json\/wp\/v2\/product_cat?post=5141"},{"taxonomy":"product_tag","embeddable":true,"href":"https:\/\/www.dxnwellness.eu\/pl\/wp-json\/wp\/v2\/product_tag?post=5141"}],"curies":[{"name":"wp","href":"https:\/\/api.w.org\/{rel}","templated":true}]}}