{"id":5139,"date":"2025-05-19T04:32:17","date_gmt":"2025-05-19T04:32:17","guid":{"rendered":"https:\/\/www.dxnwellness.eu\/pl\/product\/dxn-ganozhi-shampoo\/"},"modified":"2025-05-27T12:25:10","modified_gmt":"2025-05-27T12:25:10","slug":"dxn-ganozhi-shampoo","status":"publish","type":"product","link":"https:\/\/www.dxnwellness.eu\/pl\/product\/dxn-ganozhi-shampoo\/","title":{"rendered":"DXN Ganozhi Shampoo"},"content":{"rendered":"<p>O\u017cyw swoje w\u0142osy szamponem DXN Ganozhi, wzbogaconym ekstraktem z grzyba Ganoderma lucidum i witamin\u0105 B5. Ten delikatny, ale skuteczny szampon oczyszcza w\u0142osy, od\u017cywiaj\u0105c je od nasady, pozostawiaj\u0105c je od\u015bwie\u017conymi, l\u015bni\u0105cymi i mi\u0119kkimi. Nadaje si\u0119 do ka\u017cdego rodzaju w\u0142os\u00f3w, pomaga utrzyma\u0107 zdrowe, dobrze od\u017cywione w\u0142osy przy ka\u017cdym myciu.<\/p>\n<p>Podaruj swoim w\u0142osom od\u017cywcz\u0105 piel\u0119gnacj\u0119 szamponem DXN Ganozhi i ciesz si\u0119 orze\u017awiaj\u0105cym, g\u0142adkim i promiennym wygl\u0105dem!<\/p>\n","protected":false},"excerpt":{"rendered":"<p>O\u017cyw swoje w\u0142osy szamponem DXN Ganozhi, wzbogaconym ekstraktem z grzyba Ganoderma lucidum i witamin\u0105 B5. Ten delikatny, ale skuteczny szampon oczyszcza w\u0142osy, od\u017cywiaj\u0105c je od nasady, pozostawiaj\u0105c je od\u015bwie\u017conymi, l\u015bni\u0105cymi i mi\u0119kkimi. Nadaje si\u0119 do ka\u017cdego rodzaju w\u0142os\u00f3w, pomaga utrzyma\u0107 zdrowe, dobrze od\u017cywione w\u0142osy przy ka\u017cdym myciu. Podaruj swoim w\u0142osom od\u017cywcz\u0105 piel\u0119gnacj\u0119 szamponem DXN Ganozhi [&hellip;]<\/p>\n","protected":false},"featured_media":5265,"comment_status":"open","ping_status":"closed","template":"","meta":{"_acf_changed":false},"product_brand":[],"product_cat":[355],"product_tag":[],"class_list":{"0":"post-5139","1":"product","2":"type-product","3":"status-publish","4":"has-post-thumbnail","6":"product_cat-pielegnacja-osobista-cat","7":"pa_package-250-ml","9":"first","10":"instock","11":"purchasable","12":"product-type-simple"},"acf":[],"_links":{"self":[{"href":"https:\/\/www.dxnwellness.eu\/pl\/wp-json\/wp\/v2\/product\/5139","targetHints":{"allow":["GET"]}}],"collection":[{"href":"https:\/\/www.dxnwellness.eu\/pl\/wp-json\/wp\/v2\/product"}],"about":[{"href":"https:\/\/www.dxnwellness.eu\/pl\/wp-json\/wp\/v2\/types\/product"}],"replies":[{"embeddable":true,"href":"https:\/\/www.dxnwellness.eu\/pl\/wp-json\/wp\/v2\/comments?post=5139"}],"wp:featuredmedia":[{"embeddable":true,"href":"https:\/\/www.dxnwellness.eu\/pl\/wp-json\/wp\/v2\/media\/5265"}],"wp:attachment":[{"href":"https:\/\/www.dxnwellness.eu\/pl\/wp-json\/wp\/v2\/media?parent=5139"}],"wp:term":[{"taxonomy":"product_brand","embeddable":true,"href":"https:\/\/www.dxnwellness.eu\/pl\/wp-json\/wp\/v2\/product_brand?post=5139"},{"taxonomy":"product_cat","embeddable":true,"href":"https:\/\/www.dxnwellness.eu\/pl\/wp-json\/wp\/v2\/product_cat?post=5139"},{"taxonomy":"product_tag","embeddable":true,"href":"https:\/\/www.dxnwellness.eu\/pl\/wp-json\/wp\/v2\/product_tag?post=5139"}],"curies":[{"name":"wp","href":"https:\/\/api.w.org\/{rel}","templated":true}]}}