{"id":5137,"date":"2025-05-19T04:32:17","date_gmt":"2025-05-19T04:32:17","guid":{"rendered":"https:\/\/www.dxnwellness.eu\/pl\/product\/dxn-omega-3\/"},"modified":"2025-05-28T07:59:10","modified_gmt":"2025-05-28T07:59:10","slug":"dxn-omega-3","status":"publish","type":"product","link":"https:\/\/www.dxnwellness.eu\/pl\/product\/dxn-omega-3\/","title":{"rendered":"DXN Omega 3"},"content":{"rendered":"<p>Popraw swoje samopoczucie dzi\u0119ki DXN Omega 3, bogatemu w niezb\u0119dny kwas eikozapentaenowy (EPA) i kwas dokozaheksaenowy (DHA), dwa nienasycone kwasy t\u0142uszczowe znane ze swojej roli w og\u00f3lnym zdrowiu. Te kwasy t\u0142uszczowe omega-3 pomagaj\u0105 wspiera\u0107 normalne funkcje organizmu, w tym promowa\u0107 zdrowie serca i m\u00f3zgu oraz utrzymywa\u0107 zdrowy poziom tr\u00f3jgliceryd\u00f3w.<\/p>\n<p>Wykorzystaj moc Omega-3 i wspieraj swoje zdrowie dzi\u0119ki DXN Omega 3 \u2014 Twojemu naturalnemu zastrzykowi witalno\u015bci!<\/p>\n","protected":false},"excerpt":{"rendered":"<p>Popraw swoje samopoczucie dzi\u0119ki DXN Omega 3, bogatemu w niezb\u0119dny kwas eikozapentaenowy (EPA) i kwas dokozaheksaenowy (DHA), dwa nienasycone kwasy t\u0142uszczowe znane ze swojej roli w og\u00f3lnym zdrowiu. Te kwasy t\u0142uszczowe omega-3 pomagaj\u0105 wspiera\u0107 normalne funkcje organizmu, w tym promowa\u0107 zdrowie serca i m\u00f3zgu oraz utrzymywa\u0107 zdrowy poziom tr\u00f3jgliceryd\u00f3w. Wykorzystaj moc Omega-3 i wspieraj swoje [&hellip;]<\/p>\n","protected":false},"featured_media":5264,"comment_status":"open","ping_status":"closed","template":"","meta":{"_acf_changed":false},"product_brand":[],"product_cat":[342],"product_tag":[],"class_list":{"0":"post-5137","1":"product","2":"type-product","3":"status-publish","4":"has-post-thumbnail","6":"product_cat-suplementy-diety-cat","7":"pa_package-90-kapsulek","9":"first","10":"instock","11":"purchasable","12":"product-type-simple"},"acf":[],"_links":{"self":[{"href":"https:\/\/www.dxnwellness.eu\/pl\/wp-json\/wp\/v2\/product\/5137","targetHints":{"allow":["GET"]}}],"collection":[{"href":"https:\/\/www.dxnwellness.eu\/pl\/wp-json\/wp\/v2\/product"}],"about":[{"href":"https:\/\/www.dxnwellness.eu\/pl\/wp-json\/wp\/v2\/types\/product"}],"replies":[{"embeddable":true,"href":"https:\/\/www.dxnwellness.eu\/pl\/wp-json\/wp\/v2\/comments?post=5137"}],"wp:featuredmedia":[{"embeddable":true,"href":"https:\/\/www.dxnwellness.eu\/pl\/wp-json\/wp\/v2\/media\/5264"}],"wp:attachment":[{"href":"https:\/\/www.dxnwellness.eu\/pl\/wp-json\/wp\/v2\/media?parent=5137"}],"wp:term":[{"taxonomy":"product_brand","embeddable":true,"href":"https:\/\/www.dxnwellness.eu\/pl\/wp-json\/wp\/v2\/product_brand?post=5137"},{"taxonomy":"product_cat","embeddable":true,"href":"https:\/\/www.dxnwellness.eu\/pl\/wp-json\/wp\/v2\/product_cat?post=5137"},{"taxonomy":"product_tag","embeddable":true,"href":"https:\/\/www.dxnwellness.eu\/pl\/wp-json\/wp\/v2\/product_tag?post=5137"}],"curies":[{"name":"wp","href":"https:\/\/api.w.org\/{rel}","templated":true}]}}