{"id":5135,"date":"2025-05-19T04:32:17","date_gmt":"2025-05-19T04:32:17","guid":{"rendered":"https:\/\/www.dxnwellness.eu\/pl\/product\/dxn-myco-veggie-eu\/"},"modified":"2025-10-21T08:31:54","modified_gmt":"2025-10-21T08:31:54","slug":"dxn-myco-veggie-eu","status":"publish","type":"product","link":"https:\/\/www.dxnwellness.eu\/pl\/product\/dxn-myco-veggie-eu\/","title":{"rendered":"DXN Myco Veggie EU"},"content":{"rendered":"<p data-start=\"192\" data-end=\"278\">DXN Myco Veggie EU \u2013 suplement diety z unikaln\u0105 mieszank\u0105 warzyw, grzyb\u00f3w i zi\u00f3\u0142<\/p>\n<p data-start=\"285\" data-end=\"623\">DXN Myco Veggie EU to suplement diety, kt\u00f3ry \u0142\u0105czy w sobie wyj\u0105tkow\u0105 mieszank\u0119 warzyw, grzyb\u00f3w, zielonej herbaty, li\u015bci morwy, li\u015bci mi\u0142orz\u0119bu, owoc\u00f3w, zi\u00f3\u0142 i przypraw. Produkt jest bogaty w b\u0142onnik pokarmowy, kt\u00f3ry mo\u017ce wspiera\u0107 codzienne nawyki \u017cywieniowe, zw\u0142aszcza podczas stosowania diety lub jako uzupe\u0142nienie mniejszych posi\u0142k\u00f3w.<\/p>\n<p data-start=\"630\" data-end=\"729\">Aby uzyska\u0107 optymalne efekty, zaleca si\u0119 zwi\u0119kszenie spo\u017cycia wody podczas stosowania suplementu.<\/p>\n<p data-start=\"736\" data-end=\"862\">DXN Myco Veggie EU to naturalne uzupe\u0142nienie zbilansowanej diety, kt\u00f3re mo\u017ce pom\u00f3c w codziennym dbaniu o dobre samopoczucie.<\/p>\n","protected":false},"excerpt":{"rendered":"<p>DXN Myco Veggie EU \u2013 suplement diety z unikaln\u0105 mieszank\u0105 warzyw, grzyb\u00f3w i zi\u00f3\u0142 DXN Myco Veggie EU to suplement diety, kt\u00f3ry \u0142\u0105czy w sobie wyj\u0105tkow\u0105 mieszank\u0119 warzyw, grzyb\u00f3w, zielonej herbaty, li\u015bci morwy, li\u015bci mi\u0142orz\u0119bu, owoc\u00f3w, zi\u00f3\u0142 i przypraw. Produkt jest bogaty w b\u0142onnik pokarmowy, kt\u00f3ry mo\u017ce wspiera\u0107 codzienne nawyki \u017cywieniowe, zw\u0142aszcza podczas stosowania diety [&hellip;]<\/p>\n","protected":false},"featured_media":5263,"comment_status":"open","ping_status":"closed","template":"","meta":{"_acf_changed":false},"product_brand":[],"product_cat":[342],"product_tag":[],"class_list":{"0":"post-5135","1":"product","2":"type-product","3":"status-publish","4":"has-post-thumbnail","6":"product_cat-suplementy-diety-cat","7":"pa_package-400-g","9":"first","10":"instock","11":"purchasable","12":"product-type-simple"},"acf":[],"_links":{"self":[{"href":"https:\/\/www.dxnwellness.eu\/pl\/wp-json\/wp\/v2\/product\/5135","targetHints":{"allow":["GET"]}}],"collection":[{"href":"https:\/\/www.dxnwellness.eu\/pl\/wp-json\/wp\/v2\/product"}],"about":[{"href":"https:\/\/www.dxnwellness.eu\/pl\/wp-json\/wp\/v2\/types\/product"}],"replies":[{"embeddable":true,"href":"https:\/\/www.dxnwellness.eu\/pl\/wp-json\/wp\/v2\/comments?post=5135"}],"wp:featuredmedia":[{"embeddable":true,"href":"https:\/\/www.dxnwellness.eu\/pl\/wp-json\/wp\/v2\/media\/5263"}],"wp:attachment":[{"href":"https:\/\/www.dxnwellness.eu\/pl\/wp-json\/wp\/v2\/media?parent=5135"}],"wp:term":[{"taxonomy":"product_brand","embeddable":true,"href":"https:\/\/www.dxnwellness.eu\/pl\/wp-json\/wp\/v2\/product_brand?post=5135"},{"taxonomy":"product_cat","embeddable":true,"href":"https:\/\/www.dxnwellness.eu\/pl\/wp-json\/wp\/v2\/product_cat?post=5135"},{"taxonomy":"product_tag","embeddable":true,"href":"https:\/\/www.dxnwellness.eu\/pl\/wp-json\/wp\/v2\/product_tag?post=5135"}],"curies":[{"name":"wp","href":"https:\/\/api.w.org\/{rel}","templated":true}]}}