{"id":5132,"date":"2025-05-19T04:32:17","date_gmt":"2025-05-19T04:32:17","guid":{"rendered":"https:\/\/www.dxnwellness.eu\/pl\/product\/dxn-agaricus-blazei-murill\/"},"modified":"2025-10-21T08:30:59","modified_gmt":"2025-10-21T08:30:59","slug":"dxn-agaricus-blazei-murill","status":"publish","type":"product","link":"https:\/\/www.dxnwellness.eu\/pl\/product\/dxn-agaricus-blazei-murill\/","title":{"rendered":"DXN Agaricus Blazei Murill"},"content":{"rendered":"<p data-start=\"239\" data-end=\"310\">DXN Agaricus Blazei Murill \u2013 suplement diety z pieczark\u0105 brazylijsk\u0105<\/p>\n<p data-start=\"317\" data-end=\"483\">DXN Agaricus Blazei Murill to suplement diety zawieraj\u0105cy ekstrakt z pieczarki brazylijskiej (Agaricus Blazei Murill), grzyba tradycyjnie wykorzystywanego w praktykach zielarskich Brazylii i Japonii.<\/p>\n<p data-start=\"490\" data-end=\"627\">Ten grzyb by\u0142 ceniony w lokalnych spo\u0142eczno\u015bciach za swoje w\u0142a\u015bciwo\u015bci od\u017cywcze.<\/p>\n","protected":false},"excerpt":{"rendered":"<p>DXN Agaricus Blazei Murill \u2013 suplement diety z pieczark\u0105 brazylijsk\u0105 DXN Agaricus Blazei Murill to suplement diety zawieraj\u0105cy ekstrakt z pieczarki brazylijskiej (Agaricus Blazei Murill), grzyba tradycyjnie wykorzystywanego w praktykach zielarskich Brazylii i Japonii. Ten grzyb by\u0142 ceniony w lokalnych spo\u0142eczno\u015bciach za swoje w\u0142a\u015bciwo\u015bci od\u017cywcze.<\/p>\n","protected":false},"featured_media":5261,"comment_status":"open","ping_status":"closed","template":"","meta":{"_acf_changed":false},"product_brand":[],"product_cat":[342],"product_tag":[],"class_list":{"0":"post-5132","1":"product","2":"type-product","3":"status-publish","4":"has-post-thumbnail","6":"product_cat-suplementy-diety-cat","7":"pa_package-30-kapsulek","8":"pa_package-90-kapsulek","10":"first","11":"instock","12":"purchasable","13":"product-type-variable"},"acf":[],"_links":{"self":[{"href":"https:\/\/www.dxnwellness.eu\/pl\/wp-json\/wp\/v2\/product\/5132","targetHints":{"allow":["GET"]}}],"collection":[{"href":"https:\/\/www.dxnwellness.eu\/pl\/wp-json\/wp\/v2\/product"}],"about":[{"href":"https:\/\/www.dxnwellness.eu\/pl\/wp-json\/wp\/v2\/types\/product"}],"replies":[{"embeddable":true,"href":"https:\/\/www.dxnwellness.eu\/pl\/wp-json\/wp\/v2\/comments?post=5132"}],"wp:featuredmedia":[{"embeddable":true,"href":"https:\/\/www.dxnwellness.eu\/pl\/wp-json\/wp\/v2\/media\/5261"}],"wp:attachment":[{"href":"https:\/\/www.dxnwellness.eu\/pl\/wp-json\/wp\/v2\/media?parent=5132"}],"wp:term":[{"taxonomy":"product_brand","embeddable":true,"href":"https:\/\/www.dxnwellness.eu\/pl\/wp-json\/wp\/v2\/product_brand?post=5132"},{"taxonomy":"product_cat","embeddable":true,"href":"https:\/\/www.dxnwellness.eu\/pl\/wp-json\/wp\/v2\/product_cat?post=5132"},{"taxonomy":"product_tag","embeddable":true,"href":"https:\/\/www.dxnwellness.eu\/pl\/wp-json\/wp\/v2\/product_tag?post=5132"}],"curies":[{"name":"wp","href":"https:\/\/api.w.org\/{rel}","templated":true}]}}