{"id":5129,"date":"2025-05-19T04:32:17","date_gmt":"2025-05-19T04:32:17","guid":{"rendered":"https:\/\/www.dxnwellness.eu\/pl\/product\/dxn-mengkudu\/"},"modified":"2025-10-21T08:26:05","modified_gmt":"2025-10-21T08:26:05","slug":"dxn-mengkudu","status":"publish","type":"product","link":"https:\/\/www.dxnwellness.eu\/pl\/product\/dxn-mengkudu\/","title":{"rendered":"DXN Mengkudu"},"content":{"rendered":"<p data-start=\"263\" data-end=\"334\">DXN Mengkudu \u2013 suplement diety z owocem noni (Morinda citrifolia)<\/p>\n<p data-start=\"341\" data-end=\"547\">DXN Mengkudu to suplement diety zawieraj\u0105cy ekstrakt z owocu noni (Morinda citrifolia) \u2013 ro\u015bliny znanej i cenionej od wiek\u00f3w w tradycyjnych systemach zielarskich Polinezji oraz Azji Po\u0142udniowo-Wschodniej.<\/p>\n<p data-start=\"554\" data-end=\"892\">Noni by\u0142o tradycyjnie stosowane ze wzgl\u0119du na bogactwo naturalnych zwi\u0105zk\u00f3w bioaktywnych, takich jak alkaloidy, flawonoidy i inne fitozwi\u0105zki, oraz wszechstronne zastosowanie w lokalnych praktykach zdrowotnych i rytua\u0142ach piel\u0119gnacyjnych. Jego intensywny aromat i charakterystyczny smak by\u0142y cenione w naparach i naturalnych preparatach, kt\u00f3re towarzyszy\u0142y codziennym zwyczajom tych kultur.<\/p>\n<p data-start=\"554\" data-end=\"892\">Produkt stanowi wygodne uzupe\u0142nienie codziennej diety, szczeg\u00f3lnie dla os\u00f3b, kt\u00f3re chc\u0105 unikn\u0105\u0107 intensywnego smaku soku z noni.<\/p>\n","protected":false},"excerpt":{"rendered":"<p>DXN Mengkudu \u2013 suplement diety z owocem noni (Morinda citrifolia) DXN Mengkudu to suplement diety zawieraj\u0105cy ekstrakt z owocu noni (Morinda citrifolia) \u2013 ro\u015bliny znanej i cenionej od wiek\u00f3w w tradycyjnych systemach zielarskich Polinezji oraz Azji Po\u0142udniowo-Wschodniej. Noni by\u0142o tradycyjnie stosowane ze wzgl\u0119du na bogactwo naturalnych zwi\u0105zk\u00f3w bioaktywnych, takich jak alkaloidy, flawonoidy i inne fitozwi\u0105zki, [&hellip;]<\/p>\n","protected":false},"featured_media":5259,"comment_status":"open","ping_status":"closed","template":"","meta":{"_acf_changed":false},"product_brand":[],"product_cat":[342],"product_tag":[],"class_list":{"0":"post-5129","1":"product","2":"type-product","3":"status-publish","4":"has-post-thumbnail","6":"product_cat-suplementy-diety-cat","7":"pa_package-30-kapsulek","8":"pa_package-90-kapsulek","10":"first","11":"instock","12":"purchasable","13":"product-type-variable"},"acf":[],"_links":{"self":[{"href":"https:\/\/www.dxnwellness.eu\/pl\/wp-json\/wp\/v2\/product\/5129","targetHints":{"allow":["GET"]}}],"collection":[{"href":"https:\/\/www.dxnwellness.eu\/pl\/wp-json\/wp\/v2\/product"}],"about":[{"href":"https:\/\/www.dxnwellness.eu\/pl\/wp-json\/wp\/v2\/types\/product"}],"replies":[{"embeddable":true,"href":"https:\/\/www.dxnwellness.eu\/pl\/wp-json\/wp\/v2\/comments?post=5129"}],"wp:featuredmedia":[{"embeddable":true,"href":"https:\/\/www.dxnwellness.eu\/pl\/wp-json\/wp\/v2\/media\/5259"}],"wp:attachment":[{"href":"https:\/\/www.dxnwellness.eu\/pl\/wp-json\/wp\/v2\/media?parent=5129"}],"wp:term":[{"taxonomy":"product_brand","embeddable":true,"href":"https:\/\/www.dxnwellness.eu\/pl\/wp-json\/wp\/v2\/product_brand?post=5129"},{"taxonomy":"product_cat","embeddable":true,"href":"https:\/\/www.dxnwellness.eu\/pl\/wp-json\/wp\/v2\/product_cat?post=5129"},{"taxonomy":"product_tag","embeddable":true,"href":"https:\/\/www.dxnwellness.eu\/pl\/wp-json\/wp\/v2\/product_tag?post=5129"}],"curies":[{"name":"wp","href":"https:\/\/api.w.org\/{rel}","templated":true}]}}