{"id":5127,"date":"2025-05-19T04:32:17","date_gmt":"2025-05-19T04:32:17","guid":{"rendered":"https:\/\/www.dxnwellness.eu\/pl\/product\/dxn-roselle-tablets\/"},"modified":"2025-10-21T08:22:21","modified_gmt":"2025-10-21T08:22:21","slug":"dxn-roselle-tablets","status":"publish","type":"product","link":"https:\/\/www.dxnwellness.eu\/pl\/product\/dxn-roselle-tablets\/","title":{"rendered":"DXN Roselle Tablets"},"content":{"rendered":"<p data-start=\"559\" data-end=\"641\">DXN Roselle \u2013 suplement diety z ekstraktem z hibiskusa (Hibiscus sabdariffa)<\/p>\n<p data-start=\"648\" data-end=\"836\">DXN Roselle to suplement diety w formie tabletek, zawieraj\u0105cy ekstrakt z\u202fkwiat\u00f3w hibiskusa (Hibiscus sabdariffa) \u2013 ro\u015bliny cenionej za sw\u00f3j intensywny kolor i naturalnie kwaskowaty smak.<\/p>\n<p data-start=\"843\" data-end=\"1184\">Hibiskus ma d\u0142ug\u0105 histori\u0119 zastosowania w r\u00f3\u017cnych kulturach \u015bwiata. W staro\u017cytnym Egipcie z jego kwiat\u00f3w przygotowywano nap\u00f3j znany jako <em data-start=\"980\" data-end=\"989\">karkade<\/em>, spo\u017cywany zar\u00f3wno ze wzgl\u0119du na smak, jak i w ramach codziennych rytua\u0142\u00f3w od\u015bwie\u017caj\u0105cych. W medycynie ludowej Afryki i Azji hibiskus wykorzystywano tradycyjnie jako sk\u0142adnik herbat zio\u0142owych.<\/p>\n","protected":false},"excerpt":{"rendered":"<p>DXN Roselle \u2013 suplement diety z ekstraktem z hibiskusa (Hibiscus sabdariffa) DXN Roselle to suplement diety w formie tabletek, zawieraj\u0105cy ekstrakt z\u202fkwiat\u00f3w hibiskusa (Hibiscus sabdariffa) \u2013 ro\u015bliny cenionej za sw\u00f3j intensywny kolor i naturalnie kwaskowaty smak. Hibiskus ma d\u0142ug\u0105 histori\u0119 zastosowania w r\u00f3\u017cnych kulturach \u015bwiata. W staro\u017cytnym Egipcie z jego kwiat\u00f3w przygotowywano nap\u00f3j znany jako [&hellip;]<\/p>\n","protected":false},"featured_media":5258,"comment_status":"open","ping_status":"closed","template":"","meta":{"_acf_changed":false},"product_brand":[],"product_cat":[342],"product_tag":[],"class_list":{"0":"post-5127","1":"product","2":"type-product","3":"status-publish","4":"has-post-thumbnail","6":"product_cat-suplementy-diety-cat","7":"pa_package-120-tabletek","9":"first","10":"instock","11":"purchasable","12":"product-type-simple"},"acf":[],"_links":{"self":[{"href":"https:\/\/www.dxnwellness.eu\/pl\/wp-json\/wp\/v2\/product\/5127","targetHints":{"allow":["GET"]}}],"collection":[{"href":"https:\/\/www.dxnwellness.eu\/pl\/wp-json\/wp\/v2\/product"}],"about":[{"href":"https:\/\/www.dxnwellness.eu\/pl\/wp-json\/wp\/v2\/types\/product"}],"replies":[{"embeddable":true,"href":"https:\/\/www.dxnwellness.eu\/pl\/wp-json\/wp\/v2\/comments?post=5127"}],"wp:featuredmedia":[{"embeddable":true,"href":"https:\/\/www.dxnwellness.eu\/pl\/wp-json\/wp\/v2\/media\/5258"}],"wp:attachment":[{"href":"https:\/\/www.dxnwellness.eu\/pl\/wp-json\/wp\/v2\/media?parent=5127"}],"wp:term":[{"taxonomy":"product_brand","embeddable":true,"href":"https:\/\/www.dxnwellness.eu\/pl\/wp-json\/wp\/v2\/product_brand?post=5127"},{"taxonomy":"product_cat","embeddable":true,"href":"https:\/\/www.dxnwellness.eu\/pl\/wp-json\/wp\/v2\/product_cat?post=5127"},{"taxonomy":"product_tag","embeddable":true,"href":"https:\/\/www.dxnwellness.eu\/pl\/wp-json\/wp\/v2\/product_tag?post=5127"}],"curies":[{"name":"wp","href":"https:\/\/api.w.org\/{rel}","templated":true}]}}