{"id":5124,"date":"2025-05-19T04:32:17","date_gmt":"2025-05-19T04:32:17","guid":{"rendered":"https:\/\/www.dxnwellness.eu\/pl\/product\/dxn-black-cumin-plus\/"},"modified":"2025-10-21T08:14:40","modified_gmt":"2025-10-21T08:14:40","slug":"dxn-black-cumin-plus","status":"publish","type":"product","link":"https:\/\/www.dxnwellness.eu\/pl\/product\/dxn-black-cumin-plus\/","title":{"rendered":"DXN Black Cumin Plus"},"content":{"rendered":"<p data-start=\"275\" data-end=\"363\">DXN Black Cumin Plus \u2013 suplement diety z czarnuszk\u0105, czarnym pieprzem i go\u017adzikami<\/p>\n<p data-start=\"370\" data-end=\"577\">DXN Black Cumin Plus to suplement diety oparty na naturalnej kompozycji starannie dobranych sk\u0142adnik\u00f3w: czarnuszki siewnej (Nigella sativa), czarnego pieprzu (Piper nigrum) i go\u017adzik\u00f3w (Syzygium aromaticum).<\/p>\n<p data-start=\"584\" data-end=\"837\">Sk\u0142adniki te od wiek\u00f3w cenione by\u0142y w r\u00f3\u017cnych tradycjach kulinarnych i zielarskich, m.in. w praktykach bliskowschodnich oraz po\u0142udniowoazjatyckich. W tradycyjnej medycynie chi\u0144skiej czarnuszka by\u0142a stosowana w celach zdrowotnych, m.in. jako sk\u0142adnik napar\u00f3w i mieszanek zio\u0142owych. W medycynie ajurwedyjskiej czarny pieprz i go\u017adziki mia\u0142y zastosowanie jako sk\u0142adniki wspomagaj\u0105ce naturaln\u0105 r\u00f3wnowag\u0119 organizmu<\/p>\n<p data-start=\"844\" data-end=\"902\">Produkt stanowi naturalne uzupe\u0142nienie codziennej diety.<\/p>\n","protected":false},"excerpt":{"rendered":"<p>DXN Black Cumin Plus \u2013 suplement diety z czarnuszk\u0105, czarnym pieprzem i go\u017adzikami DXN Black Cumin Plus to suplement diety oparty na naturalnej kompozycji starannie dobranych sk\u0142adnik\u00f3w: czarnuszki siewnej (Nigella sativa), czarnego pieprzu (Piper nigrum) i go\u017adzik\u00f3w (Syzygium aromaticum). Sk\u0142adniki te od wiek\u00f3w cenione by\u0142y w r\u00f3\u017cnych tradycjach kulinarnych i zielarskich, m.in. w praktykach bliskowschodnich [&hellip;]<\/p>\n","protected":false},"featured_media":5256,"comment_status":"open","ping_status":"closed","template":"","meta":{"_acf_changed":false},"product_brand":[],"product_cat":[342],"product_tag":[],"class_list":{"0":"post-5124","1":"product","2":"type-product","3":"status-publish","4":"has-post-thumbnail","6":"product_cat-suplementy-diety-cat","7":"pa_package-30-kapsulek","8":"pa_package-90-kapsulek","10":"first","11":"instock","12":"purchasable","13":"product-type-variable"},"acf":[],"_links":{"self":[{"href":"https:\/\/www.dxnwellness.eu\/pl\/wp-json\/wp\/v2\/product\/5124","targetHints":{"allow":["GET"]}}],"collection":[{"href":"https:\/\/www.dxnwellness.eu\/pl\/wp-json\/wp\/v2\/product"}],"about":[{"href":"https:\/\/www.dxnwellness.eu\/pl\/wp-json\/wp\/v2\/types\/product"}],"replies":[{"embeddable":true,"href":"https:\/\/www.dxnwellness.eu\/pl\/wp-json\/wp\/v2\/comments?post=5124"}],"wp:featuredmedia":[{"embeddable":true,"href":"https:\/\/www.dxnwellness.eu\/pl\/wp-json\/wp\/v2\/media\/5256"}],"wp:attachment":[{"href":"https:\/\/www.dxnwellness.eu\/pl\/wp-json\/wp\/v2\/media?parent=5124"}],"wp:term":[{"taxonomy":"product_brand","embeddable":true,"href":"https:\/\/www.dxnwellness.eu\/pl\/wp-json\/wp\/v2\/product_brand?post=5124"},{"taxonomy":"product_cat","embeddable":true,"href":"https:\/\/www.dxnwellness.eu\/pl\/wp-json\/wp\/v2\/product_cat?post=5124"},{"taxonomy":"product_tag","embeddable":true,"href":"https:\/\/www.dxnwellness.eu\/pl\/wp-json\/wp\/v2\/product_tag?post=5124"}],"curies":[{"name":"wp","href":"https:\/\/api.w.org\/{rel}","templated":true}]}}