{"id":5121,"date":"2025-05-19T04:32:17","date_gmt":"2025-05-19T04:32:17","guid":{"rendered":"https:\/\/www.dxnwellness.eu\/pl\/product\/dxn-andro-g\/"},"modified":"2025-10-21T08:16:58","modified_gmt":"2025-10-21T08:16:58","slug":"dxn-andro-g","status":"publish","type":"product","link":"https:\/\/www.dxnwellness.eu\/pl\/product\/dxn-andro-g\/","title":{"rendered":"DXN Andro-G"},"content":{"rendered":"<p data-start=\"243\" data-end=\"304\">DXN Andro-G \u2013 suplement diety z Andrographis paniculata<\/p>\n<p data-start=\"311\" data-end=\"499\">DXN Andro-G to suplement diety zawieraj\u0105cy ekstrakt z\u202fAndrographis paniculata \u2013 ro\u015bliny znanej w tradycji jako \u201eKr\u00f3l Gorzkich Zi\u00f3\u0142\u201d ze wzgl\u0119du na sw\u00f3j charakterystyczny, intensywny smak.<\/p>\n<p data-start=\"311\" data-end=\"499\">W tradycyjnej medycynie chi\u0144skiej oraz ajurwedyjskiej Andrographis paniculata by\u0142a wykorzystywana od wiek\u00f3w jako gorzka ro\u015blina zio\u0142owa, obecna w recepturach wspieraj\u0105cych organizm w okresach sezonowych zmian i og\u00f3lnego os\u0142abienia.<\/p>\n<p data-start=\"506\" data-end=\"564\">Produkt stanowi naturalne uzupe\u0142nienie codziennej diety.<\/p>\n","protected":false},"excerpt":{"rendered":"<p>DXN Andro-G \u2013 suplement diety z Andrographis paniculata DXN Andro-G to suplement diety zawieraj\u0105cy ekstrakt z\u202fAndrographis paniculata \u2013 ro\u015bliny znanej w tradycji jako \u201eKr\u00f3l Gorzkich Zi\u00f3\u0142\u201d ze wzgl\u0119du na sw\u00f3j charakterystyczny, intensywny smak. W tradycyjnej medycynie chi\u0144skiej oraz ajurwedyjskiej Andrographis paniculata by\u0142a wykorzystywana od wiek\u00f3w jako gorzka ro\u015blina zio\u0142owa, obecna w recepturach wspieraj\u0105cych organizm w [&hellip;]<\/p>\n","protected":false},"featured_media":5254,"comment_status":"open","ping_status":"closed","template":"","meta":{"_acf_changed":false},"product_brand":[],"product_cat":[342],"product_tag":[],"class_list":{"0":"post-5121","1":"product","2":"type-product","3":"status-publish","4":"has-post-thumbnail","6":"product_cat-suplementy-diety-cat","7":"pa_package-30-kapsulek","8":"pa_package-90-kapsulek","10":"first","11":"instock","12":"purchasable","13":"product-type-variable"},"acf":[],"_links":{"self":[{"href":"https:\/\/www.dxnwellness.eu\/pl\/wp-json\/wp\/v2\/product\/5121","targetHints":{"allow":["GET"]}}],"collection":[{"href":"https:\/\/www.dxnwellness.eu\/pl\/wp-json\/wp\/v2\/product"}],"about":[{"href":"https:\/\/www.dxnwellness.eu\/pl\/wp-json\/wp\/v2\/types\/product"}],"replies":[{"embeddable":true,"href":"https:\/\/www.dxnwellness.eu\/pl\/wp-json\/wp\/v2\/comments?post=5121"}],"wp:featuredmedia":[{"embeddable":true,"href":"https:\/\/www.dxnwellness.eu\/pl\/wp-json\/wp\/v2\/media\/5254"}],"wp:attachment":[{"href":"https:\/\/www.dxnwellness.eu\/pl\/wp-json\/wp\/v2\/media?parent=5121"}],"wp:term":[{"taxonomy":"product_brand","embeddable":true,"href":"https:\/\/www.dxnwellness.eu\/pl\/wp-json\/wp\/v2\/product_brand?post=5121"},{"taxonomy":"product_cat","embeddable":true,"href":"https:\/\/www.dxnwellness.eu\/pl\/wp-json\/wp\/v2\/product_cat?post=5121"},{"taxonomy":"product_tag","embeddable":true,"href":"https:\/\/www.dxnwellness.eu\/pl\/wp-json\/wp\/v2\/product_tag?post=5121"}],"curies":[{"name":"wp","href":"https:\/\/api.w.org\/{rel}","templated":true}]}}