{"id":5117,"date":"2025-05-19T04:32:15","date_gmt":"2025-05-19T04:32:15","guid":{"rendered":"https:\/\/www.dxnwellness.eu\/pl\/product\/dxn-poria-s\/"},"modified":"2025-10-21T08:46:57","modified_gmt":"2025-10-21T08:46:57","slug":"dxn-poria-s","status":"publish","type":"product","link":"https:\/\/www.dxnwellness.eu\/pl\/product\/dxn-poria-s\/","title":{"rendered":"DXN Poria S"},"content":{"rendered":"<p data-start=\"167\" data-end=\"441\">DXN Poria S &#8211; suplement diety z grzybni grzyba Hoelen<\/p>\n<p data-start=\"167\" data-end=\"441\">Poznaj DXN Poria S, suplement diety wytwarzany z grzybni grzyba Hoelen (Wolfiporia extensa, syn. Poria cocos). Produkt zawiera naturalne sk\u0142adniki, w tym cenne minera\u0142y, takie jak potas, wap\u0144 i magnez, oraz polisacharydy &#8211; z\u0142o\u017cone w\u0119glowodany obecne w grzybach, kt\u00f3re s\u0105 cenione w tradycyjnych systemach zielarskich.<\/p>\n<p data-start=\"580\" data-end=\"701\">Poria cocos by\u0142a wykorzystywana w dawnych praktykach jako sk\u0142adnik wspieraj\u0105cy codzienn\u0105 diet\u0119 i zr\u00f3wnowa\u017cony styl \u017cycia.<\/p>\n<p data-start=\"566\" data-end=\"642\">Produkt mo\u017ce stanowi\u0107 naturalne uzupe\u0142nienie codziennej diety i stylu \u017cycia.<\/p>\n","protected":false},"excerpt":{"rendered":"<p>DXN Poria S &#8211; suplement diety z grzybni grzyba Hoelen Poznaj DXN Poria S, suplement diety wytwarzany z grzybni grzyba Hoelen (Wolfiporia extensa, syn. Poria cocos). Produkt zawiera naturalne sk\u0142adniki, w tym cenne minera\u0142y, takie jak potas, wap\u0144 i magnez, oraz polisacharydy &#8211; z\u0142o\u017cone w\u0119glowodany obecne w grzybach, kt\u00f3re s\u0105 cenione w tradycyjnych systemach zielarskich. [&hellip;]<\/p>\n","protected":false},"featured_media":5252,"comment_status":"open","ping_status":"closed","template":"","meta":{"_acf_changed":false},"product_brand":[],"product_cat":[342],"product_tag":[],"class_list":{"0":"post-5117","1":"product","2":"type-product","3":"status-publish","4":"has-post-thumbnail","6":"product_cat-suplementy-diety-cat","7":"pa_package-30-g","9":"first","10":"instock","11":"purchasable","12":"product-type-simple"},"acf":[],"_links":{"self":[{"href":"https:\/\/www.dxnwellness.eu\/pl\/wp-json\/wp\/v2\/product\/5117","targetHints":{"allow":["GET"]}}],"collection":[{"href":"https:\/\/www.dxnwellness.eu\/pl\/wp-json\/wp\/v2\/product"}],"about":[{"href":"https:\/\/www.dxnwellness.eu\/pl\/wp-json\/wp\/v2\/types\/product"}],"replies":[{"embeddable":true,"href":"https:\/\/www.dxnwellness.eu\/pl\/wp-json\/wp\/v2\/comments?post=5117"}],"wp:featuredmedia":[{"embeddable":true,"href":"https:\/\/www.dxnwellness.eu\/pl\/wp-json\/wp\/v2\/media\/5252"}],"wp:attachment":[{"href":"https:\/\/www.dxnwellness.eu\/pl\/wp-json\/wp\/v2\/media?parent=5117"}],"wp:term":[{"taxonomy":"product_brand","embeddable":true,"href":"https:\/\/www.dxnwellness.eu\/pl\/wp-json\/wp\/v2\/product_brand?post=5117"},{"taxonomy":"product_cat","embeddable":true,"href":"https:\/\/www.dxnwellness.eu\/pl\/wp-json\/wp\/v2\/product_cat?post=5117"},{"taxonomy":"product_tag","embeddable":true,"href":"https:\/\/www.dxnwellness.eu\/pl\/wp-json\/wp\/v2\/product_tag?post=5117"}],"curies":[{"name":"wp","href":"https:\/\/api.w.org\/{rel}","templated":true}]}}