{"id":5113,"date":"2025-05-19T04:32:15","date_gmt":"2025-05-19T04:32:15","guid":{"rendered":"https:\/\/www.dxnwellness.eu\/pl\/product\/dxn-spirulina\/"},"modified":"2025-10-21T08:43:04","modified_gmt":"2025-10-21T08:43:04","slug":"dxn-spirulina","status":"publish","type":"product","link":"https:\/\/www.dxnwellness.eu\/pl\/product\/dxn-spirulina\/","title":{"rendered":"DXN Spirulina"},"content":{"rendered":"<p data-start=\"227\" data-end=\"481\">DXN Spirulina platensis &#8211; naturalne wsparcie diety<\/p>\n<p data-start=\"227\" data-end=\"481\">Poznaj DXN Spirulina platensis &#8211; niebieskozielon\u0105 alg\u0119, bogate naturalne \u017ar\u00f3d\u0142o bia\u0142ka i sk\u0142adnik\u00f3w od\u017cywczych. Produkt nie zawiera chemikali\u00f3w, barwnik\u00f3w, konserwant\u00f3w ani sztucznych dodatk\u00f3w, co czyni go czystym i naturalnym elementem codziennej diety.<\/p>\n<p data-start=\"462\" data-end=\"827\">Spirulina zawiera wysokiej jako\u015bci bia\u0142ko z pe\u0142nym zestawem niezb\u0119dnych aminokwas\u00f3w oraz witaminy z grupy B, witamin\u0119 E, prowitamin\u0119 A (beta-karoten), a tak\u017ce minera\u0142y, takie jak \u017celazo, magnez, potas i wap\u0144. Dodatkowo jest \u017ar\u00f3d\u0142em nienasyconych kwas\u00f3w t\u0142uszczowych, w tym kwasu gamma-linolenowego (GLA), oraz przeciwutleniaczy, takich jak fikocyjanina i chlorofil.<\/p>\n<p data-start=\"829\" data-end=\"957\">Ten naturalny sk\u0142adnik diety by\u0142 ceniony w r\u00f3\u017cnych tradycyjnych systemach \u017cywieniowych jako wsparcie zr\u00f3wnowa\u017conego stylu \u017cycia.<\/p>\n<p data-start=\"959\" data-end=\"1096\">Produkt mo\u017ce stanowi\u0107 naturalne uzupe\u0142nienie codziennej diety i stylu \u017cycia, szczeg\u00f3lnie podczas stosowania diety i aktywno\u015bci fizycznej.<\/p>\n","protected":false},"excerpt":{"rendered":"<p>DXN Spirulina platensis &#8211; naturalne wsparcie diety Poznaj DXN Spirulina platensis &#8211; niebieskozielon\u0105 alg\u0119, bogate naturalne \u017ar\u00f3d\u0142o bia\u0142ka i sk\u0142adnik\u00f3w od\u017cywczych. Produkt nie zawiera chemikali\u00f3w, barwnik\u00f3w, konserwant\u00f3w ani sztucznych dodatk\u00f3w, co czyni go czystym i naturalnym elementem codziennej diety. Spirulina zawiera wysokiej jako\u015bci bia\u0142ko z pe\u0142nym zestawem niezb\u0119dnych aminokwas\u00f3w oraz witaminy z grupy B, witamin\u0119 [&hellip;]<\/p>\n","protected":false},"featured_media":5249,"comment_status":"open","ping_status":"closed","template":"","meta":{"_acf_changed":false},"product_brand":[],"product_cat":[342],"product_tag":[],"class_list":{"0":"post-5113","1":"product","2":"type-product","3":"status-publish","4":"has-post-thumbnail","6":"product_cat-suplementy-diety-cat","7":"pa_package-120-tabletek","8":"pa_package-50-g","9":"pa_package-500-tabletek","11":"first","12":"instock","13":"purchasable","14":"product-type-variable"},"acf":[],"_links":{"self":[{"href":"https:\/\/www.dxnwellness.eu\/pl\/wp-json\/wp\/v2\/product\/5113","targetHints":{"allow":["GET"]}}],"collection":[{"href":"https:\/\/www.dxnwellness.eu\/pl\/wp-json\/wp\/v2\/product"}],"about":[{"href":"https:\/\/www.dxnwellness.eu\/pl\/wp-json\/wp\/v2\/types\/product"}],"replies":[{"embeddable":true,"href":"https:\/\/www.dxnwellness.eu\/pl\/wp-json\/wp\/v2\/comments?post=5113"}],"wp:featuredmedia":[{"embeddable":true,"href":"https:\/\/www.dxnwellness.eu\/pl\/wp-json\/wp\/v2\/media\/5249"}],"wp:attachment":[{"href":"https:\/\/www.dxnwellness.eu\/pl\/wp-json\/wp\/v2\/media?parent=5113"}],"wp:term":[{"taxonomy":"product_brand","embeddable":true,"href":"https:\/\/www.dxnwellness.eu\/pl\/wp-json\/wp\/v2\/product_brand?post=5113"},{"taxonomy":"product_cat","embeddable":true,"href":"https:\/\/www.dxnwellness.eu\/pl\/wp-json\/wp\/v2\/product_cat?post=5113"},{"taxonomy":"product_tag","embeddable":true,"href":"https:\/\/www.dxnwellness.eu\/pl\/wp-json\/wp\/v2\/product_tag?post=5113"}],"curies":[{"name":"wp","href":"https:\/\/api.w.org\/{rel}","templated":true}]}}