{"id":5110,"date":"2025-05-19T04:32:15","date_gmt":"2025-05-19T04:32:15","guid":{"rendered":"https:\/\/www.dxnwellness.eu\/pl\/product\/dxn-cordyceps\/"},"modified":"2025-10-21T08:41:09","modified_gmt":"2025-10-21T08:41:09","slug":"dxn-cordyceps","status":"publish","type":"product","link":"https:\/\/www.dxnwellness.eu\/pl\/product\/dxn-cordyceps\/","title":{"rendered":"DXN Cordyceps"},"content":{"rendered":"<p data-start=\"270\" data-end=\"335\">DXN Cordyceps \u2013 suplement diety z grzyba Cordyceps sinensis<\/p>\n<p data-start=\"210\" data-end=\"490\">DXN Cordyceps to suplement diety zawieraj\u0105cy ekstrakt z grzyba Cordyceps sinensis, znanego i cenionego od wiek\u00f3w w tradycyjnej medycynie chi\u0144skiej oraz tybeta\u0144skiej. Cordyceps, nazywany cz\u0119sto \u201ecudem Himalaj\u00f3w\u201d, uwa\u017cany jest za cenny dar natury, symbolizuj\u0105cy si\u0142\u0119 i wytrzyma\u0142o\u015b\u0107.<\/p>\n<p data-start=\"492\" data-end=\"699\">Ten unikalny grzyb, rozwijaj\u0105cy si\u0119 naturalnie w rejonach wysokog\u00f3rskich Azji, by\u0142 tradycyjnie wykorzystywany przez lokalne spo\u0142eczno\u015bci jako sk\u0142adnik diety wspieraj\u0105cy witalno\u015b\u0107 i codzienne funkcjonowanie.<\/p>\n<p data-start=\"701\" data-end=\"771\">Produkt stanowi naturalne uzupe\u0142nienie codziennej diety i stylu \u017cycia.<\/p>\n","protected":false},"excerpt":{"rendered":"<p>DXN Cordyceps \u2013 suplement diety z grzyba Cordyceps sinensis DXN Cordyceps to suplement diety zawieraj\u0105cy ekstrakt z grzyba Cordyceps sinensis, znanego i cenionego od wiek\u00f3w w tradycyjnej medycynie chi\u0144skiej oraz tybeta\u0144skiej. Cordyceps, nazywany cz\u0119sto \u201ecudem Himalaj\u00f3w\u201d, uwa\u017cany jest za cenny dar natury, symbolizuj\u0105cy si\u0142\u0119 i wytrzyma\u0142o\u015b\u0107. Ten unikalny grzyb, rozwijaj\u0105cy si\u0119 naturalnie w rejonach wysokog\u00f3rskich [&hellip;]<\/p>\n","protected":false},"featured_media":5247,"comment_status":"open","ping_status":"closed","template":"","meta":{"_acf_changed":false},"product_brand":[],"product_cat":[342],"product_tag":[],"class_list":{"0":"post-5110","1":"product","2":"type-product","3":"status-publish","4":"has-post-thumbnail","6":"product_cat-suplementy-diety-cat","7":"pa_package-30-g","8":"pa_package-60-tabletek","10":"first","11":"instock","12":"purchasable","13":"product-type-variable"},"acf":[],"_links":{"self":[{"href":"https:\/\/www.dxnwellness.eu\/pl\/wp-json\/wp\/v2\/product\/5110","targetHints":{"allow":["GET"]}}],"collection":[{"href":"https:\/\/www.dxnwellness.eu\/pl\/wp-json\/wp\/v2\/product"}],"about":[{"href":"https:\/\/www.dxnwellness.eu\/pl\/wp-json\/wp\/v2\/types\/product"}],"replies":[{"embeddable":true,"href":"https:\/\/www.dxnwellness.eu\/pl\/wp-json\/wp\/v2\/comments?post=5110"}],"wp:featuredmedia":[{"embeddable":true,"href":"https:\/\/www.dxnwellness.eu\/pl\/wp-json\/wp\/v2\/media\/5247"}],"wp:attachment":[{"href":"https:\/\/www.dxnwellness.eu\/pl\/wp-json\/wp\/v2\/media?parent=5110"}],"wp:term":[{"taxonomy":"product_brand","embeddable":true,"href":"https:\/\/www.dxnwellness.eu\/pl\/wp-json\/wp\/v2\/product_brand?post=5110"},{"taxonomy":"product_cat","embeddable":true,"href":"https:\/\/www.dxnwellness.eu\/pl\/wp-json\/wp\/v2\/product_cat?post=5110"},{"taxonomy":"product_tag","embeddable":true,"href":"https:\/\/www.dxnwellness.eu\/pl\/wp-json\/wp\/v2\/product_tag?post=5110"}],"curies":[{"name":"wp","href":"https:\/\/api.w.org\/{rel}","templated":true}]}}