{"id":5107,"date":"2025-05-19T04:32:15","date_gmt":"2025-05-19T04:32:15","guid":{"rendered":"https:\/\/www.dxnwellness.eu\/pl\/product\/dxn-reishi-mushroom-powder\/"},"modified":"2025-10-21T08:37:37","modified_gmt":"2025-10-21T08:37:37","slug":"dxn-reishi-mushroom-powder","status":"publish","type":"product","link":"https:\/\/www.dxnwellness.eu\/pl\/product\/dxn-reishi-mushroom-powder\/","title":{"rendered":"DXN Reishi Mushroom Powder"},"content":{"rendered":"<p data-start=\"144\" data-end=\"243\">DXN Reishi Mushroom Powder \u2013 suplement diety z mieszank\u0105 proszk\u00f3w Ganoderma lucidum (RG i GL)<\/p>\n<p data-start=\"250\" data-end=\"501\">Odkryj pe\u0142ny potencja\u0142 Ganoderma lucidum dzi\u0119ki DXN Reishi Mushroom Powder. To suplement diety, kt\u00f3ry \u0142\u0105czy proszki z dw\u00f3ch odmian grzyba Ganoderma lucidum (RG i GL). Produkt zawiera naturalne sk\u0142adniki od\u017cywcze pochodz\u0105ce z grzyb\u00f3w, kt\u00f3re od wiek\u00f3w s\u0105 cenione w tradycyjnych systemach zielarskich.<\/p>\n<p data-start=\"508\" data-end=\"578\">Suplement mo\u017ce stanowi\u0107 uzupe\u0142nienie codziennej diety i stylu \u017cycia.<\/p>\n","protected":false},"excerpt":{"rendered":"<p>DXN Reishi Mushroom Powder \u2013 suplement diety z mieszank\u0105 proszk\u00f3w Ganoderma lucidum (RG i GL) Odkryj pe\u0142ny potencja\u0142 Ganoderma lucidum dzi\u0119ki DXN Reishi Mushroom Powder. To suplement diety, kt\u00f3ry \u0142\u0105czy proszki z dw\u00f3ch odmian grzyba Ganoderma lucidum (RG i GL). Produkt zawiera naturalne sk\u0142adniki od\u017cywcze pochodz\u0105ce z grzyb\u00f3w, kt\u00f3re od wiek\u00f3w s\u0105 cenione w tradycyjnych [&hellip;]<\/p>\n","protected":false},"featured_media":5245,"comment_status":"open","ping_status":"closed","template":"","meta":{"_acf_changed":false},"product_brand":[],"product_cat":[342],"product_tag":[],"class_list":{"0":"post-5107","1":"product","2":"type-product","3":"status-publish","4":"has-post-thumbnail","6":"product_cat-suplementy-diety-cat","7":"pa_package-22-g","8":"pa_package-70-g","10":"first","11":"instock","12":"purchasable","13":"product-type-variable"},"acf":[],"_links":{"self":[{"href":"https:\/\/www.dxnwellness.eu\/pl\/wp-json\/wp\/v2\/product\/5107","targetHints":{"allow":["GET"]}}],"collection":[{"href":"https:\/\/www.dxnwellness.eu\/pl\/wp-json\/wp\/v2\/product"}],"about":[{"href":"https:\/\/www.dxnwellness.eu\/pl\/wp-json\/wp\/v2\/types\/product"}],"replies":[{"embeddable":true,"href":"https:\/\/www.dxnwellness.eu\/pl\/wp-json\/wp\/v2\/comments?post=5107"}],"wp:featuredmedia":[{"embeddable":true,"href":"https:\/\/www.dxnwellness.eu\/pl\/wp-json\/wp\/v2\/media\/5245"}],"wp:attachment":[{"href":"https:\/\/www.dxnwellness.eu\/pl\/wp-json\/wp\/v2\/media?parent=5107"}],"wp:term":[{"taxonomy":"product_brand","embeddable":true,"href":"https:\/\/www.dxnwellness.eu\/pl\/wp-json\/wp\/v2\/product_brand?post=5107"},{"taxonomy":"product_cat","embeddable":true,"href":"https:\/\/www.dxnwellness.eu\/pl\/wp-json\/wp\/v2\/product_cat?post=5107"},{"taxonomy":"product_tag","embeddable":true,"href":"https:\/\/www.dxnwellness.eu\/pl\/wp-json\/wp\/v2\/product_tag?post=5107"}],"curies":[{"name":"wp","href":"https:\/\/api.w.org\/{rel}","templated":true}]}}