{"id":5102,"date":"2025-05-19T04:32:15","date_gmt":"2025-05-19T04:32:15","guid":{"rendered":"https:\/\/www.dxnwellness.eu\/pl\/product\/dxn-ganocelium-gl\/"},"modified":"2025-10-21T08:35:43","modified_gmt":"2025-10-21T08:35:43","slug":"dxn-ganocelium-gl","status":"publish","type":"product","link":"https:\/\/www.dxnwellness.eu\/pl\/product\/dxn-ganocelium-gl\/","title":{"rendered":"DXN Ganocelium (GL)"},"content":{"rendered":"<p data-start=\"200\" data-end=\"286\">DXN Ganocelium \u2013 suplement diety z grzybni 14-dniowych grzyb\u00f3w Ganoderma lucidum<\/p>\n<p data-start=\"293\" data-end=\"440\">DXN Ganocelium to suplement diety wytwarzany z grzybni 14-dniowych grzyb\u00f3w Ganoderma lucidum, ro\u015bliny cenionej w tradycyjnej medycynie chi\u0144skiej.<\/p>\n<p data-start=\"447\" data-end=\"560\">Produkt zawiera naturalne sk\u0142adniki, takie jak polisacharydy i kwasy t\u0142uszczowe, b\u0119d\u0105ce cz\u0119\u015bci\u0105 sk\u0142adu grzybni.<\/p>\n<p data-start=\"567\" data-end=\"641\">Suplement stanowi naturalne uzupe\u0142nienie codziennej diety i stylu \u017cycia.<\/p>\n","protected":false},"excerpt":{"rendered":"<p>DXN Ganocelium \u2013 suplement diety z grzybni 14-dniowych grzyb\u00f3w Ganoderma lucidum DXN Ganocelium to suplement diety wytwarzany z grzybni 14-dniowych grzyb\u00f3w Ganoderma lucidum, ro\u015bliny cenionej w tradycyjnej medycynie chi\u0144skiej. Produkt zawiera naturalne sk\u0142adniki, takie jak polisacharydy i kwasy t\u0142uszczowe, b\u0119d\u0105ce cz\u0119\u015bci\u0105 sk\u0142adu grzybni. Suplement stanowi naturalne uzupe\u0142nienie codziennej diety i stylu \u017cycia.<\/p>\n","protected":false},"featured_media":5241,"comment_status":"open","ping_status":"closed","template":"","meta":{"_acf_changed":false},"product_brand":[],"product_cat":[342],"product_tag":[],"class_list":{"0":"post-5102","1":"product","2":"type-product","3":"status-publish","4":"has-post-thumbnail","6":"product_cat-suplementy-diety-cat","7":"pa_package-30-g","8":"pa_package-30-kapsulek","9":"pa_package-360-kapsulek","10":"pa_package-90-kapsulek","12":"first","13":"instock","14":"purchasable","15":"product-type-variable"},"acf":[],"_links":{"self":[{"href":"https:\/\/www.dxnwellness.eu\/pl\/wp-json\/wp\/v2\/product\/5102","targetHints":{"allow":["GET"]}}],"collection":[{"href":"https:\/\/www.dxnwellness.eu\/pl\/wp-json\/wp\/v2\/product"}],"about":[{"href":"https:\/\/www.dxnwellness.eu\/pl\/wp-json\/wp\/v2\/types\/product"}],"replies":[{"embeddable":true,"href":"https:\/\/www.dxnwellness.eu\/pl\/wp-json\/wp\/v2\/comments?post=5102"}],"wp:featuredmedia":[{"embeddable":true,"href":"https:\/\/www.dxnwellness.eu\/pl\/wp-json\/wp\/v2\/media\/5241"}],"wp:attachment":[{"href":"https:\/\/www.dxnwellness.eu\/pl\/wp-json\/wp\/v2\/media?parent=5102"}],"wp:term":[{"taxonomy":"product_brand","embeddable":true,"href":"https:\/\/www.dxnwellness.eu\/pl\/wp-json\/wp\/v2\/product_brand?post=5102"},{"taxonomy":"product_cat","embeddable":true,"href":"https:\/\/www.dxnwellness.eu\/pl\/wp-json\/wp\/v2\/product_cat?post=5102"},{"taxonomy":"product_tag","embeddable":true,"href":"https:\/\/www.dxnwellness.eu\/pl\/wp-json\/wp\/v2\/product_tag?post=5102"}],"curies":[{"name":"wp","href":"https:\/\/api.w.org\/{rel}","templated":true}]}}