{"id":5096,"date":"2025-05-19T04:32:15","date_gmt":"2025-05-19T04:32:15","guid":{"rendered":"https:\/\/www.dxnwellness.eu\/pl\/product\/dxn-himalayan-salt\/"},"modified":"2025-10-20T09:32:40","modified_gmt":"2025-10-20T09:32:40","slug":"dxn-himalayan-salt","status":"publish","type":"product","link":"https:\/\/www.dxnwellness.eu\/pl\/product\/dxn-himalayan-salt\/","title":{"rendered":"DXN Himalayan Salt"},"content":{"rendered":"<p>S\u00f3l himalajska DXN to wysokiej jako\u015bci, nierafinowana s\u00f3l zbierana z dziewiczych g\u00f3r Himalaj\u00f3w. Znana ze swojej czysto\u015bci i bogatej zawarto\u015bci minera\u0142\u00f3w, ta naturalna s\u00f3l jest starannie wydobywana, jodowana i mielona na ma\u0142e kryszta\u0142y, aby zachowa\u0107 jej wyj\u0105tkow\u0105 jako\u015b\u0107. Jej unikalny r\u00f3\u017cowy kolor pochodzi z zawartych w niej minera\u0142\u00f3w, oferuj\u0105c charakterystyczny akcent w gotowaniu. Naturalnie r\u00f3\u017cowa, naturalnie bogata w minera\u0142y, naturalnie smaczna!<\/p>\n<p>Bogactwo minera\u0142\u00f3w: Zawiera \u017celazo, magnez, wap\u0144 i inne niezb\u0119dne pierwiastki, kt\u00f3re wspieraj\u0105 dobre samopoczucie i r\u00f3wnowag\u0119 organizmu.<br \/>\nNaturalna czysto\u015b\u0107: Zbierana bezpo\u015brednio w g\u00f3rach Himalaj\u00f3w i nierafinowana, co zapewnia, \u017ce \u200b\u200bs\u00f3l zachowuje swoj\u0105 naturaln\u0105 dobro\u0107.<br \/>\nWyj\u0105tkowy r\u00f3\u017cowy kolor: Unikalny odcie\u0144 soli podkre\u015bla jej mineralne bogactwo i dodaje estetycznego akcentu Twoim potrawom.<br \/>\nWszechstronne zastosowanie: Idealna do codziennego gotowania, pieczenia i wyka\u0144czania da\u0144 \u2013 podkre\u015bli smak ka\u017cdej potrawy.<\/p>\n","protected":false},"excerpt":{"rendered":"<p>S\u00f3l himalajska DXN to wysokiej jako\u015bci, nierafinowana s\u00f3l zbierana z dziewiczych g\u00f3r Himalaj\u00f3w. Znana ze swojej czysto\u015bci i bogatej zawarto\u015bci minera\u0142\u00f3w, ta naturalna s\u00f3l jest starannie wydobywana, jodowana i mielona na ma\u0142e kryszta\u0142y, aby zachowa\u0107 jej wyj\u0105tkow\u0105 jako\u015b\u0107. Jej unikalny r\u00f3\u017cowy kolor pochodzi z zawartych w niej minera\u0142\u00f3w, oferuj\u0105c charakterystyczny akcent w gotowaniu. Naturalnie r\u00f3\u017cowa, [&hellip;]<\/p>\n","protected":false},"featured_media":5240,"comment_status":"open","ping_status":"closed","template":"","meta":{"_acf_changed":false},"product_brand":[],"product_cat":[330],"product_tag":[],"class_list":{"0":"post-5096","1":"product","2":"type-product","3":"status-publish","4":"has-post-thumbnail","6":"product_cat-produkty-spozywcze-cat","7":"pa_package-650-g","9":"first","10":"instock","11":"purchasable","12":"product-type-simple"},"acf":[],"_links":{"self":[{"href":"https:\/\/www.dxnwellness.eu\/pl\/wp-json\/wp\/v2\/product\/5096","targetHints":{"allow":["GET"]}}],"collection":[{"href":"https:\/\/www.dxnwellness.eu\/pl\/wp-json\/wp\/v2\/product"}],"about":[{"href":"https:\/\/www.dxnwellness.eu\/pl\/wp-json\/wp\/v2\/types\/product"}],"replies":[{"embeddable":true,"href":"https:\/\/www.dxnwellness.eu\/pl\/wp-json\/wp\/v2\/comments?post=5096"}],"wp:featuredmedia":[{"embeddable":true,"href":"https:\/\/www.dxnwellness.eu\/pl\/wp-json\/wp\/v2\/media\/5240"}],"wp:attachment":[{"href":"https:\/\/www.dxnwellness.eu\/pl\/wp-json\/wp\/v2\/media?parent=5096"}],"wp:term":[{"taxonomy":"product_brand","embeddable":true,"href":"https:\/\/www.dxnwellness.eu\/pl\/wp-json\/wp\/v2\/product_brand?post=5096"},{"taxonomy":"product_cat","embeddable":true,"href":"https:\/\/www.dxnwellness.eu\/pl\/wp-json\/wp\/v2\/product_cat?post=5096"},{"taxonomy":"product_tag","embeddable":true,"href":"https:\/\/www.dxnwellness.eu\/pl\/wp-json\/wp\/v2\/product_tag?post=5096"}],"curies":[{"name":"wp","href":"https:\/\/api.w.org\/{rel}","templated":true}]}}