{"id":5094,"date":"2025-05-19T04:32:15","date_gmt":"2025-05-19T04:32:15","guid":{"rendered":"https:\/\/www.dxnwellness.eu\/pl\/product\/dxn-sugar\/"},"modified":"2025-05-27T11:59:32","modified_gmt":"2025-05-27T11:59:32","slug":"dxn-sugar","status":"publish","type":"product","link":"https:\/\/www.dxnwellness.eu\/pl\/product\/dxn-sugar\/","title":{"rendered":"DXN Sugar"},"content":{"rendered":"<p>DXN Sugar to najwy\u017cszej jako\u015bci cukier pochodz\u0105cy ze starannie wyselekcjonowanych plantacji trzciny cukrowej. Znany ze swojej czysto\u015bci i naturalnej s\u0142odyczy, jest idealnym dodatkiem do napoj\u00f3w, wypiek\u00f3w i nie tylko. Dzi\u0119ki DXN Sugar mo\u017cesz cieszy\u0107 si\u0119 bogatym, autentycznym smakiem cukru bez uszczerbku dla jako\u015bci. Czysty i naturalny wyb\u00f3r, aby doda\u0107 s\u0142odyczy do swojego \u017cycia!<\/p>\n<p>Pochodzi z trzciny cukrowej klasy premium: starannie wyselekcjonowana pod k\u0105tem jako\u015bci, zapewniaj\u0105ca, \u017ce \u200b\u200bka\u017cda granulka oferuje najlepszy smak i s\u0142odycz.<br \/>\nCzysty i naturalny: bez sztucznych dodatk\u00f3w, zapewniaj\u0105cy czyst\u0105 i zdrow\u0105 s\u0142odycz Twoim ulubionym potrawom i napojom.<br \/>\nUniwersalny i wygodny: idealny do s\u0142odzenia gor\u0105cych i zimnych napoj\u00f3w, deser\u00f3w i wypiek\u00f3w.<\/p>\n","protected":false},"excerpt":{"rendered":"<p>DXN Sugar to najwy\u017cszej jako\u015bci cukier pochodz\u0105cy ze starannie wyselekcjonowanych plantacji trzciny cukrowej. Znany ze swojej czysto\u015bci i naturalnej s\u0142odyczy, jest idealnym dodatkiem do napoj\u00f3w, wypiek\u00f3w i nie tylko. Dzi\u0119ki DXN Sugar mo\u017cesz cieszy\u0107 si\u0119 bogatym, autentycznym smakiem cukru bez uszczerbku dla jako\u015bci. Czysty i naturalny wyb\u00f3r, aby doda\u0107 s\u0142odyczy do swojego \u017cycia! Pochodzi z [&hellip;]<\/p>\n","protected":false},"featured_media":5239,"comment_status":"open","ping_status":"closed","template":"","meta":{"_acf_changed":false},"product_brand":[],"product_cat":[330],"product_tag":[],"class_list":{"0":"post-5094","1":"product","2":"type-product","3":"status-publish","4":"has-post-thumbnail","6":"product_cat-produkty-spozywcze-cat","7":"pa_package-30-x-5-g","9":"first","10":"instock","11":"purchasable","12":"product-type-simple"},"acf":[],"_links":{"self":[{"href":"https:\/\/www.dxnwellness.eu\/pl\/wp-json\/wp\/v2\/product\/5094","targetHints":{"allow":["GET"]}}],"collection":[{"href":"https:\/\/www.dxnwellness.eu\/pl\/wp-json\/wp\/v2\/product"}],"about":[{"href":"https:\/\/www.dxnwellness.eu\/pl\/wp-json\/wp\/v2\/types\/product"}],"replies":[{"embeddable":true,"href":"https:\/\/www.dxnwellness.eu\/pl\/wp-json\/wp\/v2\/comments?post=5094"}],"wp:featuredmedia":[{"embeddable":true,"href":"https:\/\/www.dxnwellness.eu\/pl\/wp-json\/wp\/v2\/media\/5239"}],"wp:attachment":[{"href":"https:\/\/www.dxnwellness.eu\/pl\/wp-json\/wp\/v2\/media?parent=5094"}],"wp:term":[{"taxonomy":"product_brand","embeddable":true,"href":"https:\/\/www.dxnwellness.eu\/pl\/wp-json\/wp\/v2\/product_brand?post=5094"},{"taxonomy":"product_cat","embeddable":true,"href":"https:\/\/www.dxnwellness.eu\/pl\/wp-json\/wp\/v2\/product_cat?post=5094"},{"taxonomy":"product_tag","embeddable":true,"href":"https:\/\/www.dxnwellness.eu\/pl\/wp-json\/wp\/v2\/product_tag?post=5094"}],"curies":[{"name":"wp","href":"https:\/\/api.w.org\/{rel}","templated":true}]}}